{"id":9390,"date":"2025-12-19T20:28:44","date_gmt":"2025-12-19T20:28:44","guid":{"rendered":"https:\/\/s-ce.hr\/?page_id=9390"},"modified":"2026-01-04T17:09:02","modified_gmt":"2026-01-04T17:09:02","slug":"zicara-zagreb","status":"publish","type":"page","link":"https:\/\/s-ce.hr\/en\/projekti\/zicara-zagreb\/","title":{"rendered":"\u017dI\u010cARA SLJEME"},"content":{"rendered":"<div data-elementor-type=\"wp-page\" data-elementor-id=\"9390\" class=\"elementor elementor-9390\" data-elementor-post-type=\"page\">\n\t\t\t\t<div class=\"elementor-element elementor-element-3d4e1987 fade-section e-flex e-con-boxed e-con e-parent\" data-id=\"3d4e1987\" data-element_type=\"container\" data-settings=\"{&quot;background_background&quot;:&quot;classic&quot;}\">\n\t\t\t\t\t<div class=\"e-con-inner\">\n\t\t\t\t\t<\/div>\n\t\t\t\t<\/div>\n\t\t<div class=\"elementor-element elementor-element-b6299a5 e-con-full e-flex e-con e-parent\" data-id=\"b6299a5\" data-element_type=\"container\" data-settings=\"{&quot;background_background&quot;:&quot;classic&quot;}\">\n\t\t<div class=\"elementor-element elementor-element-42383f4b e-con-full card e-flex e-con e-child\" data-id=\"42383f4b\" data-element_type=\"container\" data-settings=\"{&quot;background_background&quot;:&quot;gradient&quot;}\">\n\t\t<div class=\"elementor-element elementor-element-3f0ddc52 e-con-full e-flex e-con e-child\" data-id=\"3f0ddc52\" data-element_type=\"container\">\n\t\t\t\t<div class=\"elementor-element elementor-element-11590bce elementor-widget elementor-widget-heading\" data-id=\"11590bce\" data-element_type=\"widget\" data-widget_type=\"heading.default\">\n\t\t\t\t\t<h2 class=\"elementor-heading-title elementor-size-default\">REPLACEMENT OF THE EXISTING 3-SEAT GONDOLA LIFT WITH A NEW 4-SEAT GONDOLA LIFT<\/h2>\t\t\t\t<\/div>\n\t\t\t\t<div class=\"elementor-element elementor-element-3da78f75 elementor-widget elementor-widget-heading\" data-id=\"3da78f75\" data-element_type=\"widget\" data-widget_type=\"heading.default\">\n\t\t\t\t\t<h2 class=\"elementor-heading-title elementor-size-default\">INVESTOR: City of Zagreb<\/h2>\t\t\t\t<\/div>\n\t\t\t\t<div class=\"elementor-element elementor-element-d3ee9d1 elementor-widget elementor-widget-heading\" data-id=\"d3ee9d1\" data-element_type=\"widget\" data-widget_type=\"heading.default\">\n\t\t\t\t\t<h2 class=\"elementor-heading-title elementor-size-default\">LOCATION:  Crveni spust Sljeme, Zagreb<\/h2>\t\t\t\t<\/div>\n\t\t\t\t<div class=\"elementor-element elementor-element-6315f218 elementor-widget elementor-widget-heading\" data-id=\"6315f218\" data-element_type=\"widget\" data-widget_type=\"heading.default\">\n\t\t\t\t\t<h2 class=\"elementor-heading-title elementor-size-default\">SERVICE: Construction supervision<\/h2>\t\t\t\t<\/div>\n\t\t\t\t<div class=\"elementor-element elementor-element-19455fc4 elementor-widget elementor-widget-text-editor\" data-id=\"19455fc4\" data-element_type=\"widget\" data-widget_type=\"text-editor.default\">\n\t\t\t\t\t\t\t\t\t<p>The planned intervention envisages the construction of a new detachable-grip four-seat gondola lift to replace the existing three-seat lift on the same route. The new gondola lift is designed as a modern transport system intended for safer, faster, and more comfortable passenger conveyance, with a capacity of at least 2,000 passengers per hour. The system consists of a lower return station and an upper drive station, with no intermediate stations, whereby the equipment and technological solutions ensure continuous operation, safe boarding and alighting, and system stability under demanding climatic conditions.<\/p><p>The existing three-seat gondola lift achieved a broadly comparable capacity, but was designed to older technical standards, with limitations in terms of speed, ergonomics, and energy efficiency. The new four-seat gondola lift covers the same section of less than one kilometre with a pronounced elevation difference and slope gradient characteristic of mountain transport, but introduces more advanced detachable-grip technology, faster cabin throughput, and a higher level of reliability.<\/p><p>The installation of new equipment raises the level of safety, comfort, and accessibility for end users, reduces operational costs, facilitates easier maintenance, and aligns the gondola lift system with current European technical standards for passenger ropeways. The project thus represents the modernisation of key mountain infrastructure and a prerequisite for enhancing the quality of tourism and sports offerings.<\/p>\t\t\t\t\t\t\t\t<\/div>\n\t\t\t\t<\/div>\n\t\t\t\t<\/div>\n\t\t\t\t<div class=\"elementor-element elementor-element-2ad852e6 elementor-widget elementor-widget-gallery\" data-id=\"2ad852e6\" data-element_type=\"widget\" data-settings=\"{&quot;columns&quot;:1,&quot;image_hover_animation&quot;:&quot;grow&quot;,&quot;aspect_ratio&quot;:&quot;1:1&quot;,&quot;gallery_layout&quot;:&quot;grid&quot;,&quot;columns_tablet&quot;:2,&quot;columns_mobile&quot;:1,&quot;gap&quot;:{&quot;unit&quot;:&quot;px&quot;,&quot;size&quot;:10,&quot;sizes&quot;:[]},&quot;gap_widescreen&quot;:{&quot;unit&quot;:&quot;px&quot;,&quot;size&quot;:&quot;&quot;,&quot;sizes&quot;:[]},&quot;gap_tablet&quot;:{&quot;unit&quot;:&quot;px&quot;,&quot;size&quot;:10,&quot;sizes&quot;:[]},&quot;gap_mobile&quot;:{&quot;unit&quot;:&quot;px&quot;,&quot;size&quot;:10,&quot;sizes&quot;:[]},&quot;link_to&quot;:&quot;file&quot;}\" data-widget_type=\"gallery.default\">\n\t\t\t\t\t\t\t<div class=\"elementor-gallery__container\">\n\t\t\t\t\t\t\t<a class=\"e-gallery-item elementor-gallery-item elementor-animated-content\" href=\"https:\/\/s-ce.hr\/wp-content\/uploads\/2025\/09\/image-9-2.jpg\" data-elementor-open-lightbox=\"yes\" data-elementor-lightbox-slideshow=\"2ad852e6\" data-e-action-hash=\"#elementor-action%3Aaction%3Dlightbox%26settings%3DeyJpZCI6ODA1LCJ1cmwiOiJodHRwczpcL1wvcy1jZS5oclwvd3AtY29udGVudFwvdXBsb2Fkc1wvMjAyNVwvMDlcL2ltYWdlLTktMi5qcGciLCJzbGlkZXNob3ciOiIyYWQ4NTJlNiJ9\">\n\t\t\t\t\t<div class=\"e-gallery-image elementor-gallery-item__image\" data-thumbnail=\"https:\/\/s-ce.hr\/wp-content\/uploads\/2025\/09\/image-9-2-1024x641.jpg\" data-width=\"800\" data-height=\"501\" aria-label=\"\" role=\"img\" ><\/div>\n\t\t\t\t\t\t\t\t\t\t\t\t\t\t<\/a>\n\t\t\t\t\t<\/div>\n\t\t\t\t\t<\/div>\n\t\t\t\t<\/div>\n\t\t\t\t<\/div>","protected":false},"excerpt":{"rendered":"<p>ZAMJENA VISE\u0106E 3-SJEDNE \u017dI\u010cARE, NOVOM VISE\u0106OM 4-SJEDNOM \u017dI\u010cAROM INVESTITOR: Grad Zagreb LOKACIJA: Crveni spust Sljeme, Zagreb USLUGA: stru\u010dni nadzor Planirani zahvat predvi\u0111a izgradnju nove vise\u0107e \u010detverosjedne \u017ei\u010dare s odvojivim stezaljkama koja zamjenjuje postoje\u0107i trosjed na istoj trasi. Nova \u017ei\u010dara projektira se kao suvremeni transportni sustav namijenjen sigurnijem, br\u017eem i udobnijem prijevozu korisnika, s kapacitetom od [&hellip;]<\/p>\n","protected":false},"author":1,"featured_media":0,"parent":6754,"menu_order":0,"comment_status":"closed","ping_status":"closed","template":"","meta":{"footnotes":""},"class_list":["post-9390","page","type-page","status-publish","hentry"],"yoast_head":"<!-- This site is optimized with the Yoast SEO plugin v27.0 - https:\/\/yoast.com\/product\/yoast-seo-wordpress\/ -->\n<title>\u017dI\u010cARA SLJEME - STRUCTURA<\/title>\n<meta name=\"robots\" content=\"index, follow, max-snippet:-1, max-image-preview:large, max-video-preview:-1\" \/>\n<link rel=\"canonical\" href=\"https:\/\/s-ce.hr\/en\/projekti\/zicara-zagreb\/\" \/>\n<meta property=\"og:locale\" content=\"en_GB\" \/>\n<meta property=\"og:type\" content=\"article\" \/>\n<meta property=\"og:title\" content=\"\u017dI\u010cARA SLJEME - STRUCTURA\" \/>\n<meta property=\"og:description\" content=\"ZAMJENA VISE\u0106E 3-SJEDNE \u017dI\u010cARE, NOVOM VISE\u0106OM 4-SJEDNOM \u017dI\u010cAROM INVESTITOR: Grad Zagreb LOKACIJA: Crveni spust Sljeme, Zagreb USLUGA: stru\u010dni nadzor Planirani zahvat predvi\u0111a izgradnju nove vise\u0107e \u010detverosjedne \u017ei\u010dare s odvojivim stezaljkama koja zamjenjuje postoje\u0107i trosjed na istoj trasi. Nova \u017ei\u010dara projektira se kao suvremeni transportni sustav namijenjen sigurnijem, br\u017eem i udobnijem prijevozu korisnika, s kapacitetom od [&hellip;]\" \/>\n<meta property=\"og:url\" content=\"https:\/\/s-ce.hr\/en\/projekti\/zicara-zagreb\/\" \/>\n<meta property=\"og:site_name\" content=\"STRUCTURA\" \/>\n<meta property=\"article:modified_time\" content=\"2026-01-04T17:09:02+00:00\" \/>\n<meta name=\"twitter:card\" content=\"summary_large_image\" \/>\n<meta name=\"twitter:label1\" content=\"Estimated reading time\" \/>\n\t<meta name=\"twitter:data1\" content=\"1 minute\" \/>\n<script type=\"application\/ld+json\" class=\"yoast-schema-graph\">{\"@context\":\"https:\/\/schema.org\",\"@graph\":[{\"@type\":\"WebPage\",\"@id\":\"https:\/\/s-ce.hr\/projekti\/zicara-zagreb\/\",\"url\":\"https:\/\/s-ce.hr\/projekti\/zicara-zagreb\/\",\"name\":\"\u017dI\u010cARA SLJEME - STRUCTURA\",\"isPartOf\":{\"@id\":\"https:\/\/s-ce.hr\/#website\"},\"datePublished\":\"2025-12-19T20:28:44+00:00\",\"dateModified\":\"2026-01-04T17:09:02+00:00\",\"breadcrumb\":{\"@id\":\"https:\/\/s-ce.hr\/projekti\/zicara-zagreb\/#breadcrumb\"},\"inLanguage\":\"en-GB\",\"potentialAction\":[{\"@type\":\"ReadAction\",\"target\":[\"https:\/\/s-ce.hr\/projekti\/zicara-zagreb\/\"]}]},{\"@type\":\"BreadcrumbList\",\"@id\":\"https:\/\/s-ce.hr\/projekti\/zicara-zagreb\/#breadcrumb\",\"itemListElement\":[{\"@type\":\"ListItem\",\"position\":1,\"name\":\"Home\",\"item\":\"https:\/\/s-ce.hr\/\"},{\"@type\":\"ListItem\",\"position\":2,\"name\":\"PROJEKTI\",\"item\":\"https:\/\/s-ce.hr\/projekti\/\"},{\"@type\":\"ListItem\",\"position\":3,\"name\":\"\u017dI\u010cARA SLJEME\"}]},{\"@type\":\"WebSite\",\"@id\":\"https:\/\/s-ce.hr\/#website\",\"url\":\"https:\/\/s-ce.hr\/\",\"name\":\"STRUCTURA Consulting&Engineering\",\"description\":\"Consulting &amp; Engineering\",\"publisher\":{\"@id\":\"https:\/\/s-ce.hr\/#organization\"},\"potentialAction\":[{\"@type\":\"SearchAction\",\"target\":{\"@type\":\"EntryPoint\",\"urlTemplate\":\"https:\/\/s-ce.hr\/?s={search_term_string}\"},\"query-input\":{\"@type\":\"PropertyValueSpecification\",\"valueRequired\":true,\"valueName\":\"search_term_string\"}}],\"inLanguage\":\"en-GB\"},{\"@type\":\"Organization\",\"@id\":\"https:\/\/s-ce.hr\/#organization\",\"name\":\"STRUCTURA Consulting&Engineering\",\"url\":\"https:\/\/s-ce.hr\/\",\"logo\":{\"@type\":\"ImageObject\",\"inLanguage\":\"en-GB\",\"@id\":\"https:\/\/s-ce.hr\/#\/schema\/logo\/image\/\",\"url\":\"https:\/\/s-ce.hr\/wp-content\/uploads\/2025\/09\/Structura-Logo-Box-RGB-01-e1757341507554.jpg\",\"contentUrl\":\"https:\/\/s-ce.hr\/wp-content\/uploads\/2025\/09\/Structura-Logo-Box-RGB-01-e1757341507554.jpg\",\"width\":492,\"height\":330,\"caption\":\"STRUCTURA Consulting&Engineering\"},\"image\":{\"@id\":\"https:\/\/s-ce.hr\/#\/schema\/logo\/image\/\"}}]}<\/script>\n<!-- \/ Yoast SEO plugin. -->","yoast_head_json":{"title":"\u017dI\u010cARA SLJEME - STRUCTURA","robots":{"index":"index","follow":"follow","max-snippet":"max-snippet:-1","max-image-preview":"max-image-preview:large","max-video-preview":"max-video-preview:-1"},"canonical":"https:\/\/s-ce.hr\/en\/projekti\/zicara-zagreb\/","og_locale":"en_GB","og_type":"article","og_title":"\u017dI\u010cARA SLJEME - STRUCTURA","og_description":"ZAMJENA VISE\u0106E 3-SJEDNE \u017dI\u010cARE, NOVOM VISE\u0106OM 4-SJEDNOM \u017dI\u010cAROM INVESTITOR: Grad Zagreb LOKACIJA: Crveni spust Sljeme, Zagreb USLUGA: stru\u010dni nadzor Planirani zahvat predvi\u0111a izgradnju nove vise\u0107e \u010detverosjedne \u017ei\u010dare s odvojivim stezaljkama koja zamjenjuje postoje\u0107i trosjed na istoj trasi. Nova \u017ei\u010dara projektira se kao suvremeni transportni sustav namijenjen sigurnijem, br\u017eem i udobnijem prijevozu korisnika, s kapacitetom od [&hellip;]","og_url":"https:\/\/s-ce.hr\/en\/projekti\/zicara-zagreb\/","og_site_name":"STRUCTURA","article_modified_time":"2026-01-04T17:09:02+00:00","twitter_card":"summary_large_image","twitter_misc":{"Estimated reading time":"1 minute"},"schema":{"@context":"https:\/\/schema.org","@graph":[{"@type":"WebPage","@id":"https:\/\/s-ce.hr\/projekti\/zicara-zagreb\/","url":"https:\/\/s-ce.hr\/projekti\/zicara-zagreb\/","name":"\u017dI\u010cARA SLJEME - STRUCTURA","isPartOf":{"@id":"https:\/\/s-ce.hr\/#website"},"datePublished":"2025-12-19T20:28:44+00:00","dateModified":"2026-01-04T17:09:02+00:00","breadcrumb":{"@id":"https:\/\/s-ce.hr\/projekti\/zicara-zagreb\/#breadcrumb"},"inLanguage":"en-GB","potentialAction":[{"@type":"ReadAction","target":["https:\/\/s-ce.hr\/projekti\/zicara-zagreb\/"]}]},{"@type":"BreadcrumbList","@id":"https:\/\/s-ce.hr\/projekti\/zicara-zagreb\/#breadcrumb","itemListElement":[{"@type":"ListItem","position":1,"name":"Home","item":"https:\/\/s-ce.hr\/"},{"@type":"ListItem","position":2,"name":"PROJEKTI","item":"https:\/\/s-ce.hr\/projekti\/"},{"@type":"ListItem","position":3,"name":"\u017dI\u010cARA SLJEME"}]},{"@type":"WebSite","@id":"https:\/\/s-ce.hr\/#website","url":"https:\/\/s-ce.hr\/","name":"STRUCTURA Consulting&Engineering","description":"Consulting &amp; Engineering","publisher":{"@id":"https:\/\/s-ce.hr\/#organization"},"potentialAction":[{"@type":"SearchAction","target":{"@type":"EntryPoint","urlTemplate":"https:\/\/s-ce.hr\/?s={search_term_string}"},"query-input":{"@type":"PropertyValueSpecification","valueRequired":true,"valueName":"search_term_string"}}],"inLanguage":"en-GB"},{"@type":"Organization","@id":"https:\/\/s-ce.hr\/#organization","name":"STRUCTURA Consulting&Engineering","url":"https:\/\/s-ce.hr\/","logo":{"@type":"ImageObject","inLanguage":"en-GB","@id":"https:\/\/s-ce.hr\/#\/schema\/logo\/image\/","url":"https:\/\/s-ce.hr\/wp-content\/uploads\/2025\/09\/Structura-Logo-Box-RGB-01-e1757341507554.jpg","contentUrl":"https:\/\/s-ce.hr\/wp-content\/uploads\/2025\/09\/Structura-Logo-Box-RGB-01-e1757341507554.jpg","width":492,"height":330,"caption":"STRUCTURA Consulting&Engineering"},"image":{"@id":"https:\/\/s-ce.hr\/#\/schema\/logo\/image\/"}}]}},"_links":{"self":[{"href":"https:\/\/s-ce.hr\/en\/wp-json\/wp\/v2\/pages\/9390","targetHints":{"allow":["GET"]}}],"collection":[{"href":"https:\/\/s-ce.hr\/en\/wp-json\/wp\/v2\/pages"}],"about":[{"href":"https:\/\/s-ce.hr\/en\/wp-json\/wp\/v2\/types\/page"}],"author":[{"embeddable":true,"href":"https:\/\/s-ce.hr\/en\/wp-json\/wp\/v2\/users\/1"}],"replies":[{"embeddable":true,"href":"https:\/\/s-ce.hr\/en\/wp-json\/wp\/v2\/comments?post=9390"}],"version-history":[{"count":43,"href":"https:\/\/s-ce.hr\/en\/wp-json\/wp\/v2\/pages\/9390\/revisions"}],"predecessor-version":[{"id":9786,"href":"https:\/\/s-ce.hr\/en\/wp-json\/wp\/v2\/pages\/9390\/revisions\/9786"}],"up":[{"embeddable":true,"href":"https:\/\/s-ce.hr\/en\/wp-json\/wp\/v2\/pages\/6754"}],"wp:attachment":[{"href":"https:\/\/s-ce.hr\/en\/wp-json\/wp\/v2\/media?parent=9390"}],"curies":[{"name":"wp","href":"https:\/\/api.w.org\/{rel}","templated":true}]}}