{"id":9243,"date":"2025-12-19T15:07:35","date_gmt":"2025-12-19T15:07:35","guid":{"rendered":"https:\/\/s-ce.hr\/?page_id=9243"},"modified":"2026-01-04T17:02:58","modified_gmt":"2026-01-04T17:02:58","slug":"hks","status":"publish","type":"page","link":"https:\/\/s-ce.hr\/en\/projekti\/hks\/","title":{"rendered":"HKS"},"content":{"rendered":"<div data-elementor-type=\"wp-page\" data-elementor-id=\"9243\" class=\"elementor elementor-9243\" data-elementor-post-type=\"page\">\n\t\t\t\t<div class=\"elementor-element elementor-element-d1c9fe5 fade-section e-flex e-con-boxed e-con e-parent\" data-id=\"d1c9fe5\" data-element_type=\"container\" data-settings=\"{&quot;background_background&quot;:&quot;classic&quot;}\">\n\t\t\t\t\t<div class=\"e-con-inner\">\n\t\t\t\t\t<\/div>\n\t\t\t\t<\/div>\n\t\t<div class=\"elementor-element elementor-element-45ac6123 e-con-full e-flex e-con e-parent\" data-id=\"45ac6123\" data-element_type=\"container\" data-settings=\"{&quot;background_background&quot;:&quot;classic&quot;}\">\n\t\t<div class=\"elementor-element elementor-element-59549bb e-con-full card e-flex e-con e-child\" data-id=\"59549bb\" data-element_type=\"container\" data-settings=\"{&quot;background_background&quot;:&quot;gradient&quot;}\">\n\t\t<div class=\"elementor-element elementor-element-21a47ed1 e-con-full e-flex e-con e-child\" data-id=\"21a47ed1\" data-element_type=\"container\">\n\t\t\t\t<div class=\"elementor-element elementor-element-5d1af0d9 elementor-widget elementor-widget-heading\" data-id=\"5d1af0d9\" data-element_type=\"widget\" data-widget_type=\"heading.default\">\n\t\t\t\t\t<h2 class=\"elementor-heading-title elementor-size-default\">COMPREHENSIVE POST-EARTHQUAKE RENOVATION OF BUILDINGS WITHIN THE CAMPUS OF THE CROATIAN CATHOLIC UNIVERSITY<\/h2>\t\t\t\t<\/div>\n\t\t\t\t<div class=\"elementor-element elementor-element-5db45595 elementor-widget elementor-widget-heading\" data-id=\"5db45595\" data-element_type=\"widget\" data-widget_type=\"heading.default\">\n\t\t\t\t\t<h2 class=\"elementor-heading-title elementor-size-default\">INVESTOR: Croatian Catholic University<\/h2>\t\t\t\t<\/div>\n\t\t\t\t<div class=\"elementor-element elementor-element-32ec7667 elementor-widget elementor-widget-heading\" data-id=\"32ec7667\" data-element_type=\"widget\" data-widget_type=\"heading.default\">\n\t\t\t\t\t<h2 class=\"elementor-heading-title elementor-size-default\">LOCATION:  campus HKS, Zagreb<\/h2>\t\t\t\t<\/div>\n\t\t\t\t<div class=\"elementor-element elementor-element-66d693b2 elementor-widget elementor-widget-heading\" data-id=\"66d693b2\" data-element_type=\"widget\" data-widget_type=\"heading.default\">\n\t\t\t\t\t<h2 class=\"elementor-heading-title elementor-size-default\">SERVICE: Construction supervision<\/h2>\t\t\t\t<\/div>\n\t\t\t\t<div class=\"elementor-element elementor-element-1701b99b elementor-widget elementor-widget-text-editor\" data-id=\"1701b99b\" data-element_type=\"widget\" data-widget_type=\"text-editor.default\">\n\t\t\t\t\t\t\t\t\t<p data-start=\"161\" data-end=\"540\">The renovation project of the Croatian Catholic University campus encompasses the comprehensive structural rehabilitation and adaptation of several protected buildings located at Ilica 244 and the associated structures at 244A, 244K, and 244J, which form part of the historic barracks complex included in the cultural and historical urban area of the City of Zagreb. Following the 2020 earthquake, the buildings sustained significant damage, necessitating the complete execution of works to ensure their structural integrity, safety, and compliance with modern usage standards. The construction supervision and occupational health and safety coordination service includes monitoring of all phases of structural intervention works, execution of technical and finishing works, and supervision of compliance with project and technical documentation and applicable professional standards.<\/p><p data-start=\"161\" data-end=\"540\">The renovation is being carried out within the framework of a broader campus rehabilitation programme, encompassing historic structures repurposed for administrative, educational, research, and student use, and is financed through a combination of funding from the European Union Solidarity Fund, the Recovery and Resilience Facility, and the state budget. The project places emphasis on the preservation of the architectural and cultural value of the buildings and their integration into contemporary safety and functional requirements, with coordinated occupational health and safety management throughout all phases of construction.<\/p>\t\t\t\t\t\t\t\t<\/div>\n\t\t\t\t<\/div>\n\t\t\t\t<\/div>\n\t\t\t\t<div class=\"elementor-element elementor-element-16a6103f elementor-widget elementor-widget-gallery\" data-id=\"16a6103f\" data-element_type=\"widget\" data-settings=\"{&quot;columns&quot;:1,&quot;image_hover_animation&quot;:&quot;grow&quot;,&quot;aspect_ratio&quot;:&quot;1:1&quot;,&quot;gallery_layout&quot;:&quot;grid&quot;,&quot;columns_tablet&quot;:2,&quot;columns_mobile&quot;:1,&quot;gap&quot;:{&quot;unit&quot;:&quot;px&quot;,&quot;size&quot;:10,&quot;sizes&quot;:[]},&quot;gap_widescreen&quot;:{&quot;unit&quot;:&quot;px&quot;,&quot;size&quot;:&quot;&quot;,&quot;sizes&quot;:[]},&quot;gap_tablet&quot;:{&quot;unit&quot;:&quot;px&quot;,&quot;size&quot;:10,&quot;sizes&quot;:[]},&quot;gap_mobile&quot;:{&quot;unit&quot;:&quot;px&quot;,&quot;size&quot;:10,&quot;sizes&quot;:[]},&quot;link_to&quot;:&quot;file&quot;}\" data-widget_type=\"gallery.default\">\n\t\t\t\t\t\t\t<div class=\"elementor-gallery__container\">\n\t\t\t\t\t\t\t<a class=\"e-gallery-item elementor-gallery-item elementor-animated-content\" href=\"https:\/\/s-ce.hr\/wp-content\/uploads\/2025\/09\/hks14.jpg\" data-elementor-open-lightbox=\"yes\" data-elementor-lightbox-slideshow=\"16a6103f\" data-e-action-hash=\"#elementor-action%3Aaction%3Dlightbox%26settings%3DeyJpZCI6NzM5LCJ1cmwiOiJodHRwczpcL1wvcy1jZS5oclwvd3AtY29udGVudFwvdXBsb2Fkc1wvMjAyNVwvMDlcL2hrczE0LmpwZyIsInNsaWRlc2hvdyI6IjE2YTYxMDNmIn0%3D\">\n\t\t\t\t\t<div class=\"e-gallery-image elementor-gallery-item__image\" data-thumbnail=\"https:\/\/s-ce.hr\/wp-content\/uploads\/2025\/09\/hks14.jpg\" data-width=\"800\" data-height=\"560\" aria-label=\"\" role=\"img\" ><\/div>\n\t\t\t\t\t\t\t\t\t\t\t\t\t\t<\/a>\n\t\t\t\t\t<\/div>\n\t\t\t\t\t<\/div>\n\t\t\t\t<\/div>\n\t\t\t\t<\/div>","protected":false},"excerpt":{"rendered":"<p>CJELOVITA OBNOVA POSLIJE POTRESA ZGRADA U SKLOPU KAMPUSA HRVATSKOG KATOLI\u010cKOG SVEU\u010cILI\u0160TA INVESTITOR: Hrvatsko katoli\u010dko sveu\u010dili\u0161te LOKACIJA: kampus HKS, Zagreb USLUGA: stru\u010dni nadzor Projekt obnove kampusa Hrvatskog katoli\u010dkog sveu\u010dili\u0161ta obuhva\u0107a sveobuhvatnu konstrukcijsku sanaciju i prilagodbu vi\u0161e za\u0161ti\u0107enih zgrada nastalih na adresi Ilica 244 i pripadaju\u0107ih objekata 244A, 244K i 244J, koji su dio povijesnog kompleksa vojarne [&hellip;]<\/p>\n","protected":false},"author":1,"featured_media":0,"parent":6754,"menu_order":0,"comment_status":"closed","ping_status":"closed","template":"","meta":{"footnotes":""},"class_list":["post-9243","page","type-page","status-publish","hentry"],"yoast_head":"<!-- This site is optimized with the Yoast SEO plugin v27.0 - https:\/\/yoast.com\/product\/yoast-seo-wordpress\/ -->\n<title>HKS - STRUCTURA<\/title>\n<meta name=\"robots\" content=\"index, follow, max-snippet:-1, max-image-preview:large, max-video-preview:-1\" \/>\n<link rel=\"canonical\" href=\"https:\/\/s-ce.hr\/en\/projekti\/hks\/\" \/>\n<meta property=\"og:locale\" content=\"en_GB\" \/>\n<meta property=\"og:type\" content=\"article\" \/>\n<meta property=\"og:title\" content=\"HKS - STRUCTURA\" \/>\n<meta property=\"og:description\" content=\"CJELOVITA OBNOVA POSLIJE POTRESA ZGRADA U SKLOPU KAMPUSA HRVATSKOG KATOLI\u010cKOG SVEU\u010cILI\u0160TA INVESTITOR: Hrvatsko katoli\u010dko sveu\u010dili\u0161te LOKACIJA: kampus HKS, Zagreb USLUGA: stru\u010dni nadzor Projekt obnove kampusa Hrvatskog katoli\u010dkog sveu\u010dili\u0161ta obuhva\u0107a sveobuhvatnu konstrukcijsku sanaciju i prilagodbu vi\u0161e za\u0161ti\u0107enih zgrada nastalih na adresi Ilica 244 i pripadaju\u0107ih objekata 244A, 244K i 244J, koji su dio povijesnog kompleksa vojarne [&hellip;]\" \/>\n<meta property=\"og:url\" content=\"https:\/\/s-ce.hr\/en\/projekti\/hks\/\" \/>\n<meta property=\"og:site_name\" content=\"STRUCTURA\" \/>\n<meta property=\"article:modified_time\" content=\"2026-01-04T17:02:58+00:00\" \/>\n<meta name=\"twitter:card\" content=\"summary_large_image\" \/>\n<meta name=\"twitter:label1\" content=\"Estimated reading time\" \/>\n\t<meta name=\"twitter:data1\" content=\"1 minute\" \/>\n<script type=\"application\/ld+json\" class=\"yoast-schema-graph\">{\"@context\":\"https:\/\/schema.org\",\"@graph\":[{\"@type\":\"WebPage\",\"@id\":\"https:\/\/s-ce.hr\/projekti\/hks\/\",\"url\":\"https:\/\/s-ce.hr\/projekti\/hks\/\",\"name\":\"HKS - STRUCTURA\",\"isPartOf\":{\"@id\":\"https:\/\/s-ce.hr\/#website\"},\"datePublished\":\"2025-12-19T15:07:35+00:00\",\"dateModified\":\"2026-01-04T17:02:58+00:00\",\"breadcrumb\":{\"@id\":\"https:\/\/s-ce.hr\/projekti\/hks\/#breadcrumb\"},\"inLanguage\":\"en-GB\",\"potentialAction\":[{\"@type\":\"ReadAction\",\"target\":[\"https:\/\/s-ce.hr\/projekti\/hks\/\"]}]},{\"@type\":\"BreadcrumbList\",\"@id\":\"https:\/\/s-ce.hr\/projekti\/hks\/#breadcrumb\",\"itemListElement\":[{\"@type\":\"ListItem\",\"position\":1,\"name\":\"Home\",\"item\":\"https:\/\/s-ce.hr\/\"},{\"@type\":\"ListItem\",\"position\":2,\"name\":\"PROJEKTI\",\"item\":\"https:\/\/s-ce.hr\/projekti\/\"},{\"@type\":\"ListItem\",\"position\":3,\"name\":\"HKS\"}]},{\"@type\":\"WebSite\",\"@id\":\"https:\/\/s-ce.hr\/#website\",\"url\":\"https:\/\/s-ce.hr\/\",\"name\":\"STRUCTURA Consulting&Engineering\",\"description\":\"Consulting &amp; Engineering\",\"publisher\":{\"@id\":\"https:\/\/s-ce.hr\/#organization\"},\"potentialAction\":[{\"@type\":\"SearchAction\",\"target\":{\"@type\":\"EntryPoint\",\"urlTemplate\":\"https:\/\/s-ce.hr\/?s={search_term_string}\"},\"query-input\":{\"@type\":\"PropertyValueSpecification\",\"valueRequired\":true,\"valueName\":\"search_term_string\"}}],\"inLanguage\":\"en-GB\"},{\"@type\":\"Organization\",\"@id\":\"https:\/\/s-ce.hr\/#organization\",\"name\":\"STRUCTURA Consulting&Engineering\",\"url\":\"https:\/\/s-ce.hr\/\",\"logo\":{\"@type\":\"ImageObject\",\"inLanguage\":\"en-GB\",\"@id\":\"https:\/\/s-ce.hr\/#\/schema\/logo\/image\/\",\"url\":\"https:\/\/s-ce.hr\/wp-content\/uploads\/2025\/09\/Structura-Logo-Box-RGB-01-e1757341507554.jpg\",\"contentUrl\":\"https:\/\/s-ce.hr\/wp-content\/uploads\/2025\/09\/Structura-Logo-Box-RGB-01-e1757341507554.jpg\",\"width\":492,\"height\":330,\"caption\":\"STRUCTURA Consulting&Engineering\"},\"image\":{\"@id\":\"https:\/\/s-ce.hr\/#\/schema\/logo\/image\/\"}}]}<\/script>\n<!-- \/ Yoast SEO plugin. -->","yoast_head_json":{"title":"HKS - STRUCTURA","robots":{"index":"index","follow":"follow","max-snippet":"max-snippet:-1","max-image-preview":"max-image-preview:large","max-video-preview":"max-video-preview:-1"},"canonical":"https:\/\/s-ce.hr\/en\/projekti\/hks\/","og_locale":"en_GB","og_type":"article","og_title":"HKS - STRUCTURA","og_description":"CJELOVITA OBNOVA POSLIJE POTRESA ZGRADA U SKLOPU KAMPUSA HRVATSKOG KATOLI\u010cKOG SVEU\u010cILI\u0160TA INVESTITOR: Hrvatsko katoli\u010dko sveu\u010dili\u0161te LOKACIJA: kampus HKS, Zagreb USLUGA: stru\u010dni nadzor Projekt obnove kampusa Hrvatskog katoli\u010dkog sveu\u010dili\u0161ta obuhva\u0107a sveobuhvatnu konstrukcijsku sanaciju i prilagodbu vi\u0161e za\u0161ti\u0107enih zgrada nastalih na adresi Ilica 244 i pripadaju\u0107ih objekata 244A, 244K i 244J, koji su dio povijesnog kompleksa vojarne [&hellip;]","og_url":"https:\/\/s-ce.hr\/en\/projekti\/hks\/","og_site_name":"STRUCTURA","article_modified_time":"2026-01-04T17:02:58+00:00","twitter_card":"summary_large_image","twitter_misc":{"Estimated reading time":"1 minute"},"schema":{"@context":"https:\/\/schema.org","@graph":[{"@type":"WebPage","@id":"https:\/\/s-ce.hr\/projekti\/hks\/","url":"https:\/\/s-ce.hr\/projekti\/hks\/","name":"HKS - STRUCTURA","isPartOf":{"@id":"https:\/\/s-ce.hr\/#website"},"datePublished":"2025-12-19T15:07:35+00:00","dateModified":"2026-01-04T17:02:58+00:00","breadcrumb":{"@id":"https:\/\/s-ce.hr\/projekti\/hks\/#breadcrumb"},"inLanguage":"en-GB","potentialAction":[{"@type":"ReadAction","target":["https:\/\/s-ce.hr\/projekti\/hks\/"]}]},{"@type":"BreadcrumbList","@id":"https:\/\/s-ce.hr\/projekti\/hks\/#breadcrumb","itemListElement":[{"@type":"ListItem","position":1,"name":"Home","item":"https:\/\/s-ce.hr\/"},{"@type":"ListItem","position":2,"name":"PROJEKTI","item":"https:\/\/s-ce.hr\/projekti\/"},{"@type":"ListItem","position":3,"name":"HKS"}]},{"@type":"WebSite","@id":"https:\/\/s-ce.hr\/#website","url":"https:\/\/s-ce.hr\/","name":"STRUCTURA Consulting&Engineering","description":"Consulting &amp; Engineering","publisher":{"@id":"https:\/\/s-ce.hr\/#organization"},"potentialAction":[{"@type":"SearchAction","target":{"@type":"EntryPoint","urlTemplate":"https:\/\/s-ce.hr\/?s={search_term_string}"},"query-input":{"@type":"PropertyValueSpecification","valueRequired":true,"valueName":"search_term_string"}}],"inLanguage":"en-GB"},{"@type":"Organization","@id":"https:\/\/s-ce.hr\/#organization","name":"STRUCTURA Consulting&Engineering","url":"https:\/\/s-ce.hr\/","logo":{"@type":"ImageObject","inLanguage":"en-GB","@id":"https:\/\/s-ce.hr\/#\/schema\/logo\/image\/","url":"https:\/\/s-ce.hr\/wp-content\/uploads\/2025\/09\/Structura-Logo-Box-RGB-01-e1757341507554.jpg","contentUrl":"https:\/\/s-ce.hr\/wp-content\/uploads\/2025\/09\/Structura-Logo-Box-RGB-01-e1757341507554.jpg","width":492,"height":330,"caption":"STRUCTURA Consulting&Engineering"},"image":{"@id":"https:\/\/s-ce.hr\/#\/schema\/logo\/image\/"}}]}},"_links":{"self":[{"href":"https:\/\/s-ce.hr\/en\/wp-json\/wp\/v2\/pages\/9243","targetHints":{"allow":["GET"]}}],"collection":[{"href":"https:\/\/s-ce.hr\/en\/wp-json\/wp\/v2\/pages"}],"about":[{"href":"https:\/\/s-ce.hr\/en\/wp-json\/wp\/v2\/types\/page"}],"author":[{"embeddable":true,"href":"https:\/\/s-ce.hr\/en\/wp-json\/wp\/v2\/users\/1"}],"replies":[{"embeddable":true,"href":"https:\/\/s-ce.hr\/en\/wp-json\/wp\/v2\/comments?post=9243"}],"version-history":[{"count":46,"href":"https:\/\/s-ce.hr\/en\/wp-json\/wp\/v2\/pages\/9243\/revisions"}],"predecessor-version":[{"id":9735,"href":"https:\/\/s-ce.hr\/en\/wp-json\/wp\/v2\/pages\/9243\/revisions\/9735"}],"up":[{"embeddable":true,"href":"https:\/\/s-ce.hr\/en\/wp-json\/wp\/v2\/pages\/6754"}],"wp:attachment":[{"href":"https:\/\/s-ce.hr\/en\/wp-json\/wp\/v2\/media?parent=9243"}],"curies":[{"name":"wp","href":"https:\/\/api.w.org\/{rel}","templated":true}]}}