{"id":9220,"date":"2025-12-19T14:50:54","date_gmt":"2025-12-19T14:50:54","guid":{"rendered":"https:\/\/s-ce.hr\/?page_id=9220"},"modified":"2026-01-02T12:47:31","modified_gmt":"2026-01-02T12:47:31","slug":"os-petra-preradovica","status":"publish","type":"page","link":"https:\/\/s-ce.hr\/en\/os-petra-preradovica\/","title":{"rendered":"O\u0160 Petra Preradovi\u0107a"},"content":{"rendered":"<div data-elementor-type=\"wp-page\" data-elementor-id=\"9220\" class=\"elementor elementor-9220\" data-elementor-post-type=\"page\">\n\t\t\t\t<div class=\"elementor-element elementor-element-668b366d fade-section e-flex e-con-boxed e-con e-parent\" data-id=\"668b366d\" data-element_type=\"container\" data-settings=\"{&quot;background_background&quot;:&quot;classic&quot;}\">\n\t\t\t\t\t<div class=\"e-con-inner\">\n\t\t\t\t\t<\/div>\n\t\t\t\t<\/div>\n\t\t<div class=\"elementor-element elementor-element-35df6e2b e-con-full e-flex e-con e-parent\" data-id=\"35df6e2b\" data-element_type=\"container\" data-settings=\"{&quot;background_background&quot;:&quot;classic&quot;}\">\n\t\t<div class=\"elementor-element elementor-element-7f50582d e-con-full card e-flex e-con e-child\" data-id=\"7f50582d\" data-element_type=\"container\" data-settings=\"{&quot;background_background&quot;:&quot;gradient&quot;}\">\n\t\t<div class=\"elementor-element elementor-element-134825cc e-con-full e-flex e-con e-child\" data-id=\"134825cc\" data-element_type=\"container\">\n\t\t\t\t<div class=\"elementor-element elementor-element-7568181d elementor-widget elementor-widget-heading\" data-id=\"7568181d\" data-element_type=\"widget\" data-widget_type=\"heading.default\">\n\t\t\t\t\t<h2 class=\"elementor-heading-title elementor-size-default\">CONSTRUCTION AND EQUIPPING OF THE BRANCH UNIT BUILDING OF PETAR PRERADOVI\u0106 PRIMARY SCHOOL<\/h2>\t\t\t\t<\/div>\n\t\t\t\t<div class=\"elementor-element elementor-element-5a340cfb elementor-widget elementor-widget-heading\" data-id=\"5a340cfb\" data-element_type=\"widget\" data-widget_type=\"heading.default\">\n\t\t\t\t\t<h2 class=\"elementor-heading-title elementor-size-default\">INVESTOR: Virovitica-Podravina County<\/h2>\t\t\t\t<\/div>\n\t\t\t\t<div class=\"elementor-element elementor-element-4d627828 elementor-widget elementor-widget-heading\" data-id=\"4d627828\" data-element_type=\"widget\" data-widget_type=\"heading.default\">\n\t\t\t\t\t<h2 class=\"elementor-heading-title elementor-size-default\">LOCATION: Trg kralja Tomislava, Pitoma\u010da<\/h2>\t\t\t\t<\/div>\n\t\t\t\t<div class=\"elementor-element elementor-element-5b01c499 elementor-widget elementor-widget-heading\" data-id=\"5b01c499\" data-element_type=\"widget\" data-widget_type=\"heading.default\">\n\t\t\t\t\t<h2 class=\"elementor-heading-title elementor-size-default\">SERVICE: Construction supervision<\/h2>\t\t\t\t<\/div>\n\t\t\t\t<div class=\"elementor-element elementor-element-7461845f elementor-widget elementor-widget-text-editor\" data-id=\"7461845f\" data-element_type=\"widget\" data-widget_type=\"text-editor.default\">\n\t\t\t\t\t\t\t\t\t<p data-start=\"161\" data-end=\"540\">The school is being constructed on a newly formed building plot within a planned zone of public and social use, with levelling of the existing terrain and arrangement of access surfaces in accordance with the Detailed Urban Development Plan. The main pedestrian access is directed towards the school square, which connects to the new residential promenade, while vehicular access is provided from Stjepan Sulimanac Street, along with the formation of a shared car park and the necessary infrastructure for users, staff, and emergency service vehicles.<\/p><p data-start=\"161\" data-end=\"540\">The area between the school and the car park is being arranged as a paved pedestrian zone, with landscape design and retention of the existing green structure wherever possible. The planned school building with sports hall is conceived as a freestanding and spatially articulated structure, while the perimeter of the plot is fenced in accordance with the traffic and safety function of the space. In the south-eastern part of the plot, an outdoor working area for lower-grade pupils is planned. The project establishes the conditions for safe access, mobility, evacuation, fire service intervention, and all other spatial prerequisites necessary for the functional operation of a modern primary school.<\/p>\t\t\t\t\t\t\t\t<\/div>\n\t\t\t\t<\/div>\n\t\t\t\t<\/div>\n\t\t\t\t<div class=\"elementor-element elementor-element-58b7634a elementor-widget elementor-widget-gallery\" data-id=\"58b7634a\" data-element_type=\"widget\" data-settings=\"{&quot;columns&quot;:2,&quot;image_hover_animation&quot;:&quot;grow&quot;,&quot;aspect_ratio&quot;:&quot;1:1&quot;,&quot;gallery_layout&quot;:&quot;grid&quot;,&quot;columns_tablet&quot;:2,&quot;columns_mobile&quot;:1,&quot;gap&quot;:{&quot;unit&quot;:&quot;px&quot;,&quot;size&quot;:10,&quot;sizes&quot;:[]},&quot;gap_widescreen&quot;:{&quot;unit&quot;:&quot;px&quot;,&quot;size&quot;:&quot;&quot;,&quot;sizes&quot;:[]},&quot;gap_tablet&quot;:{&quot;unit&quot;:&quot;px&quot;,&quot;size&quot;:10,&quot;sizes&quot;:[]},&quot;gap_mobile&quot;:{&quot;unit&quot;:&quot;px&quot;,&quot;size&quot;:10,&quot;sizes&quot;:[]},&quot;link_to&quot;:&quot;file&quot;}\" data-widget_type=\"gallery.default\">\n\t\t\t\t\t\t\t<div class=\"elementor-gallery__container\">\n\t\t\t\t\t\t\t<a class=\"e-gallery-item elementor-gallery-item elementor-animated-content\" href=\"https:\/\/s-ce.hr\/wp-content\/uploads\/2025\/09\/sl3.jpg\" data-elementor-open-lightbox=\"yes\" data-elementor-lightbox-slideshow=\"58b7634a\" data-e-action-hash=\"#elementor-action%3Aaction%3Dlightbox%26settings%3DeyJpZCI6Nzk3LCJ1cmwiOiJodHRwczpcL1wvcy1jZS5oclwvd3AtY29udGVudFwvdXBsb2Fkc1wvMjAyNVwvMDlcL3NsMy5qcGciLCJzbGlkZXNob3ciOiI1OGI3NjM0YSJ9\">\n\t\t\t\t\t<div class=\"e-gallery-image elementor-gallery-item__image\" data-thumbnail=\"https:\/\/s-ce.hr\/wp-content\/uploads\/2025\/09\/sl3.jpg\" data-width=\"800\" data-height=\"531\" aria-label=\"\" role=\"img\" ><\/div>\n\t\t\t\t\t\t\t\t\t\t\t\t\t\t<\/a>\n\t\t\t\t\t\t\t<a class=\"e-gallery-item elementor-gallery-item elementor-animated-content\" href=\"https:\/\/s-ce.hr\/wp-content\/uploads\/2025\/12\/586976311_1289567203199731_835293851483391543_n.jpg\" data-elementor-open-lightbox=\"yes\" data-elementor-lightbox-slideshow=\"58b7634a\" data-e-action-hash=\"#elementor-action%3Aaction%3Dlightbox%26settings%3DeyJpZCI6OTIyOSwidXJsIjoiaHR0cHM6XC9cL3MtY2UuaHJcL3dwLWNvbnRlbnRcL3VwbG9hZHNcLzIwMjVcLzEyXC81ODY5NzYzMTFfMTI4OTU2NzIwMzE5OTczMV84MzUyOTM4NTE0ODMzOTE1NDNfbi5qcGciLCJzbGlkZXNob3ciOiI1OGI3NjM0YSJ9\">\n\t\t\t\t\t<div class=\"e-gallery-image elementor-gallery-item__image\" data-thumbnail=\"https:\/\/s-ce.hr\/wp-content\/uploads\/2025\/12\/586976311_1289567203199731_835293851483391543_n-1024x568.jpg\" data-width=\"800\" data-height=\"444\" aria-label=\"\" role=\"img\" ><\/div>\n\t\t\t\t\t\t\t\t\t\t\t\t\t\t<\/a>\n\t\t\t\t\t\t\t<a class=\"e-gallery-item elementor-gallery-item elementor-animated-content\" href=\"https:\/\/s-ce.hr\/wp-content\/uploads\/2025\/12\/587011819_1289567213199730_5877887395609437107_n.jpg\" data-elementor-open-lightbox=\"yes\" data-elementor-lightbox-slideshow=\"58b7634a\" data-e-action-hash=\"#elementor-action%3Aaction%3Dlightbox%26settings%3DeyJpZCI6OTIzMCwidXJsIjoiaHR0cHM6XC9cL3MtY2UuaHJcL3dwLWNvbnRlbnRcL3VwbG9hZHNcLzIwMjVcLzEyXC81ODcwMTE4MTlfMTI4OTU2NzIxMzE5OTczMF81ODc3ODg3Mzk1NjA5NDM3MTA3X24uanBnIiwic2xpZGVzaG93IjoiNThiNzYzNGEifQ%3D%3D\">\n\t\t\t\t\t<div class=\"e-gallery-image elementor-gallery-item__image\" data-thumbnail=\"https:\/\/s-ce.hr\/wp-content\/uploads\/2025\/12\/587011819_1289567213199730_5877887395609437107_n-1024x572.jpg\" data-width=\"800\" data-height=\"447\" aria-label=\"\" role=\"img\" ><\/div>\n\t\t\t\t\t\t\t\t\t\t\t\t\t\t<\/a>\n\t\t\t\t\t<\/div>\n\t\t\t\t\t<\/div>\n\t\t\t\t<\/div>\n\t\t\t\t<\/div>","protected":false},"excerpt":{"rendered":"<p>IZGRADNJA I OPREMANJE GRA\u0110EVINE PODRU\u010cNOG ODJELA OSNOVNE \u0160KOLE PETRA PRERADOVI\u0106A INVESTITOR: Viroviti\u010dko-podravska \u017eupanija LOKACIJA: Trg kralja Tomislava, Pitoma\u010da USLUGA: stru\u010dni nadzor \u0160kola se gradi na novoformiranoj gra\u0111evnoj \u010destici unutar planirane zone javne i dru\u0161tvene namjene, uz niveliranje postoje\u0107eg terena i ure\u0111enje pristupnih povr\u0161ina u skladu s Detaljnim planom ure\u0111enja. Glavni pje\u0161a\u010dki pristup usmjeren je prema [&hellip;]<\/p>\n","protected":false},"author":1,"featured_media":0,"parent":0,"menu_order":0,"comment_status":"closed","ping_status":"closed","template":"","meta":{"footnotes":""},"class_list":["post-9220","page","type-page","status-publish","hentry"],"yoast_head":"<!-- This site is optimized with the Yoast SEO plugin v27.0 - https:\/\/yoast.com\/product\/yoast-seo-wordpress\/ -->\n<title>O\u0160 Petra Preradovi\u0107a - STRUCTURA<\/title>\n<meta name=\"robots\" content=\"index, follow, max-snippet:-1, max-image-preview:large, max-video-preview:-1\" \/>\n<link rel=\"canonical\" href=\"https:\/\/s-ce.hr\/en\/os-petra-preradovica\/\" \/>\n<meta property=\"og:locale\" content=\"en_GB\" \/>\n<meta property=\"og:type\" content=\"article\" \/>\n<meta property=\"og:title\" content=\"O\u0160 Petra Preradovi\u0107a - STRUCTURA\" \/>\n<meta property=\"og:description\" content=\"IZGRADNJA I OPREMANJE GRA\u0110EVINE PODRU\u010cNOG ODJELA OSNOVNE \u0160KOLE PETRA PRERADOVI\u0106A INVESTITOR: Viroviti\u010dko-podravska \u017eupanija LOKACIJA: Trg kralja Tomislava, Pitoma\u010da USLUGA: stru\u010dni nadzor \u0160kola se gradi na novoformiranoj gra\u0111evnoj \u010destici unutar planirane zone javne i dru\u0161tvene namjene, uz niveliranje postoje\u0107eg terena i ure\u0111enje pristupnih povr\u0161ina u skladu s Detaljnim planom ure\u0111enja. Glavni pje\u0161a\u010dki pristup usmjeren je prema [&hellip;]\" \/>\n<meta property=\"og:url\" content=\"https:\/\/s-ce.hr\/en\/os-petra-preradovica\/\" \/>\n<meta property=\"og:site_name\" content=\"STRUCTURA\" \/>\n<meta property=\"article:modified_time\" content=\"2026-01-02T12:47:31+00:00\" \/>\n<meta name=\"twitter:card\" content=\"summary_large_image\" \/>\n<meta name=\"twitter:label1\" content=\"Estimated reading time\" \/>\n\t<meta name=\"twitter:data1\" content=\"1 minute\" \/>\n<script type=\"application\/ld+json\" class=\"yoast-schema-graph\">{\"@context\":\"https:\/\/schema.org\",\"@graph\":[{\"@type\":\"WebPage\",\"@id\":\"https:\/\/s-ce.hr\/os-petra-preradovica\/\",\"url\":\"https:\/\/s-ce.hr\/os-petra-preradovica\/\",\"name\":\"O\u0160 Petra Preradovi\u0107a - STRUCTURA\",\"isPartOf\":{\"@id\":\"https:\/\/s-ce.hr\/#website\"},\"datePublished\":\"2025-12-19T14:50:54+00:00\",\"dateModified\":\"2026-01-02T12:47:31+00:00\",\"breadcrumb\":{\"@id\":\"https:\/\/s-ce.hr\/os-petra-preradovica\/#breadcrumb\"},\"inLanguage\":\"en-GB\",\"potentialAction\":[{\"@type\":\"ReadAction\",\"target\":[\"https:\/\/s-ce.hr\/os-petra-preradovica\/\"]}]},{\"@type\":\"BreadcrumbList\",\"@id\":\"https:\/\/s-ce.hr\/os-petra-preradovica\/#breadcrumb\",\"itemListElement\":[{\"@type\":\"ListItem\",\"position\":1,\"name\":\"Home\",\"item\":\"https:\/\/s-ce.hr\/\"},{\"@type\":\"ListItem\",\"position\":2,\"name\":\"O\u0160 Petra Preradovi\u0107a\"}]},{\"@type\":\"WebSite\",\"@id\":\"https:\/\/s-ce.hr\/#website\",\"url\":\"https:\/\/s-ce.hr\/\",\"name\":\"STRUCTURA Consulting&Engineering\",\"description\":\"Consulting &amp; Engineering\",\"publisher\":{\"@id\":\"https:\/\/s-ce.hr\/#organization\"},\"potentialAction\":[{\"@type\":\"SearchAction\",\"target\":{\"@type\":\"EntryPoint\",\"urlTemplate\":\"https:\/\/s-ce.hr\/?s={search_term_string}\"},\"query-input\":{\"@type\":\"PropertyValueSpecification\",\"valueRequired\":true,\"valueName\":\"search_term_string\"}}],\"inLanguage\":\"en-GB\"},{\"@type\":\"Organization\",\"@id\":\"https:\/\/s-ce.hr\/#organization\",\"name\":\"STRUCTURA Consulting&Engineering\",\"url\":\"https:\/\/s-ce.hr\/\",\"logo\":{\"@type\":\"ImageObject\",\"inLanguage\":\"en-GB\",\"@id\":\"https:\/\/s-ce.hr\/#\/schema\/logo\/image\/\",\"url\":\"https:\/\/s-ce.hr\/wp-content\/uploads\/2025\/09\/Structura-Logo-Box-RGB-01-e1757341507554.jpg\",\"contentUrl\":\"https:\/\/s-ce.hr\/wp-content\/uploads\/2025\/09\/Structura-Logo-Box-RGB-01-e1757341507554.jpg\",\"width\":492,\"height\":330,\"caption\":\"STRUCTURA Consulting&Engineering\"},\"image\":{\"@id\":\"https:\/\/s-ce.hr\/#\/schema\/logo\/image\/\"}}]}<\/script>\n<!-- \/ Yoast SEO plugin. -->","yoast_head_json":{"title":"O\u0160 Petra Preradovi\u0107a - STRUCTURA","robots":{"index":"index","follow":"follow","max-snippet":"max-snippet:-1","max-image-preview":"max-image-preview:large","max-video-preview":"max-video-preview:-1"},"canonical":"https:\/\/s-ce.hr\/en\/os-petra-preradovica\/","og_locale":"en_GB","og_type":"article","og_title":"O\u0160 Petra Preradovi\u0107a - STRUCTURA","og_description":"IZGRADNJA I OPREMANJE GRA\u0110EVINE PODRU\u010cNOG ODJELA OSNOVNE \u0160KOLE PETRA PRERADOVI\u0106A INVESTITOR: Viroviti\u010dko-podravska \u017eupanija LOKACIJA: Trg kralja Tomislava, Pitoma\u010da USLUGA: stru\u010dni nadzor \u0160kola se gradi na novoformiranoj gra\u0111evnoj \u010destici unutar planirane zone javne i dru\u0161tvene namjene, uz niveliranje postoje\u0107eg terena i ure\u0111enje pristupnih povr\u0161ina u skladu s Detaljnim planom ure\u0111enja. Glavni pje\u0161a\u010dki pristup usmjeren je prema [&hellip;]","og_url":"https:\/\/s-ce.hr\/en\/os-petra-preradovica\/","og_site_name":"STRUCTURA","article_modified_time":"2026-01-02T12:47:31+00:00","twitter_card":"summary_large_image","twitter_misc":{"Estimated reading time":"1 minute"},"schema":{"@context":"https:\/\/schema.org","@graph":[{"@type":"WebPage","@id":"https:\/\/s-ce.hr\/os-petra-preradovica\/","url":"https:\/\/s-ce.hr\/os-petra-preradovica\/","name":"O\u0160 Petra Preradovi\u0107a - STRUCTURA","isPartOf":{"@id":"https:\/\/s-ce.hr\/#website"},"datePublished":"2025-12-19T14:50:54+00:00","dateModified":"2026-01-02T12:47:31+00:00","breadcrumb":{"@id":"https:\/\/s-ce.hr\/os-petra-preradovica\/#breadcrumb"},"inLanguage":"en-GB","potentialAction":[{"@type":"ReadAction","target":["https:\/\/s-ce.hr\/os-petra-preradovica\/"]}]},{"@type":"BreadcrumbList","@id":"https:\/\/s-ce.hr\/os-petra-preradovica\/#breadcrumb","itemListElement":[{"@type":"ListItem","position":1,"name":"Home","item":"https:\/\/s-ce.hr\/"},{"@type":"ListItem","position":2,"name":"O\u0160 Petra Preradovi\u0107a"}]},{"@type":"WebSite","@id":"https:\/\/s-ce.hr\/#website","url":"https:\/\/s-ce.hr\/","name":"STRUCTURA Consulting&Engineering","description":"Consulting &amp; Engineering","publisher":{"@id":"https:\/\/s-ce.hr\/#organization"},"potentialAction":[{"@type":"SearchAction","target":{"@type":"EntryPoint","urlTemplate":"https:\/\/s-ce.hr\/?s={search_term_string}"},"query-input":{"@type":"PropertyValueSpecification","valueRequired":true,"valueName":"search_term_string"}}],"inLanguage":"en-GB"},{"@type":"Organization","@id":"https:\/\/s-ce.hr\/#organization","name":"STRUCTURA Consulting&Engineering","url":"https:\/\/s-ce.hr\/","logo":{"@type":"ImageObject","inLanguage":"en-GB","@id":"https:\/\/s-ce.hr\/#\/schema\/logo\/image\/","url":"https:\/\/s-ce.hr\/wp-content\/uploads\/2025\/09\/Structura-Logo-Box-RGB-01-e1757341507554.jpg","contentUrl":"https:\/\/s-ce.hr\/wp-content\/uploads\/2025\/09\/Structura-Logo-Box-RGB-01-e1757341507554.jpg","width":492,"height":330,"caption":"STRUCTURA Consulting&Engineering"},"image":{"@id":"https:\/\/s-ce.hr\/#\/schema\/logo\/image\/"}}]}},"_links":{"self":[{"href":"https:\/\/s-ce.hr\/en\/wp-json\/wp\/v2\/pages\/9220","targetHints":{"allow":["GET"]}}],"collection":[{"href":"https:\/\/s-ce.hr\/en\/wp-json\/wp\/v2\/pages"}],"about":[{"href":"https:\/\/s-ce.hr\/en\/wp-json\/wp\/v2\/types\/page"}],"author":[{"embeddable":true,"href":"https:\/\/s-ce.hr\/en\/wp-json\/wp\/v2\/users\/1"}],"replies":[{"embeddable":true,"href":"https:\/\/s-ce.hr\/en\/wp-json\/wp\/v2\/comments?post=9220"}],"version-history":[{"count":22,"href":"https:\/\/s-ce.hr\/en\/wp-json\/wp\/v2\/pages\/9220\/revisions"}],"predecessor-version":[{"id":9623,"href":"https:\/\/s-ce.hr\/en\/wp-json\/wp\/v2\/pages\/9220\/revisions\/9623"}],"wp:attachment":[{"href":"https:\/\/s-ce.hr\/en\/wp-json\/wp\/v2\/media?parent=9220"}],"curies":[{"name":"wp","href":"https:\/\/api.w.org\/{rel}","templated":true}]}}