{"id":9179,"date":"2025-12-19T14:29:00","date_gmt":"2025-12-19T14:29:00","guid":{"rendered":"https:\/\/s-ce.hr\/?page_id=9179"},"modified":"2026-01-04T17:06:24","modified_gmt":"2026-01-04T17:06:24","slug":"spud-zagreb","status":"publish","type":"page","link":"https:\/\/s-ce.hr\/en\/projekti\/spud-zagreb\/","title":{"rendered":"\u0160PUD"},"content":{"rendered":"<div data-elementor-type=\"wp-page\" data-elementor-id=\"9179\" class=\"elementor elementor-9179\" data-elementor-post-type=\"page\">\n\t\t\t\t<div class=\"elementor-element elementor-element-348e65a0 fade-section e-flex e-con-boxed e-con e-parent\" data-id=\"348e65a0\" data-element_type=\"container\" data-settings=\"{&quot;background_background&quot;:&quot;classic&quot;}\">\n\t\t\t\t\t<div class=\"e-con-inner\">\n\t\t\t\t\t<\/div>\n\t\t\t\t<\/div>\n\t\t<div class=\"elementor-element elementor-element-5a381354 e-con-full e-flex e-con e-parent\" data-id=\"5a381354\" data-element_type=\"container\" data-settings=\"{&quot;background_background&quot;:&quot;classic&quot;}\">\n\t\t<div class=\"elementor-element elementor-element-36ae0dea e-con-full card e-flex e-con e-child\" data-id=\"36ae0dea\" data-element_type=\"container\" data-settings=\"{&quot;background_background&quot;:&quot;gradient&quot;}\">\n\t\t<div class=\"elementor-element elementor-element-11b31f5b e-con-full e-flex e-con e-child\" data-id=\"11b31f5b\" data-element_type=\"container\">\n\t\t\t\t<div class=\"elementor-element elementor-element-16a08cdf elementor-widget elementor-widget-heading\" data-id=\"16a08cdf\" data-element_type=\"widget\" data-widget_type=\"heading.default\">\n\t\t\t\t\t<h2 class=\"elementor-heading-title elementor-size-default\">COMPREHENSIVE POST-EARTHQUAKE RENOVATION OF THE SCHOOL OF APPLIED ARTS AND DESIGN<\/h2>\t\t\t\t<\/div>\n\t\t\t\t<div class=\"elementor-element elementor-element-7fd36cbd elementor-widget elementor-widget-heading\" data-id=\"7fd36cbd\" data-element_type=\"widget\" data-widget_type=\"heading.default\">\n\t\t\t\t\t<h2 class=\"elementor-heading-title elementor-size-default\">INVESTOR: City of Zagreb<\/h2>\t\t\t\t<\/div>\n\t\t\t\t<div class=\"elementor-element elementor-element-5450083a elementor-widget elementor-widget-heading\" data-id=\"5450083a\" data-element_type=\"widget\" data-widget_type=\"heading.default\">\n\t\t\t\t\t<h2 class=\"elementor-heading-title elementor-size-default\">LOCATION:  Trg Republike Hrvatske 11, Zagreb<\/h2>\t\t\t\t<\/div>\n\t\t\t\t<div class=\"elementor-element elementor-element-3d359ca8 elementor-widget elementor-widget-heading\" data-id=\"3d359ca8\" data-element_type=\"widget\" data-widget_type=\"heading.default\">\n\t\t\t\t\t<h2 class=\"elementor-heading-title elementor-size-default\">SERVICE: Construction supervision<\/h2>\t\t\t\t<\/div>\n\t\t\t\t<div class=\"elementor-element elementor-element-330891e1 elementor-widget elementor-widget-text-editor\" data-id=\"330891e1\" data-element_type=\"widget\" data-widget_type=\"text-editor.default\">\n\t\t\t\t\t\t\t\t\t<p data-start=\"161\" data-end=\"540\">The project envisages the comprehensive renovation of the historic four-wing two-storey building constructed between 1887 and 1891 to a design by Hermann Boll\u00e9, involving the rehabilitation and strengthening of the building structure and the execution of preparatory, civil, trade, and installation works in order to bring the building to a fully usable condition in compliance with regulations and professional standards. The building's footprint and location parameters remain unchanged, while the floor plan layout is locally modified within the existing volume to meet functional requirements: sanitary facilities are being refurbished (including facilities for persons with disabilities), new specialist rooms are being formed, two lifts are being installed to provide vertical accessibility, and an external steel evacuation staircase is being added, along with the construction of two rooftop housings and the replacement of part of the roof structure.<\/p><p data-start=\"161\" data-end=\"540\">As part of the intervention, energy renovation of the building is being carried out through thermal insulation of external walls (predominantly from the interior, locally from the exterior), continuous insulation of the roof structure, and replacement of existing joinery with more energy-efficient units that are identical in appearance in accordance with conservation guidelines. This improves safety, functional, and energy conditions, while the building retains its architectural values and its permanent purpose for educational workshops and general classrooms located in the existing wings of the structure.<\/p>\t\t\t\t\t\t\t\t<\/div>\n\t\t\t\t<\/div>\n\t\t\t\t<\/div>\n\t\t\t\t<div class=\"elementor-element elementor-element-5fef53d9 elementor-widget elementor-widget-gallery\" data-id=\"5fef53d9\" data-element_type=\"widget\" data-settings=\"{&quot;columns&quot;:1,&quot;image_hover_animation&quot;:&quot;grow&quot;,&quot;aspect_ratio&quot;:&quot;1:1&quot;,&quot;gallery_layout&quot;:&quot;grid&quot;,&quot;columns_tablet&quot;:2,&quot;columns_mobile&quot;:1,&quot;gap&quot;:{&quot;unit&quot;:&quot;px&quot;,&quot;size&quot;:10,&quot;sizes&quot;:[]},&quot;gap_widescreen&quot;:{&quot;unit&quot;:&quot;px&quot;,&quot;size&quot;:&quot;&quot;,&quot;sizes&quot;:[]},&quot;gap_tablet&quot;:{&quot;unit&quot;:&quot;px&quot;,&quot;size&quot;:10,&quot;sizes&quot;:[]},&quot;gap_mobile&quot;:{&quot;unit&quot;:&quot;px&quot;,&quot;size&quot;:10,&quot;sizes&quot;:[]},&quot;link_to&quot;:&quot;file&quot;}\" data-widget_type=\"gallery.default\">\n\t\t\t\t\t\t\t<div class=\"elementor-gallery__container\">\n\t\t\t\t\t\t\t<a class=\"e-gallery-item elementor-gallery-item elementor-animated-content\" href=\"https:\/\/s-ce.hr\/wp-content\/uploads\/2025\/09\/SPUD_Skola-primijenjene-umjetnosti-i-dizajna-7-scaled.jpg\" data-elementor-open-lightbox=\"yes\" data-elementor-lightbox-slideshow=\"5fef53d9\" data-e-action-hash=\"#elementor-action%3Aaction%3Dlightbox%26settings%3DeyJpZCI6Nzc3LCJ1cmwiOiJodHRwczpcL1wvcy1jZS5oclwvd3AtY29udGVudFwvdXBsb2Fkc1wvMjAyNVwvMDlcL1NQVURfU2tvbGEtcHJpbWlqZW5qZW5lLXVtamV0bm9zdGktaS1kaXpham5hLTctc2NhbGVkLmpwZyIsInNsaWRlc2hvdyI6IjVmZWY1M2Q5In0%3D\">\n\t\t\t\t\t<div class=\"e-gallery-image elementor-gallery-item__image\" data-thumbnail=\"https:\/\/s-ce.hr\/wp-content\/uploads\/2025\/09\/SPUD_Skola-primijenjene-umjetnosti-i-dizajna-7-1024x683.jpg\" data-width=\"800\" data-height=\"534\" aria-label=\"\" role=\"img\" ><\/div>\n\t\t\t\t\t\t\t\t\t\t\t\t\t\t<\/a>\n\t\t\t\t\t<\/div>\n\t\t\t\t\t<\/div>\n\t\t\t\t<\/div>\n\t\t\t\t<\/div>","protected":false},"excerpt":{"rendered":"<p>CJELOVITA OBNOVA POSLIJE POTRESA \u0160KOLE PRIMJENJENE UMJETNOSTI I DIZAJNA INVESTITOR: Grad Zagreb LOKACIJA: Trg Republike Hrvatske 11, Zagreb USLUGA: stru\u010dni nadzor Projekt predvi\u0111a cjelovitu obnovu povijesne \u010detvorokrilne dvokatnice izgra\u0111ene 1887.\u20131891. prema projektu Hermanna Bollea, pri \u010demu se sanira i poja\u010dava gra\u0111evinska konstrukcija te izvode pripremni, gra\u0111evinski, obrtni\u010dki i instalaterski radovi kako bi se zgrada dovela [&hellip;]<\/p>\n","protected":false},"author":1,"featured_media":0,"parent":6754,"menu_order":0,"comment_status":"closed","ping_status":"closed","template":"","meta":{"footnotes":""},"class_list":["post-9179","page","type-page","status-publish","hentry"],"yoast_head":"<!-- This site is optimized with the Yoast SEO plugin v27.0 - https:\/\/yoast.com\/product\/yoast-seo-wordpress\/ -->\n<title>\u0160PUD - STRUCTURA<\/title>\n<meta name=\"robots\" content=\"index, follow, max-snippet:-1, max-image-preview:large, max-video-preview:-1\" \/>\n<link rel=\"canonical\" href=\"https:\/\/s-ce.hr\/en\/projekti\/spud-zagreb\/\" \/>\n<meta property=\"og:locale\" content=\"en_GB\" \/>\n<meta property=\"og:type\" content=\"article\" \/>\n<meta property=\"og:title\" content=\"\u0160PUD - STRUCTURA\" \/>\n<meta property=\"og:description\" content=\"CJELOVITA OBNOVA POSLIJE POTRESA \u0160KOLE PRIMJENJENE UMJETNOSTI I DIZAJNA INVESTITOR: Grad Zagreb LOKACIJA: Trg Republike Hrvatske 11, Zagreb USLUGA: stru\u010dni nadzor Projekt predvi\u0111a cjelovitu obnovu povijesne \u010detvorokrilne dvokatnice izgra\u0111ene 1887.\u20131891. prema projektu Hermanna Bollea, pri \u010demu se sanira i poja\u010dava gra\u0111evinska konstrukcija te izvode pripremni, gra\u0111evinski, obrtni\u010dki i instalaterski radovi kako bi se zgrada dovela [&hellip;]\" \/>\n<meta property=\"og:url\" content=\"https:\/\/s-ce.hr\/en\/projekti\/spud-zagreb\/\" \/>\n<meta property=\"og:site_name\" content=\"STRUCTURA\" \/>\n<meta property=\"article:modified_time\" content=\"2026-01-04T17:06:24+00:00\" \/>\n<meta name=\"twitter:card\" content=\"summary_large_image\" \/>\n<meta name=\"twitter:label1\" content=\"Estimated reading time\" \/>\n\t<meta name=\"twitter:data1\" content=\"1 minute\" \/>\n<script type=\"application\/ld+json\" class=\"yoast-schema-graph\">{\"@context\":\"https:\/\/schema.org\",\"@graph\":[{\"@type\":\"WebPage\",\"@id\":\"https:\/\/s-ce.hr\/projekti\/spud-zagreb\/\",\"url\":\"https:\/\/s-ce.hr\/projekti\/spud-zagreb\/\",\"name\":\"\u0160PUD - STRUCTURA\",\"isPartOf\":{\"@id\":\"https:\/\/s-ce.hr\/#website\"},\"datePublished\":\"2025-12-19T14:29:00+00:00\",\"dateModified\":\"2026-01-04T17:06:24+00:00\",\"breadcrumb\":{\"@id\":\"https:\/\/s-ce.hr\/projekti\/spud-zagreb\/#breadcrumb\"},\"inLanguage\":\"en-GB\",\"potentialAction\":[{\"@type\":\"ReadAction\",\"target\":[\"https:\/\/s-ce.hr\/projekti\/spud-zagreb\/\"]}]},{\"@type\":\"BreadcrumbList\",\"@id\":\"https:\/\/s-ce.hr\/projekti\/spud-zagreb\/#breadcrumb\",\"itemListElement\":[{\"@type\":\"ListItem\",\"position\":1,\"name\":\"Home\",\"item\":\"https:\/\/s-ce.hr\/\"},{\"@type\":\"ListItem\",\"position\":2,\"name\":\"PROJEKTI\",\"item\":\"https:\/\/s-ce.hr\/projekti\/\"},{\"@type\":\"ListItem\",\"position\":3,\"name\":\"\u0160PUD\"}]},{\"@type\":\"WebSite\",\"@id\":\"https:\/\/s-ce.hr\/#website\",\"url\":\"https:\/\/s-ce.hr\/\",\"name\":\"STRUCTURA Consulting&Engineering\",\"description\":\"Consulting &amp; Engineering\",\"publisher\":{\"@id\":\"https:\/\/s-ce.hr\/#organization\"},\"potentialAction\":[{\"@type\":\"SearchAction\",\"target\":{\"@type\":\"EntryPoint\",\"urlTemplate\":\"https:\/\/s-ce.hr\/?s={search_term_string}\"},\"query-input\":{\"@type\":\"PropertyValueSpecification\",\"valueRequired\":true,\"valueName\":\"search_term_string\"}}],\"inLanguage\":\"en-GB\"},{\"@type\":\"Organization\",\"@id\":\"https:\/\/s-ce.hr\/#organization\",\"name\":\"STRUCTURA Consulting&Engineering\",\"url\":\"https:\/\/s-ce.hr\/\",\"logo\":{\"@type\":\"ImageObject\",\"inLanguage\":\"en-GB\",\"@id\":\"https:\/\/s-ce.hr\/#\/schema\/logo\/image\/\",\"url\":\"https:\/\/s-ce.hr\/wp-content\/uploads\/2025\/09\/Structura-Logo-Box-RGB-01-e1757341507554.jpg\",\"contentUrl\":\"https:\/\/s-ce.hr\/wp-content\/uploads\/2025\/09\/Structura-Logo-Box-RGB-01-e1757341507554.jpg\",\"width\":492,\"height\":330,\"caption\":\"STRUCTURA Consulting&Engineering\"},\"image\":{\"@id\":\"https:\/\/s-ce.hr\/#\/schema\/logo\/image\/\"}}]}<\/script>\n<!-- \/ Yoast SEO plugin. -->","yoast_head_json":{"title":"\u0160PUD - STRUCTURA","robots":{"index":"index","follow":"follow","max-snippet":"max-snippet:-1","max-image-preview":"max-image-preview:large","max-video-preview":"max-video-preview:-1"},"canonical":"https:\/\/s-ce.hr\/en\/projekti\/spud-zagreb\/","og_locale":"en_GB","og_type":"article","og_title":"\u0160PUD - STRUCTURA","og_description":"CJELOVITA OBNOVA POSLIJE POTRESA \u0160KOLE PRIMJENJENE UMJETNOSTI I DIZAJNA INVESTITOR: Grad Zagreb LOKACIJA: Trg Republike Hrvatske 11, Zagreb USLUGA: stru\u010dni nadzor Projekt predvi\u0111a cjelovitu obnovu povijesne \u010detvorokrilne dvokatnice izgra\u0111ene 1887.\u20131891. prema projektu Hermanna Bollea, pri \u010demu se sanira i poja\u010dava gra\u0111evinska konstrukcija te izvode pripremni, gra\u0111evinski, obrtni\u010dki i instalaterski radovi kako bi se zgrada dovela [&hellip;]","og_url":"https:\/\/s-ce.hr\/en\/projekti\/spud-zagreb\/","og_site_name":"STRUCTURA","article_modified_time":"2026-01-04T17:06:24+00:00","twitter_card":"summary_large_image","twitter_misc":{"Estimated reading time":"1 minute"},"schema":{"@context":"https:\/\/schema.org","@graph":[{"@type":"WebPage","@id":"https:\/\/s-ce.hr\/projekti\/spud-zagreb\/","url":"https:\/\/s-ce.hr\/projekti\/spud-zagreb\/","name":"\u0160PUD - STRUCTURA","isPartOf":{"@id":"https:\/\/s-ce.hr\/#website"},"datePublished":"2025-12-19T14:29:00+00:00","dateModified":"2026-01-04T17:06:24+00:00","breadcrumb":{"@id":"https:\/\/s-ce.hr\/projekti\/spud-zagreb\/#breadcrumb"},"inLanguage":"en-GB","potentialAction":[{"@type":"ReadAction","target":["https:\/\/s-ce.hr\/projekti\/spud-zagreb\/"]}]},{"@type":"BreadcrumbList","@id":"https:\/\/s-ce.hr\/projekti\/spud-zagreb\/#breadcrumb","itemListElement":[{"@type":"ListItem","position":1,"name":"Home","item":"https:\/\/s-ce.hr\/"},{"@type":"ListItem","position":2,"name":"PROJEKTI","item":"https:\/\/s-ce.hr\/projekti\/"},{"@type":"ListItem","position":3,"name":"\u0160PUD"}]},{"@type":"WebSite","@id":"https:\/\/s-ce.hr\/#website","url":"https:\/\/s-ce.hr\/","name":"STRUCTURA Consulting&Engineering","description":"Consulting &amp; Engineering","publisher":{"@id":"https:\/\/s-ce.hr\/#organization"},"potentialAction":[{"@type":"SearchAction","target":{"@type":"EntryPoint","urlTemplate":"https:\/\/s-ce.hr\/?s={search_term_string}"},"query-input":{"@type":"PropertyValueSpecification","valueRequired":true,"valueName":"search_term_string"}}],"inLanguage":"en-GB"},{"@type":"Organization","@id":"https:\/\/s-ce.hr\/#organization","name":"STRUCTURA Consulting&Engineering","url":"https:\/\/s-ce.hr\/","logo":{"@type":"ImageObject","inLanguage":"en-GB","@id":"https:\/\/s-ce.hr\/#\/schema\/logo\/image\/","url":"https:\/\/s-ce.hr\/wp-content\/uploads\/2025\/09\/Structura-Logo-Box-RGB-01-e1757341507554.jpg","contentUrl":"https:\/\/s-ce.hr\/wp-content\/uploads\/2025\/09\/Structura-Logo-Box-RGB-01-e1757341507554.jpg","width":492,"height":330,"caption":"STRUCTURA Consulting&Engineering"},"image":{"@id":"https:\/\/s-ce.hr\/#\/schema\/logo\/image\/"}}]}},"_links":{"self":[{"href":"https:\/\/s-ce.hr\/en\/wp-json\/wp\/v2\/pages\/9179","targetHints":{"allow":["GET"]}}],"collection":[{"href":"https:\/\/s-ce.hr\/en\/wp-json\/wp\/v2\/pages"}],"about":[{"href":"https:\/\/s-ce.hr\/en\/wp-json\/wp\/v2\/types\/page"}],"author":[{"embeddable":true,"href":"https:\/\/s-ce.hr\/en\/wp-json\/wp\/v2\/users\/1"}],"replies":[{"embeddable":true,"href":"https:\/\/s-ce.hr\/en\/wp-json\/wp\/v2\/comments?post=9179"}],"version-history":[{"count":55,"href":"https:\/\/s-ce.hr\/en\/wp-json\/wp\/v2\/pages\/9179\/revisions"}],"predecessor-version":[{"id":9762,"href":"https:\/\/s-ce.hr\/en\/wp-json\/wp\/v2\/pages\/9179\/revisions\/9762"}],"up":[{"embeddable":true,"href":"https:\/\/s-ce.hr\/en\/wp-json\/wp\/v2\/pages\/6754"}],"wp:attachment":[{"href":"https:\/\/s-ce.hr\/en\/wp-json\/wp\/v2\/media?parent=9179"}],"curies":[{"name":"wp","href":"https:\/\/api.w.org\/{rel}","templated":true}]}}