{"id":9139,"date":"2025-12-19T14:08:10","date_gmt":"2025-12-19T14:08:10","guid":{"rendered":"https:\/\/s-ce.hr\/?page_id=9139"},"modified":"2026-01-04T17:03:44","modified_gmt":"2026-01-04T17:03:44","slug":"hbor","status":"publish","type":"page","link":"https:\/\/s-ce.hr\/en\/projekti\/hbor\/","title":{"rendered":"HBOR"},"content":{"rendered":"<div data-elementor-type=\"wp-page\" data-elementor-id=\"9139\" class=\"elementor elementor-9139\" data-elementor-post-type=\"page\">\n\t\t\t\t<div class=\"elementor-element elementor-element-302aed0b fade-section e-flex e-con-boxed e-con e-parent\" data-id=\"302aed0b\" data-element_type=\"container\" data-settings=\"{&quot;background_background&quot;:&quot;classic&quot;}\">\n\t\t\t\t\t<div class=\"e-con-inner\">\n\t\t\t\t\t<\/div>\n\t\t\t\t<\/div>\n\t\t<div class=\"elementor-element elementor-element-3b96618d e-con-full e-flex e-con e-parent\" data-id=\"3b96618d\" data-element_type=\"container\" data-settings=\"{&quot;background_background&quot;:&quot;classic&quot;}\">\n\t\t<div class=\"elementor-element elementor-element-6a108ab4 e-con-full card e-flex e-con e-child\" data-id=\"6a108ab4\" data-element_type=\"container\" data-settings=\"{&quot;background_background&quot;:&quot;gradient&quot;}\">\n\t\t<div class=\"elementor-element elementor-element-1d3f70b5 e-con-full e-flex e-con e-child\" data-id=\"1d3f70b5\" data-element_type=\"container\">\n\t\t\t\t<div class=\"elementor-element elementor-element-50c0adfd elementor-widget elementor-widget-heading\" data-id=\"50c0adfd\" data-element_type=\"widget\" data-widget_type=\"heading.default\">\n\t\t\t\t\t<h2 class=\"elementor-heading-title elementor-size-default\">COMPREHENSIVE POST-EARTHQUAKE RENOVATION OF THE CROATIAN BANK OF RECONSTRUCTION AND DEVELOPMENT BUILDING<\/h2>\t\t\t\t<\/div>\n\t\t\t\t<div class=\"elementor-element elementor-element-8b25a0a elementor-widget elementor-widget-heading\" data-id=\"8b25a0a\" data-element_type=\"widget\" data-widget_type=\"heading.default\">\n\t\t\t\t\t<h2 class=\"elementor-heading-title elementor-size-default\">INVESTOR: Croatian bank of Reconstruction and Development<\/h2>\t\t\t\t<\/div>\n\t\t\t\t<div class=\"elementor-element elementor-element-2fe472ad elementor-widget elementor-widget-heading\" data-id=\"2fe472ad\" data-element_type=\"widget\" data-widget_type=\"heading.default\">\n\t\t\t\t\t<h2 class=\"elementor-heading-title elementor-size-default\">LOCATION:  Strossmayerov trg 9, Zagreb<\/h2>\t\t\t\t<\/div>\n\t\t\t\t<div class=\"elementor-element elementor-element-5b1c0385 elementor-widget elementor-widget-heading\" data-id=\"5b1c0385\" data-element_type=\"widget\" data-widget_type=\"heading.default\">\n\t\t\t\t\t<h2 class=\"elementor-heading-title elementor-size-default\">SERVICE: Construction supervision<\/h2>\t\t\t\t<\/div>\n\t\t\t\t<div class=\"elementor-element elementor-element-789a45da elementor-widget elementor-widget-text-editor\" data-id=\"789a45da\" data-element_type=\"widget\" data-widget_type=\"text-editor.default\">\n\t\t\t\t\t\t\t\t\t<p>The project provides a technical solution for the complete rehabilitation and modernisation of the building damaged in the earthquake of 22 March 2020, with demonstration of compliance with the essential requirements for structures in accordance with applicable regulations.<\/p><p>The building was originally constructed in 1899 to a design by Alexander von Aigner in the historicist style with an eclectic fa\u00e7ade. It was originally a corner building with commercial spaces arranged around an open courtyard, comprising a basement, ground floor, three upper floors, and an undeveloped attic. During the 1996 reconstruction, the courtyard was covered, the basement and ground floor were refurbished, the boiler room was relocated to the fourth floor, and the attic was converted into office space. In 2017, a new cooling system with a platform for VRV units was installed.<\/p><p>The building is located within the Historic Urban Area of the City of Zagreb (Z-1525) and the \"Green Horseshoe\" (Z-1536), and is therefore subject to conservation conditions, although it is not individually listed as a protected immovable asset. The current building has six floors and a covered atrium providing natural light and ventilation, with an irregular pentagonal floor plan and a dome at the street corner junction.<\/p><p>The project envisages a comprehensive structural and technical renovation, rehabilitation of historic elements, and modernisation of installations, in order to restore the building to a safe, functional, and long-term sustainable condition within the protected historic area.<\/p>\t\t\t\t\t\t\t\t<\/div>\n\t\t\t\t<\/div>\n\t\t\t\t<\/div>\n\t\t\t\t<div class=\"elementor-element elementor-element-8f0aaa0 elementor-widget elementor-widget-gallery\" data-id=\"8f0aaa0\" data-element_type=\"widget\" data-settings=\"{&quot;columns&quot;:1,&quot;image_hover_animation&quot;:&quot;grow&quot;,&quot;aspect_ratio&quot;:&quot;1:1&quot;,&quot;gallery_layout&quot;:&quot;grid&quot;,&quot;columns_tablet&quot;:2,&quot;columns_mobile&quot;:1,&quot;gap&quot;:{&quot;unit&quot;:&quot;px&quot;,&quot;size&quot;:10,&quot;sizes&quot;:[]},&quot;gap_widescreen&quot;:{&quot;unit&quot;:&quot;px&quot;,&quot;size&quot;:&quot;&quot;,&quot;sizes&quot;:[]},&quot;gap_tablet&quot;:{&quot;unit&quot;:&quot;px&quot;,&quot;size&quot;:10,&quot;sizes&quot;:[]},&quot;gap_mobile&quot;:{&quot;unit&quot;:&quot;px&quot;,&quot;size&quot;:10,&quot;sizes&quot;:[]},&quot;link_to&quot;:&quot;file&quot;}\" data-widget_type=\"gallery.default\">\n\t\t\t\t\t\t\t<div class=\"elementor-gallery__container\">\n\t\t\t\t\t\t\t<a class=\"e-gallery-item elementor-gallery-item elementor-animated-content\" href=\"https:\/\/s-ce.hr\/wp-content\/uploads\/2025\/09\/hbor06-03.jpg\" data-elementor-open-lightbox=\"yes\" data-elementor-lightbox-slideshow=\"8f0aaa0\" data-e-action-hash=\"#elementor-action%3Aaction%3Dlightbox%26settings%3DeyJpZCI6Nzk1LCJ1cmwiOiJodHRwczpcL1wvcy1jZS5oclwvd3AtY29udGVudFwvdXBsb2Fkc1wvMjAyNVwvMDlcL2hib3IwNi0wMy5qcGciLCJzbGlkZXNob3ciOiI4ZjBhYWEwIn0%3D\">\n\t\t\t\t\t<div class=\"e-gallery-image elementor-gallery-item__image\" data-thumbnail=\"https:\/\/s-ce.hr\/wp-content\/uploads\/2025\/09\/hbor06-03.jpg\" data-width=\"800\" data-height=\"402\" aria-label=\"\" role=\"img\" ><\/div>\n\t\t\t\t\t\t\t\t\t\t\t\t\t\t<\/a>\n\t\t\t\t\t<\/div>\n\t\t\t\t\t<\/div>\n\t\t\t\t<\/div>\n\t\t\t\t<\/div>","protected":false},"excerpt":{"rendered":"<p>CJELOVITA OBNOVA POSLIJE POTRESA ZGRADE HRVATSKE BANKE ZA OBNOVU I RAZVITAK INVESTITOR: Hrvatska banka za obnovu i razvitak LOKACIJA: Strossmayerov trg 9, Zagreb USLUGA: stru\u010dni nadzor Projekt daje tehni\u010dko rje\u0161enje za kompletnu sanaciju i modernizaciju objekta o\u0161te\u0107enog u potresu 22. o\u017eujka 2020., uz dokazivanje uskla\u0111enosti s temeljnim zahtjevima za gra\u0111evine prema va\u017ee\u0107im propisima. Gra\u0111evina je [&hellip;]<\/p>\n","protected":false},"author":1,"featured_media":0,"parent":6754,"menu_order":0,"comment_status":"closed","ping_status":"closed","template":"","meta":{"footnotes":""},"class_list":["post-9139","page","type-page","status-publish","hentry"],"yoast_head":"<!-- This site is optimized with the Yoast SEO plugin v27.0 - https:\/\/yoast.com\/product\/yoast-seo-wordpress\/ -->\n<title>HBOR - STRUCTURA<\/title>\n<meta name=\"robots\" content=\"index, follow, max-snippet:-1, max-image-preview:large, max-video-preview:-1\" \/>\n<link rel=\"canonical\" href=\"https:\/\/s-ce.hr\/en\/projekti\/hbor\/\" \/>\n<meta property=\"og:locale\" content=\"en_GB\" \/>\n<meta property=\"og:type\" content=\"article\" \/>\n<meta property=\"og:title\" content=\"HBOR - STRUCTURA\" \/>\n<meta property=\"og:description\" content=\"CJELOVITA OBNOVA POSLIJE POTRESA ZGRADE HRVATSKE BANKE ZA OBNOVU I RAZVITAK INVESTITOR: Hrvatska banka za obnovu i razvitak LOKACIJA: Strossmayerov trg 9, Zagreb USLUGA: stru\u010dni nadzor Projekt daje tehni\u010dko rje\u0161enje za kompletnu sanaciju i modernizaciju objekta o\u0161te\u0107enog u potresu 22. o\u017eujka 2020., uz dokazivanje uskla\u0111enosti s temeljnim zahtjevima za gra\u0111evine prema va\u017ee\u0107im propisima. Gra\u0111evina je [&hellip;]\" \/>\n<meta property=\"og:url\" content=\"https:\/\/s-ce.hr\/en\/projekti\/hbor\/\" \/>\n<meta property=\"og:site_name\" content=\"STRUCTURA\" \/>\n<meta property=\"article:modified_time\" content=\"2026-01-04T17:03:44+00:00\" \/>\n<meta name=\"twitter:card\" content=\"summary_large_image\" \/>\n<meta name=\"twitter:label1\" content=\"Estimated reading time\" \/>\n\t<meta name=\"twitter:data1\" content=\"1 minute\" \/>\n<script type=\"application\/ld+json\" class=\"yoast-schema-graph\">{\"@context\":\"https:\/\/schema.org\",\"@graph\":[{\"@type\":\"WebPage\",\"@id\":\"https:\/\/s-ce.hr\/projekti\/hbor\/\",\"url\":\"https:\/\/s-ce.hr\/projekti\/hbor\/\",\"name\":\"HBOR - STRUCTURA\",\"isPartOf\":{\"@id\":\"https:\/\/s-ce.hr\/#website\"},\"datePublished\":\"2025-12-19T14:08:10+00:00\",\"dateModified\":\"2026-01-04T17:03:44+00:00\",\"breadcrumb\":{\"@id\":\"https:\/\/s-ce.hr\/projekti\/hbor\/#breadcrumb\"},\"inLanguage\":\"en-GB\",\"potentialAction\":[{\"@type\":\"ReadAction\",\"target\":[\"https:\/\/s-ce.hr\/projekti\/hbor\/\"]}]},{\"@type\":\"BreadcrumbList\",\"@id\":\"https:\/\/s-ce.hr\/projekti\/hbor\/#breadcrumb\",\"itemListElement\":[{\"@type\":\"ListItem\",\"position\":1,\"name\":\"Home\",\"item\":\"https:\/\/s-ce.hr\/\"},{\"@type\":\"ListItem\",\"position\":2,\"name\":\"PROJEKTI\",\"item\":\"https:\/\/s-ce.hr\/projekti\/\"},{\"@type\":\"ListItem\",\"position\":3,\"name\":\"HBOR\"}]},{\"@type\":\"WebSite\",\"@id\":\"https:\/\/s-ce.hr\/#website\",\"url\":\"https:\/\/s-ce.hr\/\",\"name\":\"STRUCTURA Consulting&Engineering\",\"description\":\"Consulting &amp; Engineering\",\"publisher\":{\"@id\":\"https:\/\/s-ce.hr\/#organization\"},\"potentialAction\":[{\"@type\":\"SearchAction\",\"target\":{\"@type\":\"EntryPoint\",\"urlTemplate\":\"https:\/\/s-ce.hr\/?s={search_term_string}\"},\"query-input\":{\"@type\":\"PropertyValueSpecification\",\"valueRequired\":true,\"valueName\":\"search_term_string\"}}],\"inLanguage\":\"en-GB\"},{\"@type\":\"Organization\",\"@id\":\"https:\/\/s-ce.hr\/#organization\",\"name\":\"STRUCTURA Consulting&Engineering\",\"url\":\"https:\/\/s-ce.hr\/\",\"logo\":{\"@type\":\"ImageObject\",\"inLanguage\":\"en-GB\",\"@id\":\"https:\/\/s-ce.hr\/#\/schema\/logo\/image\/\",\"url\":\"https:\/\/s-ce.hr\/wp-content\/uploads\/2025\/09\/Structura-Logo-Box-RGB-01-e1757341507554.jpg\",\"contentUrl\":\"https:\/\/s-ce.hr\/wp-content\/uploads\/2025\/09\/Structura-Logo-Box-RGB-01-e1757341507554.jpg\",\"width\":492,\"height\":330,\"caption\":\"STRUCTURA Consulting&Engineering\"},\"image\":{\"@id\":\"https:\/\/s-ce.hr\/#\/schema\/logo\/image\/\"}}]}<\/script>\n<!-- \/ Yoast SEO plugin. -->","yoast_head_json":{"title":"HBOR - STRUCTURA","robots":{"index":"index","follow":"follow","max-snippet":"max-snippet:-1","max-image-preview":"max-image-preview:large","max-video-preview":"max-video-preview:-1"},"canonical":"https:\/\/s-ce.hr\/en\/projekti\/hbor\/","og_locale":"en_GB","og_type":"article","og_title":"HBOR - STRUCTURA","og_description":"CJELOVITA OBNOVA POSLIJE POTRESA ZGRADE HRVATSKE BANKE ZA OBNOVU I RAZVITAK INVESTITOR: Hrvatska banka za obnovu i razvitak LOKACIJA: Strossmayerov trg 9, Zagreb USLUGA: stru\u010dni nadzor Projekt daje tehni\u010dko rje\u0161enje za kompletnu sanaciju i modernizaciju objekta o\u0161te\u0107enog u potresu 22. o\u017eujka 2020., uz dokazivanje uskla\u0111enosti s temeljnim zahtjevima za gra\u0111evine prema va\u017ee\u0107im propisima. Gra\u0111evina je [&hellip;]","og_url":"https:\/\/s-ce.hr\/en\/projekti\/hbor\/","og_site_name":"STRUCTURA","article_modified_time":"2026-01-04T17:03:44+00:00","twitter_card":"summary_large_image","twitter_misc":{"Estimated reading time":"1 minute"},"schema":{"@context":"https:\/\/schema.org","@graph":[{"@type":"WebPage","@id":"https:\/\/s-ce.hr\/projekti\/hbor\/","url":"https:\/\/s-ce.hr\/projekti\/hbor\/","name":"HBOR - STRUCTURA","isPartOf":{"@id":"https:\/\/s-ce.hr\/#website"},"datePublished":"2025-12-19T14:08:10+00:00","dateModified":"2026-01-04T17:03:44+00:00","breadcrumb":{"@id":"https:\/\/s-ce.hr\/projekti\/hbor\/#breadcrumb"},"inLanguage":"en-GB","potentialAction":[{"@type":"ReadAction","target":["https:\/\/s-ce.hr\/projekti\/hbor\/"]}]},{"@type":"BreadcrumbList","@id":"https:\/\/s-ce.hr\/projekti\/hbor\/#breadcrumb","itemListElement":[{"@type":"ListItem","position":1,"name":"Home","item":"https:\/\/s-ce.hr\/"},{"@type":"ListItem","position":2,"name":"PROJEKTI","item":"https:\/\/s-ce.hr\/projekti\/"},{"@type":"ListItem","position":3,"name":"HBOR"}]},{"@type":"WebSite","@id":"https:\/\/s-ce.hr\/#website","url":"https:\/\/s-ce.hr\/","name":"STRUCTURA Consulting&Engineering","description":"Consulting &amp; Engineering","publisher":{"@id":"https:\/\/s-ce.hr\/#organization"},"potentialAction":[{"@type":"SearchAction","target":{"@type":"EntryPoint","urlTemplate":"https:\/\/s-ce.hr\/?s={search_term_string}"},"query-input":{"@type":"PropertyValueSpecification","valueRequired":true,"valueName":"search_term_string"}}],"inLanguage":"en-GB"},{"@type":"Organization","@id":"https:\/\/s-ce.hr\/#organization","name":"STRUCTURA Consulting&Engineering","url":"https:\/\/s-ce.hr\/","logo":{"@type":"ImageObject","inLanguage":"en-GB","@id":"https:\/\/s-ce.hr\/#\/schema\/logo\/image\/","url":"https:\/\/s-ce.hr\/wp-content\/uploads\/2025\/09\/Structura-Logo-Box-RGB-01-e1757341507554.jpg","contentUrl":"https:\/\/s-ce.hr\/wp-content\/uploads\/2025\/09\/Structura-Logo-Box-RGB-01-e1757341507554.jpg","width":492,"height":330,"caption":"STRUCTURA Consulting&Engineering"},"image":{"@id":"https:\/\/s-ce.hr\/#\/schema\/logo\/image\/"}}]}},"_links":{"self":[{"href":"https:\/\/s-ce.hr\/en\/wp-json\/wp\/v2\/pages\/9139","targetHints":{"allow":["GET"]}}],"collection":[{"href":"https:\/\/s-ce.hr\/en\/wp-json\/wp\/v2\/pages"}],"about":[{"href":"https:\/\/s-ce.hr\/en\/wp-json\/wp\/v2\/types\/page"}],"author":[{"embeddable":true,"href":"https:\/\/s-ce.hr\/en\/wp-json\/wp\/v2\/users\/1"}],"replies":[{"embeddable":true,"href":"https:\/\/s-ce.hr\/en\/wp-json\/wp\/v2\/comments?post=9139"}],"version-history":[{"count":47,"href":"https:\/\/s-ce.hr\/en\/wp-json\/wp\/v2\/pages\/9139\/revisions"}],"predecessor-version":[{"id":9741,"href":"https:\/\/s-ce.hr\/en\/wp-json\/wp\/v2\/pages\/9139\/revisions\/9741"}],"up":[{"embeddable":true,"href":"https:\/\/s-ce.hr\/en\/wp-json\/wp\/v2\/pages\/6754"}],"wp:attachment":[{"href":"https:\/\/s-ce.hr\/en\/wp-json\/wp\/v2\/media?parent=9139"}],"curies":[{"name":"wp","href":"https:\/\/api.w.org\/{rel}","templated":true}]}}