{"id":9117,"date":"2025-12-19T10:07:35","date_gmt":"2025-12-19T10:07:35","guid":{"rendered":"https:\/\/s-ce.hr\/?page_id=9117"},"modified":"2026-01-04T16:58:55","modified_gmt":"2026-01-04T16:58:55","slug":"os-ivana-kozarca","status":"publish","type":"page","link":"https:\/\/s-ce.hr\/en\/projekti\/os-ivana-kozarca\/","title":{"rendered":"O\u0160 Ivana Kozarca"},"content":{"rendered":"<div data-elementor-type=\"wp-page\" data-elementor-id=\"9117\" class=\"elementor elementor-9117\" data-elementor-post-type=\"page\">\n\t\t\t\t<div class=\"elementor-element elementor-element-77b82bc4 fade-section e-flex e-con-boxed e-con e-parent\" data-id=\"77b82bc4\" data-element_type=\"container\" data-settings=\"{&quot;background_background&quot;:&quot;classic&quot;}\">\n\t\t\t\t\t<div class=\"e-con-inner\">\n\t\t\t\t\t<\/div>\n\t\t\t\t<\/div>\n\t\t<div class=\"elementor-element elementor-element-68c1f65c e-con-full e-flex e-con e-parent\" data-id=\"68c1f65c\" data-element_type=\"container\" data-settings=\"{&quot;background_background&quot;:&quot;classic&quot;}\">\n\t\t<div class=\"elementor-element elementor-element-c38f711 e-con-full card e-flex e-con e-child\" data-id=\"c38f711\" data-element_type=\"container\" data-settings=\"{&quot;background_background&quot;:&quot;gradient&quot;}\">\n\t\t<div class=\"elementor-element elementor-element-42446690 e-con-full e-flex e-con e-child\" data-id=\"42446690\" data-element_type=\"container\">\n\t\t\t\t<div class=\"elementor-element elementor-element-14e3c2e6 elementor-widget elementor-widget-heading\" data-id=\"14e3c2e6\" data-element_type=\"widget\" data-widget_type=\"heading.default\">\n\t\t\t\t\t<h2 class=\"elementor-heading-title elementor-size-default\">ENERGY RENOVATION OF IVAN KOZARAC PRIMARY SCHOOL IN \u017dUPANJA<\/h2>\t\t\t\t<\/div>\n\t\t\t\t<div class=\"elementor-element elementor-element-71180cec elementor-widget elementor-widget-heading\" data-id=\"71180cec\" data-element_type=\"widget\" data-widget_type=\"heading.default\">\n\t\t\t\t\t<h2 class=\"elementor-heading-title elementor-size-default\">INVESTOR: Ivan Kozarac Primary School \u017dupanja<\/h2>\t\t\t\t<\/div>\n\t\t\t\t<div class=\"elementor-element elementor-element-7ca4c625 elementor-widget elementor-widget-heading\" data-id=\"7ca4c625\" data-element_type=\"widget\" data-widget_type=\"heading.default\">\n\t\t\t\t\t<h2 class=\"elementor-heading-title elementor-size-default\">LOCATION:  Dr. F. Ra\u010dkog 30, \u017dupanja<\/h2>\t\t\t\t<\/div>\n\t\t\t\t<div class=\"elementor-element elementor-element-dfe8a18 elementor-widget elementor-widget-heading\" data-id=\"dfe8a18\" data-element_type=\"widget\" data-widget_type=\"heading.default\">\n\t\t\t\t\t<h2 class=\"elementor-heading-title elementor-size-default\">SERVICE: Construction supervision<\/h2>\t\t\t\t<\/div>\n\t\t\t\t<div class=\"elementor-element elementor-element-5532dc2c elementor-widget elementor-widget-text-editor\" data-id=\"5532dc2c\" data-element_type=\"widget\" data-widget_type=\"text-editor.default\">\n\t\t\t\t\t\t\t\t\t<p data-start=\"161\" data-end=\"540\">The school building was constructed in 1975, while the sports hall was added as an extension in 1983, in accordance with the main design documentation and building permits of the time. The complex is organised as a unified functional entity in which the school building has a ground floor and first floor (G and G+1), while the sports hall is a single-storey structure, with the two connected by an internal circulation corridor. The structural system of the school section is based on reinforced concrete columns with block-brick infill and reinforced concrete intermediate floor slabs, while the sports hall employs a combination of reinforced concrete and fa\u00e7ade masonry walls with a timber roof structure supported by glued laminated timber beams. The foundations are constructed as strip footings of compacted concrete.<\/p><p data-start=\"161\" data-end=\"540\">The energy renovation project envisages a comprehensive improvement of technical system efficiency, including the installation of an air-to-water heat pump as a renewable energy source, installation of condensing gas boilers for heating, a condensing system for domestic hot water preparation, storage tanks for the accumulation of heating and domestic hot water, and the replacement and supplementation of radiator equipment. In part of the building, existing radiators are being replaced, while in another section of the school, thermostatic valves are being installed on existing heating elements, thereby achieving more precise temperature control and reduced energy losses. The sports hall is being equipped with a designed ventilation and air conditioning system, and the entire facility is being fitted with a building automation and management system for the monitoring and optimisation of energy consumption.<\/p>\t\t\t\t\t\t\t\t<\/div>\n\t\t\t\t<\/div>\n\t\t\t\t<\/div>\n\t\t\t\t<div class=\"elementor-element elementor-element-5f09e878 elementor-widget elementor-widget-gallery\" data-id=\"5f09e878\" data-element_type=\"widget\" data-settings=\"{&quot;columns&quot;:1,&quot;image_hover_animation&quot;:&quot;grow&quot;,&quot;aspect_ratio&quot;:&quot;1:1&quot;,&quot;gallery_layout&quot;:&quot;grid&quot;,&quot;columns_tablet&quot;:2,&quot;columns_mobile&quot;:1,&quot;gap&quot;:{&quot;unit&quot;:&quot;px&quot;,&quot;size&quot;:10,&quot;sizes&quot;:[]},&quot;gap_widescreen&quot;:{&quot;unit&quot;:&quot;px&quot;,&quot;size&quot;:&quot;&quot;,&quot;sizes&quot;:[]},&quot;gap_tablet&quot;:{&quot;unit&quot;:&quot;px&quot;,&quot;size&quot;:10,&quot;sizes&quot;:[]},&quot;gap_mobile&quot;:{&quot;unit&quot;:&quot;px&quot;,&quot;size&quot;:10,&quot;sizes&quot;:[]},&quot;link_to&quot;:&quot;file&quot;}\" data-widget_type=\"gallery.default\">\n\t\t\t\t\t\t\t<div class=\"elementor-gallery__container\">\n\t\t\t\t\t\t\t<a class=\"e-gallery-item elementor-gallery-item elementor-animated-content\" href=\"https:\/\/s-ce.hr\/wp-content\/uploads\/2025\/09\/Messenger_creation_feae1577-e680-42e2-979d-d6308da7c9f6.jpg\" data-elementor-open-lightbox=\"yes\" data-elementor-lightbox-slideshow=\"5f09e878\" data-e-action-hash=\"#elementor-action%3Aaction%3Dlightbox%26settings%3DeyJpZCI6NzY2LCJ1cmwiOiJodHRwczpcL1wvcy1jZS5oclwvd3AtY29udGVudFwvdXBsb2Fkc1wvMjAyNVwvMDlcL01lc3Nlbmdlcl9jcmVhdGlvbl9mZWFlMTU3Ny1lNjgwLTQyZTItOTc5ZC1kNjMwOGRhN2M5ZjYuanBnIiwic2xpZGVzaG93IjoiNWYwOWU4NzgifQ%3D%3D\">\n\t\t\t\t\t<div class=\"e-gallery-image elementor-gallery-item__image\" data-thumbnail=\"https:\/\/s-ce.hr\/wp-content\/uploads\/2025\/09\/Messenger_creation_feae1577-e680-42e2-979d-d6308da7c9f6.jpg\" data-width=\"800\" data-height=\"503\" aria-label=\"\" role=\"img\" ><\/div>\n\t\t\t\t\t\t\t\t\t\t\t\t\t\t<\/a>\n\t\t\t\t\t<\/div>\n\t\t\t\t\t<\/div>\n\t\t\t\t<\/div>\n\t\t\t\t<\/div>","protected":false},"excerpt":{"rendered":"<p>ENERGETSKA OBNOVA OSNOVNE \u0160KOLE IVANA KOZARCA U \u017dUPANJI INVESTITOR: O\u0160 Ivana Kozarca \u017dupanja LOKACIJA: Dr. F. Ra\u010dkog 30, \u017dupanja USLUGA: stru\u010dni nadzor \u0160kolska zgrada izgra\u0111ena je 1975. godine, dok je sportska dvorana dogra\u0111ena 1983., u skladu s glavnim projektima i tada\u0161njim odobrenjima za gra\u0111enje. Kompleks je organiziran kao jedinstvena funkcionalna cjelina u kojoj je \u0161kolska [&hellip;]<\/p>\n","protected":false},"author":1,"featured_media":0,"parent":6754,"menu_order":0,"comment_status":"closed","ping_status":"closed","template":"","meta":{"footnotes":""},"class_list":["post-9117","page","type-page","status-publish","hentry"],"yoast_head":"<!-- This site is optimized with the Yoast SEO plugin v27.0 - https:\/\/yoast.com\/product\/yoast-seo-wordpress\/ -->\n<title>O\u0160 Ivana Kozarca - STRUCTURA<\/title>\n<meta name=\"robots\" content=\"index, follow, max-snippet:-1, max-image-preview:large, max-video-preview:-1\" \/>\n<link rel=\"canonical\" href=\"https:\/\/s-ce.hr\/en\/projekti\/os-ivana-kozarca\/\" \/>\n<meta property=\"og:locale\" content=\"en_GB\" \/>\n<meta property=\"og:type\" content=\"article\" \/>\n<meta property=\"og:title\" content=\"O\u0160 Ivana Kozarca - STRUCTURA\" \/>\n<meta property=\"og:description\" content=\"ENERGETSKA OBNOVA OSNOVNE \u0160KOLE IVANA KOZARCA U \u017dUPANJI INVESTITOR: O\u0160 Ivana Kozarca \u017dupanja LOKACIJA: Dr. F. Ra\u010dkog 30, \u017dupanja USLUGA: stru\u010dni nadzor \u0160kolska zgrada izgra\u0111ena je 1975. godine, dok je sportska dvorana dogra\u0111ena 1983., u skladu s glavnim projektima i tada\u0161njim odobrenjima za gra\u0111enje. Kompleks je organiziran kao jedinstvena funkcionalna cjelina u kojoj je \u0161kolska [&hellip;]\" \/>\n<meta property=\"og:url\" content=\"https:\/\/s-ce.hr\/en\/projekti\/os-ivana-kozarca\/\" \/>\n<meta property=\"og:site_name\" content=\"STRUCTURA\" \/>\n<meta property=\"article:modified_time\" content=\"2026-01-04T16:58:55+00:00\" \/>\n<meta name=\"twitter:card\" content=\"summary_large_image\" \/>\n<meta name=\"twitter:label1\" content=\"Estimated reading time\" \/>\n\t<meta name=\"twitter:data1\" content=\"1 minute\" \/>\n<script type=\"application\/ld+json\" class=\"yoast-schema-graph\">{\"@context\":\"https:\/\/schema.org\",\"@graph\":[{\"@type\":\"WebPage\",\"@id\":\"https:\/\/s-ce.hr\/projekti\/os-ivana-kozarca\/\",\"url\":\"https:\/\/s-ce.hr\/projekti\/os-ivana-kozarca\/\",\"name\":\"O\u0160 Ivana Kozarca - STRUCTURA\",\"isPartOf\":{\"@id\":\"https:\/\/s-ce.hr\/#website\"},\"datePublished\":\"2025-12-19T10:07:35+00:00\",\"dateModified\":\"2026-01-04T16:58:55+00:00\",\"breadcrumb\":{\"@id\":\"https:\/\/s-ce.hr\/projekti\/os-ivana-kozarca\/#breadcrumb\"},\"inLanguage\":\"en-GB\",\"potentialAction\":[{\"@type\":\"ReadAction\",\"target\":[\"https:\/\/s-ce.hr\/projekti\/os-ivana-kozarca\/\"]}]},{\"@type\":\"BreadcrumbList\",\"@id\":\"https:\/\/s-ce.hr\/projekti\/os-ivana-kozarca\/#breadcrumb\",\"itemListElement\":[{\"@type\":\"ListItem\",\"position\":1,\"name\":\"Home\",\"item\":\"https:\/\/s-ce.hr\/\"},{\"@type\":\"ListItem\",\"position\":2,\"name\":\"PROJEKTI\",\"item\":\"https:\/\/s-ce.hr\/projekti\/\"},{\"@type\":\"ListItem\",\"position\":3,\"name\":\"O\u0160 Ivana Kozarca\"}]},{\"@type\":\"WebSite\",\"@id\":\"https:\/\/s-ce.hr\/#website\",\"url\":\"https:\/\/s-ce.hr\/\",\"name\":\"STRUCTURA Consulting&Engineering\",\"description\":\"Consulting &amp; Engineering\",\"publisher\":{\"@id\":\"https:\/\/s-ce.hr\/#organization\"},\"potentialAction\":[{\"@type\":\"SearchAction\",\"target\":{\"@type\":\"EntryPoint\",\"urlTemplate\":\"https:\/\/s-ce.hr\/?s={search_term_string}\"},\"query-input\":{\"@type\":\"PropertyValueSpecification\",\"valueRequired\":true,\"valueName\":\"search_term_string\"}}],\"inLanguage\":\"en-GB\"},{\"@type\":\"Organization\",\"@id\":\"https:\/\/s-ce.hr\/#organization\",\"name\":\"STRUCTURA Consulting&Engineering\",\"url\":\"https:\/\/s-ce.hr\/\",\"logo\":{\"@type\":\"ImageObject\",\"inLanguage\":\"en-GB\",\"@id\":\"https:\/\/s-ce.hr\/#\/schema\/logo\/image\/\",\"url\":\"https:\/\/s-ce.hr\/wp-content\/uploads\/2025\/09\/Structura-Logo-Box-RGB-01-e1757341507554.jpg\",\"contentUrl\":\"https:\/\/s-ce.hr\/wp-content\/uploads\/2025\/09\/Structura-Logo-Box-RGB-01-e1757341507554.jpg\",\"width\":492,\"height\":330,\"caption\":\"STRUCTURA Consulting&Engineering\"},\"image\":{\"@id\":\"https:\/\/s-ce.hr\/#\/schema\/logo\/image\/\"}}]}<\/script>\n<!-- \/ Yoast SEO plugin. -->","yoast_head_json":{"title":"O\u0160 Ivana Kozarca - STRUCTURA","robots":{"index":"index","follow":"follow","max-snippet":"max-snippet:-1","max-image-preview":"max-image-preview:large","max-video-preview":"max-video-preview:-1"},"canonical":"https:\/\/s-ce.hr\/en\/projekti\/os-ivana-kozarca\/","og_locale":"en_GB","og_type":"article","og_title":"O\u0160 Ivana Kozarca - STRUCTURA","og_description":"ENERGETSKA OBNOVA OSNOVNE \u0160KOLE IVANA KOZARCA U \u017dUPANJI INVESTITOR: O\u0160 Ivana Kozarca \u017dupanja LOKACIJA: Dr. F. Ra\u010dkog 30, \u017dupanja USLUGA: stru\u010dni nadzor \u0160kolska zgrada izgra\u0111ena je 1975. godine, dok je sportska dvorana dogra\u0111ena 1983., u skladu s glavnim projektima i tada\u0161njim odobrenjima za gra\u0111enje. Kompleks je organiziran kao jedinstvena funkcionalna cjelina u kojoj je \u0161kolska [&hellip;]","og_url":"https:\/\/s-ce.hr\/en\/projekti\/os-ivana-kozarca\/","og_site_name":"STRUCTURA","article_modified_time":"2026-01-04T16:58:55+00:00","twitter_card":"summary_large_image","twitter_misc":{"Estimated reading time":"1 minute"},"schema":{"@context":"https:\/\/schema.org","@graph":[{"@type":"WebPage","@id":"https:\/\/s-ce.hr\/projekti\/os-ivana-kozarca\/","url":"https:\/\/s-ce.hr\/projekti\/os-ivana-kozarca\/","name":"O\u0160 Ivana Kozarca - STRUCTURA","isPartOf":{"@id":"https:\/\/s-ce.hr\/#website"},"datePublished":"2025-12-19T10:07:35+00:00","dateModified":"2026-01-04T16:58:55+00:00","breadcrumb":{"@id":"https:\/\/s-ce.hr\/projekti\/os-ivana-kozarca\/#breadcrumb"},"inLanguage":"en-GB","potentialAction":[{"@type":"ReadAction","target":["https:\/\/s-ce.hr\/projekti\/os-ivana-kozarca\/"]}]},{"@type":"BreadcrumbList","@id":"https:\/\/s-ce.hr\/projekti\/os-ivana-kozarca\/#breadcrumb","itemListElement":[{"@type":"ListItem","position":1,"name":"Home","item":"https:\/\/s-ce.hr\/"},{"@type":"ListItem","position":2,"name":"PROJEKTI","item":"https:\/\/s-ce.hr\/projekti\/"},{"@type":"ListItem","position":3,"name":"O\u0160 Ivana Kozarca"}]},{"@type":"WebSite","@id":"https:\/\/s-ce.hr\/#website","url":"https:\/\/s-ce.hr\/","name":"STRUCTURA Consulting&Engineering","description":"Consulting &amp; Engineering","publisher":{"@id":"https:\/\/s-ce.hr\/#organization"},"potentialAction":[{"@type":"SearchAction","target":{"@type":"EntryPoint","urlTemplate":"https:\/\/s-ce.hr\/?s={search_term_string}"},"query-input":{"@type":"PropertyValueSpecification","valueRequired":true,"valueName":"search_term_string"}}],"inLanguage":"en-GB"},{"@type":"Organization","@id":"https:\/\/s-ce.hr\/#organization","name":"STRUCTURA Consulting&Engineering","url":"https:\/\/s-ce.hr\/","logo":{"@type":"ImageObject","inLanguage":"en-GB","@id":"https:\/\/s-ce.hr\/#\/schema\/logo\/image\/","url":"https:\/\/s-ce.hr\/wp-content\/uploads\/2025\/09\/Structura-Logo-Box-RGB-01-e1757341507554.jpg","contentUrl":"https:\/\/s-ce.hr\/wp-content\/uploads\/2025\/09\/Structura-Logo-Box-RGB-01-e1757341507554.jpg","width":492,"height":330,"caption":"STRUCTURA Consulting&Engineering"},"image":{"@id":"https:\/\/s-ce.hr\/#\/schema\/logo\/image\/"}}]}},"_links":{"self":[{"href":"https:\/\/s-ce.hr\/en\/wp-json\/wp\/v2\/pages\/9117","targetHints":{"allow":["GET"]}}],"collection":[{"href":"https:\/\/s-ce.hr\/en\/wp-json\/wp\/v2\/pages"}],"about":[{"href":"https:\/\/s-ce.hr\/en\/wp-json\/wp\/v2\/types\/page"}],"author":[{"embeddable":true,"href":"https:\/\/s-ce.hr\/en\/wp-json\/wp\/v2\/users\/1"}],"replies":[{"embeddable":true,"href":"https:\/\/s-ce.hr\/en\/wp-json\/wp\/v2\/comments?post=9117"}],"version-history":[{"count":25,"href":"https:\/\/s-ce.hr\/en\/wp-json\/wp\/v2\/pages\/9117\/revisions"}],"predecessor-version":[{"id":9714,"href":"https:\/\/s-ce.hr\/en\/wp-json\/wp\/v2\/pages\/9117\/revisions\/9714"}],"up":[{"embeddable":true,"href":"https:\/\/s-ce.hr\/en\/wp-json\/wp\/v2\/pages\/6754"}],"wp:attachment":[{"href":"https:\/\/s-ce.hr\/en\/wp-json\/wp\/v2\/media?parent=9117"}],"curies":[{"name":"wp","href":"https:\/\/api.w.org\/{rel}","templated":true}]}}