{"id":9096,"date":"2025-12-19T09:59:40","date_gmt":"2025-12-19T09:59:40","guid":{"rendered":"https:\/\/s-ce.hr\/?page_id=9096"},"modified":"2026-03-25T09:56:04","modified_gmt":"2026-03-25T09:56:04","slug":"mlu-osijek","status":"publish","type":"page","link":"https:\/\/s-ce.hr\/en\/projekti\/mlu-osijek\/","title":{"rendered":"MLU Osijek"},"content":{"rendered":"<div data-elementor-type=\"wp-page\" data-elementor-id=\"9096\" class=\"elementor elementor-9096\" data-elementor-post-type=\"page\">\n\t\t\t\t<div class=\"elementor-element elementor-element-513140f8 fade-section e-flex e-con-boxed e-con e-parent\" data-id=\"513140f8\" data-element_type=\"container\" data-settings=\"{&quot;background_background&quot;:&quot;classic&quot;}\">\n\t\t\t\t\t<div class=\"e-con-inner\">\n\t\t\t\t\t<\/div>\n\t\t\t\t<\/div>\n\t\t<div class=\"elementor-element elementor-element-a4aa327 e-con-full e-flex e-con e-parent\" data-id=\"a4aa327\" data-element_type=\"container\" data-settings=\"{&quot;background_background&quot;:&quot;classic&quot;}\">\n\t\t<div class=\"elementor-element elementor-element-4b4b2c4a e-con-full card e-flex e-con e-child\" data-id=\"4b4b2c4a\" data-element_type=\"container\" data-settings=\"{&quot;background_background&quot;:&quot;gradient&quot;}\">\n\t\t<div class=\"elementor-element elementor-element-48ba8dc9 e-con-full e-flex e-con e-child\" data-id=\"48ba8dc9\" data-element_type=\"container\">\n\t\t\t\t<div class=\"elementor-element elementor-element-28ea7cb7 elementor-widget elementor-widget-heading\" data-id=\"28ea7cb7\" data-element_type=\"widget\" data-widget_type=\"heading.default\">\n\t\t\t\t\t<h2 class=\"elementor-heading-title elementor-size-default\">ENERGY RENOVATION OF THE MUSEUM OF FINE ARTS BUILDING\n<\/h2>\t\t\t\t<\/div>\n\t\t\t\t<div class=\"elementor-element elementor-element-7757e504 elementor-widget elementor-widget-heading\" data-id=\"7757e504\" data-element_type=\"widget\" data-widget_type=\"heading.default\">\n\t\t\t\t\t<h2 class=\"elementor-heading-title elementor-size-default\">INVESTOR: MLU Osijek<\/h2>\t\t\t\t<\/div>\n\t\t\t\t<div class=\"elementor-element elementor-element-72c3419d elementor-widget elementor-widget-heading\" data-id=\"72c3419d\" data-element_type=\"widget\" data-widget_type=\"heading.default\">\n\t\t\t\t\t<h2 class=\"elementor-heading-title elementor-size-default\">LOCATION:  Europska avenija 9, Osijek<\/h2>\t\t\t\t<\/div>\n\t\t\t\t<div class=\"elementor-element elementor-element-7032ebc4 elementor-widget elementor-widget-heading\" data-id=\"7032ebc4\" data-element_type=\"widget\" data-widget_type=\"heading.default\">\n\t\t\t\t\t<h2 class=\"elementor-heading-title elementor-size-default\">SERVICE: Construction supervision<\/h2>\t\t\t\t<\/div>\n\t\t\t\t<div class=\"elementor-element elementor-element-2e91aa11 elementor-widget elementor-widget-text-editor\" data-id=\"2e91aa11\" data-element_type=\"widget\" data-widget_type=\"text-editor.default\">\n\t\t\t\t\t\t\t\t\t<p>The project encompasses the preparation of design solutions for investment in the energy renovation of a building with cultural heritage status, with the aim of increasing energy efficiency, introducing renewable energy sources, and modernising technical systems. The structure is configured as a semi-detached building with one underground level and three above-ground levels \u2014 a basement, ground floor, first floor, and attic \u2014 with an articulated floor plan and a public and social use function.<\/p><p>The energy intervention encompasses the renewal of the building envelope with internal thermal insulation of walls, along with the repair and replacement of existing external timber joinery, thereby improving the thermal properties of the envelope while preserving the cultural and historical identity of the building. The project also includes the installation of a lift serving all four levels and the construction of an entrance platform for access by persons with disabilities, raising the overall accessibility of the building.<\/p><p>In the area of heating and cooling systems, aerothermal energy is being introduced as a renewable source, with an air-to-water heat pump becoming the primary source of thermal energy for the ground floor, first floor, and attic.<\/p><p>The building is also receiving a complete ventilation and air conditioning installation, designed to achieve the stable microclimatic conditions required for museum spaces and exhibition activities. This controls temperature, humidity, and air circulation in order to ensure conservation conditions for artefacts and visitors.<\/p><p>As part of the investment in renewable energy sources, a solar power plant is planned on the existing roof, comprising 32 photovoltaic modules mounted on a tile roof structure. The power plant is designed in two strings, with a total capacity of 13.12 kW DC and 10.00 kW AC, with the modules connected in series to an inverter, supplying a portion of the building's own electricity consumption.<\/p><p>The project technically modernises the cultural heritage asset, integrates it into renewable energy systems, reduces energy consumption, and achieves stable conditions for public and exhibition use, while fully respecting conservation restrictions and the original architectural characteristics of the building.<\/p>\t\t\t\t\t\t\t\t<\/div>\n\t\t\t\t<\/div>\n\t\t\t\t<\/div>\n\t\t\t\t<div class=\"elementor-element elementor-element-19134e51 elementor-widget elementor-widget-gallery\" data-id=\"19134e51\" data-element_type=\"widget\" data-settings=\"{&quot;columns&quot;:2,&quot;image_hover_animation&quot;:&quot;grow&quot;,&quot;aspect_ratio&quot;:&quot;4:3&quot;,&quot;gallery_layout&quot;:&quot;grid&quot;,&quot;columns_tablet&quot;:2,&quot;columns_mobile&quot;:1,&quot;gap&quot;:{&quot;unit&quot;:&quot;px&quot;,&quot;size&quot;:10,&quot;sizes&quot;:[]},&quot;gap_widescreen&quot;:{&quot;unit&quot;:&quot;px&quot;,&quot;size&quot;:&quot;&quot;,&quot;sizes&quot;:[]},&quot;gap_tablet&quot;:{&quot;unit&quot;:&quot;px&quot;,&quot;size&quot;:10,&quot;sizes&quot;:[]},&quot;gap_mobile&quot;:{&quot;unit&quot;:&quot;px&quot;,&quot;size&quot;:10,&quot;sizes&quot;:[]},&quot;link_to&quot;:&quot;file&quot;}\" data-widget_type=\"gallery.default\">\n\t\t\t\t\t\t\t<div class=\"elementor-gallery__container\">\n\t\t\t\t\t\t\t<a class=\"e-gallery-item elementor-gallery-item elementor-animated-content\" href=\"https:\/\/s-ce.hr\/wp-content\/uploads\/2026\/03\/DJI_20260303150008_0313_D_IVICADZAMB-1.jpg\" data-elementor-open-lightbox=\"yes\" data-elementor-lightbox-slideshow=\"19134e51\" data-e-action-hash=\"#elementor-action%3Aaction%3Dlightbox%26settings%3DeyJpZCI6OTgxNCwidXJsIjoiaHR0cHM6XC9cL3MtY2UuaHJcL3dwLWNvbnRlbnRcL3VwbG9hZHNcLzIwMjZcLzAzXC9ESklfMjAyNjAzMDMxNTAwMDhfMDMxM19EX0lWSUNBRFpBTUItMS5qcGciLCJzbGlkZXNob3ciOiIxOTEzNGU1MSJ9\">\n\t\t\t\t\t<div class=\"e-gallery-image elementor-gallery-item__image\" data-thumbnail=\"https:\/\/s-ce.hr\/wp-content\/uploads\/2026\/03\/DJI_20260303150008_0313_D_IVICADZAMB-1-1024x683.jpg\" data-width=\"800\" data-height=\"534\" aria-label=\"\" role=\"img\" ><\/div>\n\t\t\t\t\t\t\t\t\t\t\t\t\t\t<\/a>\n\t\t\t\t\t\t\t<a class=\"e-gallery-item elementor-gallery-item elementor-animated-content\" href=\"https:\/\/s-ce.hr\/wp-content\/uploads\/2026\/03\/DJI_20260303145946_0312_D_IVICADZAMB-1-scaled.jpg\" data-elementor-open-lightbox=\"yes\" data-elementor-lightbox-slideshow=\"19134e51\" data-e-action-hash=\"#elementor-action%3Aaction%3Dlightbox%26settings%3DeyJpZCI6OTgxMywidXJsIjoiaHR0cHM6XC9cL3MtY2UuaHJcL3dwLWNvbnRlbnRcL3VwbG9hZHNcLzIwMjZcLzAzXC9ESklfMjAyNjAzMDMxNDU5NDZfMDMxMl9EX0lWSUNBRFpBTUItMS1zY2FsZWQuanBnIiwic2xpZGVzaG93IjoiMTkxMzRlNTEifQ%3D%3D\">\n\t\t\t\t\t<div class=\"e-gallery-image elementor-gallery-item__image\" data-thumbnail=\"https:\/\/s-ce.hr\/wp-content\/uploads\/2026\/03\/DJI_20260303145946_0312_D_IVICADZAMB-1-1024x683.jpg\" data-width=\"800\" data-height=\"534\" aria-label=\"\" role=\"img\" ><\/div>\n\t\t\t\t\t\t\t\t\t\t\t\t\t\t<\/a>\n\t\t\t\t\t\t\t<a class=\"e-gallery-item elementor-gallery-item elementor-animated-content\" href=\"https:\/\/s-ce.hr\/wp-content\/uploads\/2026\/03\/DJI_20260303145747_0303_D_IVICADZAMB-1-1-scaled.jpg\" data-elementor-open-lightbox=\"yes\" data-elementor-lightbox-slideshow=\"19134e51\" data-e-action-hash=\"#elementor-action%3Aaction%3Dlightbox%26settings%3DeyJpZCI6OTgxMiwidXJsIjoiaHR0cHM6XC9cL3MtY2UuaHJcL3dwLWNvbnRlbnRcL3VwbG9hZHNcLzIwMjZcLzAzXC9ESklfMjAyNjAzMDMxNDU3NDdfMDMwM19EX0lWSUNBRFpBTUItMS0xLXNjYWxlZC5qcGciLCJzbGlkZXNob3ciOiIxOTEzNGU1MSJ9\">\n\t\t\t\t\t<div class=\"e-gallery-image elementor-gallery-item__image\" data-thumbnail=\"https:\/\/s-ce.hr\/wp-content\/uploads\/2026\/03\/DJI_20260303145747_0303_D_IVICADZAMB-1-1-1024x683.jpg\" data-width=\"800\" data-height=\"534\" aria-label=\"\" role=\"img\" ><\/div>\n\t\t\t\t\t\t\t\t\t\t\t\t\t\t<\/a>\n\t\t\t\t\t\t\t<a class=\"e-gallery-item elementor-gallery-item elementor-animated-content\" href=\"https:\/\/s-ce.hr\/wp-content\/uploads\/2026\/03\/DJI_20260303145618_0296_D_IVICADZAMB-1.jpg\" data-elementor-open-lightbox=\"yes\" data-elementor-lightbox-slideshow=\"19134e51\" data-e-action-hash=\"#elementor-action%3Aaction%3Dlightbox%26settings%3DeyJpZCI6OTgxMSwidXJsIjoiaHR0cHM6XC9cL3MtY2UuaHJcL3dwLWNvbnRlbnRcL3VwbG9hZHNcLzIwMjZcLzAzXC9ESklfMjAyNjAzMDMxNDU2MThfMDI5Nl9EX0lWSUNBRFpBTUItMS5qcGciLCJzbGlkZXNob3ciOiIxOTEzNGU1MSJ9\">\n\t\t\t\t\t<div class=\"e-gallery-image elementor-gallery-item__image\" data-thumbnail=\"https:\/\/s-ce.hr\/wp-content\/uploads\/2026\/03\/DJI_20260303145618_0296_D_IVICADZAMB-1-1024x682.jpg\" data-width=\"800\" data-height=\"533\" aria-label=\"\" role=\"img\" ><\/div>\n\t\t\t\t\t\t\t\t\t\t\t\t\t\t<\/a>\n\t\t\t\t\t<\/div>\n\t\t\t\t\t<\/div>\n\t\t\t\t<\/div>\n\t\t\t\t<\/div>","protected":false},"excerpt":{"rendered":"<p>ENERGETSKA OBNOVA ZGRADE MUZEJA LIKOVNIH UMJETNOSTI INVESTITOR: MLU Osijek LOKACIJA: Europska avenija 9, Osijek USLUGA: stru\u010dni nadzor Projekt obuhva\u0107a izradu projektnih rje\u0161enja za ulaganje u energetsku obnovu zgrade sa statusom kulturnog dobra, s ciljem pove\u0107anja energetske u\u010dinkovitosti, uvo\u0111enja obnovljivih izvora energije te modernizacije tehni\u010dkih sustava. Objekt je oblikovan kao poluugra\u0111ena gra\u0111evina s jednom podzemnom eta\u017eom [&hellip;]<\/p>\n","protected":false},"author":1,"featured_media":0,"parent":6754,"menu_order":0,"comment_status":"closed","ping_status":"closed","template":"","meta":{"footnotes":""},"class_list":["post-9096","page","type-page","status-publish","hentry"],"yoast_head":"<!-- This site is optimized with the Yoast SEO plugin v27.0 - https:\/\/yoast.com\/product\/yoast-seo-wordpress\/ -->\n<title>MLU Osijek - STRUCTURA<\/title>\n<meta name=\"robots\" content=\"index, follow, max-snippet:-1, max-image-preview:large, max-video-preview:-1\" \/>\n<link rel=\"canonical\" href=\"https:\/\/s-ce.hr\/en\/projekti\/mlu-osijek\/\" \/>\n<meta property=\"og:locale\" content=\"en_GB\" \/>\n<meta property=\"og:type\" content=\"article\" \/>\n<meta property=\"og:title\" content=\"MLU Osijek - STRUCTURA\" \/>\n<meta property=\"og:description\" content=\"ENERGETSKA OBNOVA ZGRADE MUZEJA LIKOVNIH UMJETNOSTI INVESTITOR: MLU Osijek LOKACIJA: Europska avenija 9, Osijek USLUGA: stru\u010dni nadzor Projekt obuhva\u0107a izradu projektnih rje\u0161enja za ulaganje u energetsku obnovu zgrade sa statusom kulturnog dobra, s ciljem pove\u0107anja energetske u\u010dinkovitosti, uvo\u0111enja obnovljivih izvora energije te modernizacije tehni\u010dkih sustava. Objekt je oblikovan kao poluugra\u0111ena gra\u0111evina s jednom podzemnom eta\u017eom [&hellip;]\" \/>\n<meta property=\"og:url\" content=\"https:\/\/s-ce.hr\/en\/projekti\/mlu-osijek\/\" \/>\n<meta property=\"og:site_name\" content=\"STRUCTURA\" \/>\n<meta property=\"article:modified_time\" content=\"2026-03-25T09:56:04+00:00\" \/>\n<meta name=\"twitter:card\" content=\"summary_large_image\" \/>\n<meta name=\"twitter:label1\" content=\"Estimated reading time\" \/>\n\t<meta name=\"twitter:data1\" content=\"2 minutes\" \/>\n<script type=\"application\/ld+json\" class=\"yoast-schema-graph\">{\"@context\":\"https:\/\/schema.org\",\"@graph\":[{\"@type\":\"WebPage\",\"@id\":\"https:\/\/s-ce.hr\/projekti\/mlu-osijek\/\",\"url\":\"https:\/\/s-ce.hr\/projekti\/mlu-osijek\/\",\"name\":\"MLU Osijek - STRUCTURA\",\"isPartOf\":{\"@id\":\"https:\/\/s-ce.hr\/#website\"},\"datePublished\":\"2025-12-19T09:59:40+00:00\",\"dateModified\":\"2026-03-25T09:56:04+00:00\",\"breadcrumb\":{\"@id\":\"https:\/\/s-ce.hr\/projekti\/mlu-osijek\/#breadcrumb\"},\"inLanguage\":\"en-GB\",\"potentialAction\":[{\"@type\":\"ReadAction\",\"target\":[\"https:\/\/s-ce.hr\/projekti\/mlu-osijek\/\"]}]},{\"@type\":\"BreadcrumbList\",\"@id\":\"https:\/\/s-ce.hr\/projekti\/mlu-osijek\/#breadcrumb\",\"itemListElement\":[{\"@type\":\"ListItem\",\"position\":1,\"name\":\"Home\",\"item\":\"https:\/\/s-ce.hr\/\"},{\"@type\":\"ListItem\",\"position\":2,\"name\":\"PROJEKTI\",\"item\":\"https:\/\/s-ce.hr\/projekti\/\"},{\"@type\":\"ListItem\",\"position\":3,\"name\":\"MLU Osijek\"}]},{\"@type\":\"WebSite\",\"@id\":\"https:\/\/s-ce.hr\/#website\",\"url\":\"https:\/\/s-ce.hr\/\",\"name\":\"STRUCTURA Consulting&Engineering\",\"description\":\"Consulting &amp; Engineering\",\"publisher\":{\"@id\":\"https:\/\/s-ce.hr\/#organization\"},\"potentialAction\":[{\"@type\":\"SearchAction\",\"target\":{\"@type\":\"EntryPoint\",\"urlTemplate\":\"https:\/\/s-ce.hr\/?s={search_term_string}\"},\"query-input\":{\"@type\":\"PropertyValueSpecification\",\"valueRequired\":true,\"valueName\":\"search_term_string\"}}],\"inLanguage\":\"en-GB\"},{\"@type\":\"Organization\",\"@id\":\"https:\/\/s-ce.hr\/#organization\",\"name\":\"STRUCTURA Consulting&Engineering\",\"url\":\"https:\/\/s-ce.hr\/\",\"logo\":{\"@type\":\"ImageObject\",\"inLanguage\":\"en-GB\",\"@id\":\"https:\/\/s-ce.hr\/#\/schema\/logo\/image\/\",\"url\":\"https:\/\/s-ce.hr\/wp-content\/uploads\/2025\/09\/Structura-Logo-Box-RGB-01-e1757341507554.jpg\",\"contentUrl\":\"https:\/\/s-ce.hr\/wp-content\/uploads\/2025\/09\/Structura-Logo-Box-RGB-01-e1757341507554.jpg\",\"width\":492,\"height\":330,\"caption\":\"STRUCTURA Consulting&Engineering\"},\"image\":{\"@id\":\"https:\/\/s-ce.hr\/#\/schema\/logo\/image\/\"}}]}<\/script>\n<!-- \/ Yoast SEO plugin. -->","yoast_head_json":{"title":"MLU Osijek - STRUCTURA","robots":{"index":"index","follow":"follow","max-snippet":"max-snippet:-1","max-image-preview":"max-image-preview:large","max-video-preview":"max-video-preview:-1"},"canonical":"https:\/\/s-ce.hr\/en\/projekti\/mlu-osijek\/","og_locale":"en_GB","og_type":"article","og_title":"MLU Osijek - STRUCTURA","og_description":"ENERGETSKA OBNOVA ZGRADE MUZEJA LIKOVNIH UMJETNOSTI INVESTITOR: MLU Osijek LOKACIJA: Europska avenija 9, Osijek USLUGA: stru\u010dni nadzor Projekt obuhva\u0107a izradu projektnih rje\u0161enja za ulaganje u energetsku obnovu zgrade sa statusom kulturnog dobra, s ciljem pove\u0107anja energetske u\u010dinkovitosti, uvo\u0111enja obnovljivih izvora energije te modernizacije tehni\u010dkih sustava. Objekt je oblikovan kao poluugra\u0111ena gra\u0111evina s jednom podzemnom eta\u017eom [&hellip;]","og_url":"https:\/\/s-ce.hr\/en\/projekti\/mlu-osijek\/","og_site_name":"STRUCTURA","article_modified_time":"2026-03-25T09:56:04+00:00","twitter_card":"summary_large_image","twitter_misc":{"Estimated reading time":"2 minutes"},"schema":{"@context":"https:\/\/schema.org","@graph":[{"@type":"WebPage","@id":"https:\/\/s-ce.hr\/projekti\/mlu-osijek\/","url":"https:\/\/s-ce.hr\/projekti\/mlu-osijek\/","name":"MLU Osijek - STRUCTURA","isPartOf":{"@id":"https:\/\/s-ce.hr\/#website"},"datePublished":"2025-12-19T09:59:40+00:00","dateModified":"2026-03-25T09:56:04+00:00","breadcrumb":{"@id":"https:\/\/s-ce.hr\/projekti\/mlu-osijek\/#breadcrumb"},"inLanguage":"en-GB","potentialAction":[{"@type":"ReadAction","target":["https:\/\/s-ce.hr\/projekti\/mlu-osijek\/"]}]},{"@type":"BreadcrumbList","@id":"https:\/\/s-ce.hr\/projekti\/mlu-osijek\/#breadcrumb","itemListElement":[{"@type":"ListItem","position":1,"name":"Home","item":"https:\/\/s-ce.hr\/"},{"@type":"ListItem","position":2,"name":"PROJEKTI","item":"https:\/\/s-ce.hr\/projekti\/"},{"@type":"ListItem","position":3,"name":"MLU Osijek"}]},{"@type":"WebSite","@id":"https:\/\/s-ce.hr\/#website","url":"https:\/\/s-ce.hr\/","name":"STRUCTURA Consulting&Engineering","description":"Consulting &amp; Engineering","publisher":{"@id":"https:\/\/s-ce.hr\/#organization"},"potentialAction":[{"@type":"SearchAction","target":{"@type":"EntryPoint","urlTemplate":"https:\/\/s-ce.hr\/?s={search_term_string}"},"query-input":{"@type":"PropertyValueSpecification","valueRequired":true,"valueName":"search_term_string"}}],"inLanguage":"en-GB"},{"@type":"Organization","@id":"https:\/\/s-ce.hr\/#organization","name":"STRUCTURA Consulting&Engineering","url":"https:\/\/s-ce.hr\/","logo":{"@type":"ImageObject","inLanguage":"en-GB","@id":"https:\/\/s-ce.hr\/#\/schema\/logo\/image\/","url":"https:\/\/s-ce.hr\/wp-content\/uploads\/2025\/09\/Structura-Logo-Box-RGB-01-e1757341507554.jpg","contentUrl":"https:\/\/s-ce.hr\/wp-content\/uploads\/2025\/09\/Structura-Logo-Box-RGB-01-e1757341507554.jpg","width":492,"height":330,"caption":"STRUCTURA Consulting&Engineering"},"image":{"@id":"https:\/\/s-ce.hr\/#\/schema\/logo\/image\/"}}]}},"_links":{"self":[{"href":"https:\/\/s-ce.hr\/en\/wp-json\/wp\/v2\/pages\/9096","targetHints":{"allow":["GET"]}}],"collection":[{"href":"https:\/\/s-ce.hr\/en\/wp-json\/wp\/v2\/pages"}],"about":[{"href":"https:\/\/s-ce.hr\/en\/wp-json\/wp\/v2\/types\/page"}],"author":[{"embeddable":true,"href":"https:\/\/s-ce.hr\/en\/wp-json\/wp\/v2\/users\/1"}],"replies":[{"embeddable":true,"href":"https:\/\/s-ce.hr\/en\/wp-json\/wp\/v2\/comments?post=9096"}],"version-history":[{"count":34,"href":"https:\/\/s-ce.hr\/en\/wp-json\/wp\/v2\/pages\/9096\/revisions"}],"predecessor-version":[{"id":9820,"href":"https:\/\/s-ce.hr\/en\/wp-json\/wp\/v2\/pages\/9096\/revisions\/9820"}],"up":[{"embeddable":true,"href":"https:\/\/s-ce.hr\/en\/wp-json\/wp\/v2\/pages\/6754"}],"wp:attachment":[{"href":"https:\/\/s-ce.hr\/en\/wp-json\/wp\/v2\/media?parent=9096"}],"curies":[{"name":"wp","href":"https:\/\/api.w.org\/{rel}","templated":true}]}}