{"id":9082,"date":"2025-12-19T09:53:52","date_gmt":"2025-12-19T09:53:52","guid":{"rendered":"https:\/\/s-ce.hr\/?page_id=9082"},"modified":"2026-01-04T17:09:35","modified_gmt":"2026-01-04T17:09:35","slug":"pu-obz","status":"publish","type":"page","link":"https:\/\/s-ce.hr\/en\/projekti\/pu-obz\/","title":{"rendered":"PU OB\u017d"},"content":{"rendered":"<div data-elementor-type=\"wp-page\" data-elementor-id=\"9082\" class=\"elementor elementor-9082\" data-elementor-post-type=\"page\">\n\t\t\t\t<div class=\"elementor-element elementor-element-105dc150 fade-section e-flex e-con-boxed e-con e-parent\" data-id=\"105dc150\" data-element_type=\"container\" data-settings=\"{&quot;background_background&quot;:&quot;classic&quot;}\">\n\t\t\t\t\t<div class=\"e-con-inner\">\n\t\t\t\t\t<\/div>\n\t\t\t\t<\/div>\n\t\t<div class=\"elementor-element elementor-element-6484c38f e-con-full e-flex e-con e-parent\" data-id=\"6484c38f\" data-element_type=\"container\" data-settings=\"{&quot;background_background&quot;:&quot;classic&quot;}\">\n\t\t<div class=\"elementor-element elementor-element-4639b1b8 e-con-full card e-flex e-con e-child\" data-id=\"4639b1b8\" data-element_type=\"container\" data-settings=\"{&quot;background_background&quot;:&quot;gradient&quot;}\">\n\t\t<div class=\"elementor-element elementor-element-55f98637 e-con-full e-flex e-con e-child\" data-id=\"55f98637\" data-element_type=\"container\">\n\t\t\t\t<div class=\"elementor-element elementor-element-6a7fd044 elementor-widget elementor-widget-heading\" data-id=\"6a7fd044\" data-element_type=\"widget\" data-widget_type=\"heading.default\">\n\t\t\t\t\t<h2 class=\"elementor-heading-title elementor-size-default\">ENERGY RENOVATION OF THE OSIJEK-BARANJA POLICE ADMINISTRATION BUILDING<\/h2>\t\t\t\t<\/div>\n\t\t\t\t<div class=\"elementor-element elementor-element-4059454a elementor-widget elementor-widget-heading\" data-id=\"4059454a\" data-element_type=\"widget\" data-widget_type=\"heading.default\">\n\t\t\t\t\t<h2 class=\"elementor-heading-title elementor-size-default\">INVESTOR: Osijek-Baranja Police Administration<\/h2>\t\t\t\t<\/div>\n\t\t\t\t<div class=\"elementor-element elementor-element-46730739 elementor-widget elementor-widget-heading\" data-id=\"46730739\" data-element_type=\"widget\" data-widget_type=\"heading.default\">\n\t\t\t\t\t<h2 class=\"elementor-heading-title elementor-size-default\">LOCATION:  Trg Lavoslava Ru\u017ei\u010dke 1, Osijek<\/h2>\t\t\t\t<\/div>\n\t\t\t\t<div class=\"elementor-element elementor-element-6cc581f0 elementor-widget elementor-widget-heading\" data-id=\"6cc581f0\" data-element_type=\"widget\" data-widget_type=\"heading.default\">\n\t\t\t\t\t<h2 class=\"elementor-heading-title elementor-size-default\">SERVICE: Construction supervision<\/h2>\t\t\t\t<\/div>\n\t\t\t\t<div class=\"elementor-element elementor-element-23646889 elementor-widget elementor-widget-text-editor\" data-id=\"23646889\" data-element_type=\"widget\" data-widget_type=\"text-editor.default\">\n\t\t\t\t\t\t\t\t\t<p data-start=\"356\" data-end=\"767\">The energy renovation project encompasses the reconstruction of the building with an emphasis on the modernisation of technical systems and the increase of energy efficiency. The intervention includes the replacement of worn and inefficient equipment with modern solutions and the optimisation of energy consumption in the areas of electrical, mechanical, and thermotechnical systems.<\/p><p data-start=\"769\" data-end=\"1094\">In the electrical installation, the replacement of the existing interior lighting system with high-efficiency LED luminaires is planned, with designed power supply and earthing for the new equipment. The lighting system also covers the illumination of external surfaces and the courtyard, thereby improving the safety and spatial functionality of the facility.<\/p><p data-start=\"1096\" data-end=\"1599\">The mechanical section of the project is focused on the reconstruction and modernisation of thermotechnical systems, with the aim of reducing thermal losses and improving the energy balance of the building. The installation of new indirect-type heat substations is designed, with associated changes to fittings, pipework, circulation pumps, and other equipment. The radiator system is being upgraded with the installation of thermostatic valves, ensuring more efficient room temperature control and reduced energy consumption.<\/p><p data-start=\"1601\" data-end=\"2098\">A particular segment of the project involves the introduction of solar thermal collectors for domestic hot water (DHW) preparation, along with a thermal storage tank and the decommissioning of worn electric water heaters. As part of the renovation, the replacement of electric heaters with hot-water radiator heating is also planned, including the attic space of the building, which is being connected to the existing hot-water system. This eliminates the wasteful, localised electric heating method and establishes a rational hot-water system with centralised control.<\/p><p data-start=\"2100\" data-end=\"2368\" data-is-last-node=\"\" data-is-only-node=\"\">Through the energy renovation, the building transitions to a more reliable, long-term sustainable, and technically standardised condition, with a significant reduction in electricity and thermal energy consumption and an increase in the level of safety, comfort, and working conditions within the premises of the Police Administration.<\/p>\t\t\t\t\t\t\t\t<\/div>\n\t\t\t\t<\/div>\n\t\t\t\t<\/div>\n\t\t\t\t<div class=\"elementor-element elementor-element-317ce1e9 elementor-widget elementor-widget-gallery\" data-id=\"317ce1e9\" data-element_type=\"widget\" data-settings=\"{&quot;columns&quot;:1,&quot;image_hover_animation&quot;:&quot;grow&quot;,&quot;aspect_ratio&quot;:&quot;1:1&quot;,&quot;gallery_layout&quot;:&quot;grid&quot;,&quot;columns_tablet&quot;:2,&quot;columns_mobile&quot;:1,&quot;gap&quot;:{&quot;unit&quot;:&quot;px&quot;,&quot;size&quot;:10,&quot;sizes&quot;:[]},&quot;gap_widescreen&quot;:{&quot;unit&quot;:&quot;px&quot;,&quot;size&quot;:&quot;&quot;,&quot;sizes&quot;:[]},&quot;gap_tablet&quot;:{&quot;unit&quot;:&quot;px&quot;,&quot;size&quot;:10,&quot;sizes&quot;:[]},&quot;gap_mobile&quot;:{&quot;unit&quot;:&quot;px&quot;,&quot;size&quot;:10,&quot;sizes&quot;:[]},&quot;link_to&quot;:&quot;file&quot;}\" data-widget_type=\"gallery.default\">\n\t\t\t\t\t\t\t<div class=\"elementor-gallery__container\">\n\t\t\t\t\t\t\t<a class=\"e-gallery-item elementor-gallery-item elementor-animated-content\" href=\"https:\/\/s-ce.hr\/wp-content\/uploads\/2025\/10\/Policijska-uprava-osjecko-baranjska.jpg\" data-elementor-open-lightbox=\"yes\" data-elementor-lightbox-slideshow=\"317ce1e9\" data-e-action-hash=\"#elementor-action%3Aaction%3Dlightbox%26settings%3DeyJpZCI6MzUxNywidXJsIjoiaHR0cHM6XC9cL3MtY2UuaHJcL3dwLWNvbnRlbnRcL3VwbG9hZHNcLzIwMjVcLzEwXC9Qb2xpY2lqc2thLXVwcmF2YS1vc2plY2tvLWJhcmFuanNrYS5qcGciLCJzbGlkZXNob3ciOiIzMTdjZTFlOSJ9\">\n\t\t\t\t\t<div class=\"e-gallery-image elementor-gallery-item__image\" data-thumbnail=\"https:\/\/s-ce.hr\/wp-content\/uploads\/2025\/10\/Policijska-uprava-osjecko-baranjska.jpg\" data-width=\"750\" data-height=\"500\" aria-label=\"\" role=\"img\" ><\/div>\n\t\t\t\t\t\t\t\t\t\t\t\t\t\t<\/a>\n\t\t\t\t\t<\/div>\n\t\t\t\t\t<\/div>\n\t\t\t\t<\/div>\n\t\t\t\t<\/div>","protected":false},"excerpt":{"rendered":"<p>ENERGETSKA OBNOVA ZGRADE POLICIJSKE UPRAVE OSJE\u010cKO-BARANJSKE INVESTITOR: PU Osje\u010dko-baranjska LOKACIJA: Trg Lavoslava Ru\u017ei\u010dke 1, Osijek USLUGA: stru\u010dni nadzor Projekt energetske obnove obuhva\u0107a rekonstrukciju gra\u0111evine s naglaskom na modernizaciju tehni\u010dkih sustava i pove\u0107anje energetske u\u010dinkovitosti. Intervencija obuhva\u0107a zamjenu dotrajale i neu\u010dinkovite opreme suvremenim rje\u0161enjima te optimizaciju potro\u0161nje energije u podru\u010dju elektrotehni\u010dkih, strojarskih i termotehni\u010dkih sustava. U [&hellip;]<\/p>\n","protected":false},"author":1,"featured_media":0,"parent":6754,"menu_order":0,"comment_status":"closed","ping_status":"closed","template":"","meta":{"footnotes":""},"class_list":["post-9082","page","type-page","status-publish","hentry"],"yoast_head":"<!-- This site is optimized with the Yoast SEO plugin v27.0 - https:\/\/yoast.com\/product\/yoast-seo-wordpress\/ -->\n<title>PU OB\u017d - STRUCTURA<\/title>\n<meta name=\"robots\" content=\"index, follow, max-snippet:-1, max-image-preview:large, max-video-preview:-1\" \/>\n<link rel=\"canonical\" href=\"https:\/\/s-ce.hr\/en\/projekti\/pu-obz\/\" \/>\n<meta property=\"og:locale\" content=\"en_GB\" \/>\n<meta property=\"og:type\" content=\"article\" \/>\n<meta property=\"og:title\" content=\"PU OB\u017d - STRUCTURA\" \/>\n<meta property=\"og:description\" content=\"ENERGETSKA OBNOVA ZGRADE POLICIJSKE UPRAVE OSJE\u010cKO-BARANJSKE INVESTITOR: PU Osje\u010dko-baranjska LOKACIJA: Trg Lavoslava Ru\u017ei\u010dke 1, Osijek USLUGA: stru\u010dni nadzor Projekt energetske obnove obuhva\u0107a rekonstrukciju gra\u0111evine s naglaskom na modernizaciju tehni\u010dkih sustava i pove\u0107anje energetske u\u010dinkovitosti. Intervencija obuhva\u0107a zamjenu dotrajale i neu\u010dinkovite opreme suvremenim rje\u0161enjima te optimizaciju potro\u0161nje energije u podru\u010dju elektrotehni\u010dkih, strojarskih i termotehni\u010dkih sustava. U [&hellip;]\" \/>\n<meta property=\"og:url\" content=\"https:\/\/s-ce.hr\/en\/projekti\/pu-obz\/\" \/>\n<meta property=\"og:site_name\" content=\"STRUCTURA\" \/>\n<meta property=\"article:modified_time\" content=\"2026-01-04T17:09:35+00:00\" \/>\n<meta name=\"twitter:card\" content=\"summary_large_image\" \/>\n<meta name=\"twitter:label1\" content=\"Estimated reading time\" \/>\n\t<meta name=\"twitter:data1\" content=\"1 minute\" \/>\n<script type=\"application\/ld+json\" class=\"yoast-schema-graph\">{\"@context\":\"https:\/\/schema.org\",\"@graph\":[{\"@type\":\"WebPage\",\"@id\":\"https:\/\/s-ce.hr\/projekti\/pu-obz\/\",\"url\":\"https:\/\/s-ce.hr\/projekti\/pu-obz\/\",\"name\":\"PU OB\u017d - STRUCTURA\",\"isPartOf\":{\"@id\":\"https:\/\/s-ce.hr\/#website\"},\"datePublished\":\"2025-12-19T09:53:52+00:00\",\"dateModified\":\"2026-01-04T17:09:35+00:00\",\"breadcrumb\":{\"@id\":\"https:\/\/s-ce.hr\/projekti\/pu-obz\/#breadcrumb\"},\"inLanguage\":\"en-GB\",\"potentialAction\":[{\"@type\":\"ReadAction\",\"target\":[\"https:\/\/s-ce.hr\/projekti\/pu-obz\/\"]}]},{\"@type\":\"BreadcrumbList\",\"@id\":\"https:\/\/s-ce.hr\/projekti\/pu-obz\/#breadcrumb\",\"itemListElement\":[{\"@type\":\"ListItem\",\"position\":1,\"name\":\"Home\",\"item\":\"https:\/\/s-ce.hr\/\"},{\"@type\":\"ListItem\",\"position\":2,\"name\":\"PROJEKTI\",\"item\":\"https:\/\/s-ce.hr\/projekti\/\"},{\"@type\":\"ListItem\",\"position\":3,\"name\":\"PU OB\u017d\"}]},{\"@type\":\"WebSite\",\"@id\":\"https:\/\/s-ce.hr\/#website\",\"url\":\"https:\/\/s-ce.hr\/\",\"name\":\"STRUCTURA Consulting&Engineering\",\"description\":\"Consulting &amp; Engineering\",\"publisher\":{\"@id\":\"https:\/\/s-ce.hr\/#organization\"},\"potentialAction\":[{\"@type\":\"SearchAction\",\"target\":{\"@type\":\"EntryPoint\",\"urlTemplate\":\"https:\/\/s-ce.hr\/?s={search_term_string}\"},\"query-input\":{\"@type\":\"PropertyValueSpecification\",\"valueRequired\":true,\"valueName\":\"search_term_string\"}}],\"inLanguage\":\"en-GB\"},{\"@type\":\"Organization\",\"@id\":\"https:\/\/s-ce.hr\/#organization\",\"name\":\"STRUCTURA Consulting&Engineering\",\"url\":\"https:\/\/s-ce.hr\/\",\"logo\":{\"@type\":\"ImageObject\",\"inLanguage\":\"en-GB\",\"@id\":\"https:\/\/s-ce.hr\/#\/schema\/logo\/image\/\",\"url\":\"https:\/\/s-ce.hr\/wp-content\/uploads\/2025\/09\/Structura-Logo-Box-RGB-01-e1757341507554.jpg\",\"contentUrl\":\"https:\/\/s-ce.hr\/wp-content\/uploads\/2025\/09\/Structura-Logo-Box-RGB-01-e1757341507554.jpg\",\"width\":492,\"height\":330,\"caption\":\"STRUCTURA Consulting&Engineering\"},\"image\":{\"@id\":\"https:\/\/s-ce.hr\/#\/schema\/logo\/image\/\"}}]}<\/script>\n<!-- \/ Yoast SEO plugin. -->","yoast_head_json":{"title":"PU OB\u017d - STRUCTURA","robots":{"index":"index","follow":"follow","max-snippet":"max-snippet:-1","max-image-preview":"max-image-preview:large","max-video-preview":"max-video-preview:-1"},"canonical":"https:\/\/s-ce.hr\/en\/projekti\/pu-obz\/","og_locale":"en_GB","og_type":"article","og_title":"PU OB\u017d - STRUCTURA","og_description":"ENERGETSKA OBNOVA ZGRADE POLICIJSKE UPRAVE OSJE\u010cKO-BARANJSKE INVESTITOR: PU Osje\u010dko-baranjska LOKACIJA: Trg Lavoslava Ru\u017ei\u010dke 1, Osijek USLUGA: stru\u010dni nadzor Projekt energetske obnove obuhva\u0107a rekonstrukciju gra\u0111evine s naglaskom na modernizaciju tehni\u010dkih sustava i pove\u0107anje energetske u\u010dinkovitosti. Intervencija obuhva\u0107a zamjenu dotrajale i neu\u010dinkovite opreme suvremenim rje\u0161enjima te optimizaciju potro\u0161nje energije u podru\u010dju elektrotehni\u010dkih, strojarskih i termotehni\u010dkih sustava. U [&hellip;]","og_url":"https:\/\/s-ce.hr\/en\/projekti\/pu-obz\/","og_site_name":"STRUCTURA","article_modified_time":"2026-01-04T17:09:35+00:00","twitter_card":"summary_large_image","twitter_misc":{"Estimated reading time":"1 minute"},"schema":{"@context":"https:\/\/schema.org","@graph":[{"@type":"WebPage","@id":"https:\/\/s-ce.hr\/projekti\/pu-obz\/","url":"https:\/\/s-ce.hr\/projekti\/pu-obz\/","name":"PU OB\u017d - STRUCTURA","isPartOf":{"@id":"https:\/\/s-ce.hr\/#website"},"datePublished":"2025-12-19T09:53:52+00:00","dateModified":"2026-01-04T17:09:35+00:00","breadcrumb":{"@id":"https:\/\/s-ce.hr\/projekti\/pu-obz\/#breadcrumb"},"inLanguage":"en-GB","potentialAction":[{"@type":"ReadAction","target":["https:\/\/s-ce.hr\/projekti\/pu-obz\/"]}]},{"@type":"BreadcrumbList","@id":"https:\/\/s-ce.hr\/projekti\/pu-obz\/#breadcrumb","itemListElement":[{"@type":"ListItem","position":1,"name":"Home","item":"https:\/\/s-ce.hr\/"},{"@type":"ListItem","position":2,"name":"PROJEKTI","item":"https:\/\/s-ce.hr\/projekti\/"},{"@type":"ListItem","position":3,"name":"PU OB\u017d"}]},{"@type":"WebSite","@id":"https:\/\/s-ce.hr\/#website","url":"https:\/\/s-ce.hr\/","name":"STRUCTURA Consulting&Engineering","description":"Consulting &amp; Engineering","publisher":{"@id":"https:\/\/s-ce.hr\/#organization"},"potentialAction":[{"@type":"SearchAction","target":{"@type":"EntryPoint","urlTemplate":"https:\/\/s-ce.hr\/?s={search_term_string}"},"query-input":{"@type":"PropertyValueSpecification","valueRequired":true,"valueName":"search_term_string"}}],"inLanguage":"en-GB"},{"@type":"Organization","@id":"https:\/\/s-ce.hr\/#organization","name":"STRUCTURA Consulting&Engineering","url":"https:\/\/s-ce.hr\/","logo":{"@type":"ImageObject","inLanguage":"en-GB","@id":"https:\/\/s-ce.hr\/#\/schema\/logo\/image\/","url":"https:\/\/s-ce.hr\/wp-content\/uploads\/2025\/09\/Structura-Logo-Box-RGB-01-e1757341507554.jpg","contentUrl":"https:\/\/s-ce.hr\/wp-content\/uploads\/2025\/09\/Structura-Logo-Box-RGB-01-e1757341507554.jpg","width":492,"height":330,"caption":"STRUCTURA Consulting&Engineering"},"image":{"@id":"https:\/\/s-ce.hr\/#\/schema\/logo\/image\/"}}]}},"_links":{"self":[{"href":"https:\/\/s-ce.hr\/en\/wp-json\/wp\/v2\/pages\/9082","targetHints":{"allow":["GET"]}}],"collection":[{"href":"https:\/\/s-ce.hr\/en\/wp-json\/wp\/v2\/pages"}],"about":[{"href":"https:\/\/s-ce.hr\/en\/wp-json\/wp\/v2\/types\/page"}],"author":[{"embeddable":true,"href":"https:\/\/s-ce.hr\/en\/wp-json\/wp\/v2\/users\/1"}],"replies":[{"embeddable":true,"href":"https:\/\/s-ce.hr\/en\/wp-json\/wp\/v2\/comments?post=9082"}],"version-history":[{"count":19,"href":"https:\/\/s-ce.hr\/en\/wp-json\/wp\/v2\/pages\/9082\/revisions"}],"predecessor-version":[{"id":9789,"href":"https:\/\/s-ce.hr\/en\/wp-json\/wp\/v2\/pages\/9082\/revisions\/9789"}],"up":[{"embeddable":true,"href":"https:\/\/s-ce.hr\/en\/wp-json\/wp\/v2\/pages\/6754"}],"wp:attachment":[{"href":"https:\/\/s-ce.hr\/en\/wp-json\/wp\/v2\/media?parent=9082"}],"curies":[{"name":"wp","href":"https:\/\/api.w.org\/{rel}","templated":true}]}}