{"id":9015,"date":"2025-12-19T09:05:55","date_gmt":"2025-12-19T09:05:55","guid":{"rendered":"https:\/\/s-ce.hr\/?page_id=9015"},"modified":"2026-01-04T17:00:58","modified_gmt":"2026-01-04T17:00:58","slug":"logisticko-distributivni-centar","status":"publish","type":"page","link":"https:\/\/s-ce.hr\/en\/projekti\/logisticko-distributivni-centar\/","title":{"rendered":"LOGISTI\u010cKO-DISTRIBUTIVNI CENTAR"},"content":{"rendered":"<div data-elementor-type=\"wp-page\" data-elementor-id=\"9015\" class=\"elementor elementor-9015\" data-elementor-post-type=\"page\">\n\t\t\t\t<div class=\"elementor-element elementor-element-5c320918 fade-section e-flex e-con-boxed e-con e-parent\" data-id=\"5c320918\" data-element_type=\"container\" data-settings=\"{&quot;background_background&quot;:&quot;classic&quot;}\">\n\t\t\t\t\t<div class=\"e-con-inner\">\n\t\t\t\t\t<\/div>\n\t\t\t\t<\/div>\n\t\t<div class=\"elementor-element elementor-element-5c72666a e-con-full e-flex e-con e-parent\" data-id=\"5c72666a\" data-element_type=\"container\" data-settings=\"{&quot;background_background&quot;:&quot;classic&quot;}\">\n\t\t<div class=\"elementor-element elementor-element-68d431c2 e-con-full card e-flex e-con e-child\" data-id=\"68d431c2\" data-element_type=\"container\" data-settings=\"{&quot;background_background&quot;:&quot;gradient&quot;}\">\n\t\t<div class=\"elementor-element elementor-element-148fd0ca e-con-full e-flex e-con e-child\" data-id=\"148fd0ca\" data-element_type=\"container\">\n\t\t\t\t<div class=\"elementor-element elementor-element-4553f8f2 elementor-widget elementor-widget-heading\" data-id=\"4553f8f2\" data-element_type=\"widget\" data-widget_type=\"heading.default\">\n\t\t\t\t\t<h2 class=\"elementor-heading-title elementor-size-default\">CONSTRUCTION OF A LOGISTICS AND DISTRIBUTION CENTRE FOR FRUIT AND VEGETABLES IN PO\u017dEGA<\/h2>\t\t\t\t<\/div>\n\t\t\t\t<div class=\"elementor-element elementor-element-25f5a776 elementor-widget elementor-widget-heading\" data-id=\"25f5a776\" data-element_type=\"widget\" data-widget_type=\"heading.default\">\n\t\t\t\t\t<h2 class=\"elementor-heading-title elementor-size-default\">INVESTOR: Po\u017eega-Slavonia County<\/h2>\t\t\t\t<\/div>\n\t\t\t\t<div class=\"elementor-element elementor-element-a7e4edb elementor-widget elementor-widget-heading\" data-id=\"a7e4edb\" data-element_type=\"widget\" data-widget_type=\"heading.default\">\n\t\t\t\t\t<h2 class=\"elementor-heading-title elementor-size-default\">LOCATION: North Business Zone, Po\u017eega<\/h2>\t\t\t\t<\/div>\n\t\t\t\t<div class=\"elementor-element elementor-element-709b9bfa elementor-widget elementor-widget-heading\" data-id=\"709b9bfa\" data-element_type=\"widget\" data-widget_type=\"heading.default\">\n\t\t\t\t\t<h2 class=\"elementor-heading-title elementor-size-default\">SERVICE: Construction supervision<\/h2>\t\t\t\t<\/div>\n\t\t\t\t<div class=\"elementor-element elementor-element-3469133a elementor-widget elementor-widget-text-editor\" data-id=\"3469133a\" data-element_type=\"widget\" data-widget_type=\"text-editor.default\">\n\t\t\t\t\t\t\t\t\t<p data-start=\"161\" data-end=\"540\">The project envisages the construction of a specialised logistics and distribution centre intended for the reception, processing, storage, and dispatch of fruit and vegetables. The facility accommodates ULO cold stores, refrigeration and freezing chambers, preparation and packaging areas, a freeze-drying plant, a dispatch zone, and ancillary facilities for employees (offices, changing rooms, sanitary facilities, and a canteen).<\/p><p data-start=\"542\" data-end=\"1040\">The structure consists of a reinforced concrete skeleton with columns of 60\/60, 70\/70, and 80\/80 cm cross-sections, roof beams T60\/120 and secondary beams T40\/55.\u00a0<\/p><p data-start=\"1042\" data-end=\"1436\" data-is-last-node=\"\" data-is-only-node=\"\">The structural height of the ground floor ranges from 5.08 to 11.02 m, enabling the installation of high-rack equipment and refrigeration technologies. The ground floor slab structure is constructed entirely as a reinforced concrete slab, adapted to technological and storage loads. The project provides a modern, hygienic, and technologically optimised space for a continuous logistics chain \u2014 from goods reception through to distribution.<\/p><p data-start=\"887\" data-end=\"1361\">From a construction perspective, the project involves the rehabilitation of existing infrastructure, improvement of structural elements, and complete renewal of installations \u2014 from electrical and water supply systems to filtration, ventilation, and public lighting systems. Ancillary facilities are also being upgraded, including changing rooms, service areas, catering zones, and circulation spaces. Particular emphasis has been placed on improving energy efficiency, user safety, and the long-term sustainability of the facility.<\/p>\t\t\t\t\t\t\t\t<\/div>\n\t\t\t\t<\/div>\n\t\t\t\t<\/div>\n\t\t\t\t<div class=\"elementor-element elementor-element-27ccf72f elementor-widget elementor-widget-gallery\" data-id=\"27ccf72f\" data-element_type=\"widget\" data-settings=\"{&quot;columns&quot;:1,&quot;image_hover_animation&quot;:&quot;grow&quot;,&quot;aspect_ratio&quot;:&quot;1:1&quot;,&quot;gallery_layout&quot;:&quot;grid&quot;,&quot;columns_tablet&quot;:2,&quot;columns_mobile&quot;:1,&quot;gap&quot;:{&quot;unit&quot;:&quot;px&quot;,&quot;size&quot;:10,&quot;sizes&quot;:[]},&quot;gap_widescreen&quot;:{&quot;unit&quot;:&quot;px&quot;,&quot;size&quot;:&quot;&quot;,&quot;sizes&quot;:[]},&quot;gap_tablet&quot;:{&quot;unit&quot;:&quot;px&quot;,&quot;size&quot;:10,&quot;sizes&quot;:[]},&quot;gap_mobile&quot;:{&quot;unit&quot;:&quot;px&quot;,&quot;size&quot;:10,&quot;sizes&quot;:[]},&quot;link_to&quot;:&quot;file&quot;}\" data-widget_type=\"gallery.default\">\n\t\t\t\t\t\t\t<div class=\"elementor-gallery__container\">\n\t\t\t\t\t\t\t<a class=\"e-gallery-item elementor-gallery-item elementor-animated-content\" href=\"https:\/\/s-ce.hr\/wp-content\/uploads\/2025\/12\/IMG_0472-1-1024x576-1-1.jpeg\" data-elementor-open-lightbox=\"yes\" data-elementor-lightbox-slideshow=\"27ccf72f\" data-e-action-hash=\"#elementor-action%3Aaction%3Dlightbox%26settings%3DeyJpZCI6OTAxOCwidXJsIjoiaHR0cHM6XC9cL3MtY2UuaHJcL3dwLWNvbnRlbnRcL3VwbG9hZHNcLzIwMjVcLzEyXC9JTUdfMDQ3Mi0xLTEwMjR4NTc2LTEtMS5qcGVnIiwic2xpZGVzaG93IjoiMjdjY2Y3MmYifQ%3D%3D\">\n\t\t\t\t\t<div class=\"e-gallery-image elementor-gallery-item__image\" data-thumbnail=\"https:\/\/s-ce.hr\/wp-content\/uploads\/2025\/12\/IMG_0472-1-1024x576-1-1.jpeg\" data-width=\"640\" data-height=\"360\" aria-label=\"\" role=\"img\" ><\/div>\n\t\t\t\t\t\t\t\t\t\t\t\t\t\t<\/a>\n\t\t\t\t\t<\/div>\n\t\t\t\t\t<\/div>\n\t\t\t\t<\/div>\n\t\t\t\t<\/div>","protected":false},"excerpt":{"rendered":"<p>IZGRADNJA LOGISTI\u010cKO-DISTRIBUTIVNOG CENTRA ZA VO\u0106E I POVR\u0106E U PO\u017dEGI INVESTITOR: Po\u017ee\u0161ko-slavonska \u017eupanija LOKACIJA: Poduzetni\u010dka zona Sjever, Po\u017eega USLUGA: stru\u010dni nadzor Projekt predvi\u0111a izgradnju specijaliziranog logisti\u010dko\u2013distributivnog centra namijenjenog prihvatu, obradi, skladi\u0161tenju i otpremi vo\u0107a i povr\u0107a. U sklopu objekta smje\u0161tene su ULO hladnja\u010de, rashladne i smrzavaju\u0107e komore, prostori za pripremu i pakiranje, liofilizacijski pogon, otpremna zona [&hellip;]<\/p>\n","protected":false},"author":1,"featured_media":0,"parent":6754,"menu_order":0,"comment_status":"closed","ping_status":"closed","template":"","meta":{"footnotes":""},"class_list":["post-9015","page","type-page","status-publish","hentry"],"yoast_head":"<!-- This site is optimized with the Yoast SEO plugin v27.0 - https:\/\/yoast.com\/product\/yoast-seo-wordpress\/ -->\n<title>LOGISTI\u010cKO-DISTRIBUTIVNI CENTAR - STRUCTURA<\/title>\n<meta name=\"robots\" content=\"index, follow, max-snippet:-1, max-image-preview:large, max-video-preview:-1\" \/>\n<link rel=\"canonical\" href=\"https:\/\/s-ce.hr\/en\/projekti\/logisticko-distributivni-centar\/\" \/>\n<meta property=\"og:locale\" content=\"en_GB\" \/>\n<meta property=\"og:type\" content=\"article\" \/>\n<meta property=\"og:title\" content=\"LOGISTI\u010cKO-DISTRIBUTIVNI CENTAR - STRUCTURA\" \/>\n<meta property=\"og:description\" content=\"IZGRADNJA LOGISTI\u010cKO-DISTRIBUTIVNOG CENTRA ZA VO\u0106E I POVR\u0106E U PO\u017dEGI INVESTITOR: Po\u017ee\u0161ko-slavonska \u017eupanija LOKACIJA: Poduzetni\u010dka zona Sjever, Po\u017eega USLUGA: stru\u010dni nadzor Projekt predvi\u0111a izgradnju specijaliziranog logisti\u010dko\u2013distributivnog centra namijenjenog prihvatu, obradi, skladi\u0161tenju i otpremi vo\u0107a i povr\u0107a. U sklopu objekta smje\u0161tene su ULO hladnja\u010de, rashladne i smrzavaju\u0107e komore, prostori za pripremu i pakiranje, liofilizacijski pogon, otpremna zona [&hellip;]\" \/>\n<meta property=\"og:url\" content=\"https:\/\/s-ce.hr\/en\/projekti\/logisticko-distributivni-centar\/\" \/>\n<meta property=\"og:site_name\" content=\"STRUCTURA\" \/>\n<meta property=\"article:modified_time\" content=\"2026-01-04T17:00:58+00:00\" \/>\n<meta name=\"twitter:card\" content=\"summary_large_image\" \/>\n<meta name=\"twitter:label1\" content=\"Estimated reading time\" \/>\n\t<meta name=\"twitter:data1\" content=\"1 minute\" \/>\n<script type=\"application\/ld+json\" class=\"yoast-schema-graph\">{\"@context\":\"https:\/\/schema.org\",\"@graph\":[{\"@type\":\"WebPage\",\"@id\":\"https:\/\/s-ce.hr\/projekti\/logisticko-distributivni-centar\/\",\"url\":\"https:\/\/s-ce.hr\/projekti\/logisticko-distributivni-centar\/\",\"name\":\"LOGISTI\u010cKO-DISTRIBUTIVNI CENTAR - STRUCTURA\",\"isPartOf\":{\"@id\":\"https:\/\/s-ce.hr\/#website\"},\"datePublished\":\"2025-12-19T09:05:55+00:00\",\"dateModified\":\"2026-01-04T17:00:58+00:00\",\"breadcrumb\":{\"@id\":\"https:\/\/s-ce.hr\/projekti\/logisticko-distributivni-centar\/#breadcrumb\"},\"inLanguage\":\"en-GB\",\"potentialAction\":[{\"@type\":\"ReadAction\",\"target\":[\"https:\/\/s-ce.hr\/projekti\/logisticko-distributivni-centar\/\"]}]},{\"@type\":\"BreadcrumbList\",\"@id\":\"https:\/\/s-ce.hr\/projekti\/logisticko-distributivni-centar\/#breadcrumb\",\"itemListElement\":[{\"@type\":\"ListItem\",\"position\":1,\"name\":\"Home\",\"item\":\"https:\/\/s-ce.hr\/\"},{\"@type\":\"ListItem\",\"position\":2,\"name\":\"PROJEKTI\",\"item\":\"https:\/\/s-ce.hr\/projekti\/\"},{\"@type\":\"ListItem\",\"position\":3,\"name\":\"LOGISTI\u010cKO-DISTRIBUTIVNI CENTAR\"}]},{\"@type\":\"WebSite\",\"@id\":\"https:\/\/s-ce.hr\/#website\",\"url\":\"https:\/\/s-ce.hr\/\",\"name\":\"STRUCTURA Consulting&Engineering\",\"description\":\"Consulting &amp; Engineering\",\"publisher\":{\"@id\":\"https:\/\/s-ce.hr\/#organization\"},\"potentialAction\":[{\"@type\":\"SearchAction\",\"target\":{\"@type\":\"EntryPoint\",\"urlTemplate\":\"https:\/\/s-ce.hr\/?s={search_term_string}\"},\"query-input\":{\"@type\":\"PropertyValueSpecification\",\"valueRequired\":true,\"valueName\":\"search_term_string\"}}],\"inLanguage\":\"en-GB\"},{\"@type\":\"Organization\",\"@id\":\"https:\/\/s-ce.hr\/#organization\",\"name\":\"STRUCTURA Consulting&Engineering\",\"url\":\"https:\/\/s-ce.hr\/\",\"logo\":{\"@type\":\"ImageObject\",\"inLanguage\":\"en-GB\",\"@id\":\"https:\/\/s-ce.hr\/#\/schema\/logo\/image\/\",\"url\":\"https:\/\/s-ce.hr\/wp-content\/uploads\/2025\/09\/Structura-Logo-Box-RGB-01-e1757341507554.jpg\",\"contentUrl\":\"https:\/\/s-ce.hr\/wp-content\/uploads\/2025\/09\/Structura-Logo-Box-RGB-01-e1757341507554.jpg\",\"width\":492,\"height\":330,\"caption\":\"STRUCTURA Consulting&Engineering\"},\"image\":{\"@id\":\"https:\/\/s-ce.hr\/#\/schema\/logo\/image\/\"}}]}<\/script>\n<!-- \/ Yoast SEO plugin. -->","yoast_head_json":{"title":"LOGISTI\u010cKO-DISTRIBUTIVNI CENTAR - STRUCTURA","robots":{"index":"index","follow":"follow","max-snippet":"max-snippet:-1","max-image-preview":"max-image-preview:large","max-video-preview":"max-video-preview:-1"},"canonical":"https:\/\/s-ce.hr\/en\/projekti\/logisticko-distributivni-centar\/","og_locale":"en_GB","og_type":"article","og_title":"LOGISTI\u010cKO-DISTRIBUTIVNI CENTAR - STRUCTURA","og_description":"IZGRADNJA LOGISTI\u010cKO-DISTRIBUTIVNOG CENTRA ZA VO\u0106E I POVR\u0106E U PO\u017dEGI INVESTITOR: Po\u017ee\u0161ko-slavonska \u017eupanija LOKACIJA: Poduzetni\u010dka zona Sjever, Po\u017eega USLUGA: stru\u010dni nadzor Projekt predvi\u0111a izgradnju specijaliziranog logisti\u010dko\u2013distributivnog centra namijenjenog prihvatu, obradi, skladi\u0161tenju i otpremi vo\u0107a i povr\u0107a. U sklopu objekta smje\u0161tene su ULO hladnja\u010de, rashladne i smrzavaju\u0107e komore, prostori za pripremu i pakiranje, liofilizacijski pogon, otpremna zona [&hellip;]","og_url":"https:\/\/s-ce.hr\/en\/projekti\/logisticko-distributivni-centar\/","og_site_name":"STRUCTURA","article_modified_time":"2026-01-04T17:00:58+00:00","twitter_card":"summary_large_image","twitter_misc":{"Estimated reading time":"1 minute"},"schema":{"@context":"https:\/\/schema.org","@graph":[{"@type":"WebPage","@id":"https:\/\/s-ce.hr\/projekti\/logisticko-distributivni-centar\/","url":"https:\/\/s-ce.hr\/projekti\/logisticko-distributivni-centar\/","name":"LOGISTI\u010cKO-DISTRIBUTIVNI CENTAR - STRUCTURA","isPartOf":{"@id":"https:\/\/s-ce.hr\/#website"},"datePublished":"2025-12-19T09:05:55+00:00","dateModified":"2026-01-04T17:00:58+00:00","breadcrumb":{"@id":"https:\/\/s-ce.hr\/projekti\/logisticko-distributivni-centar\/#breadcrumb"},"inLanguage":"en-GB","potentialAction":[{"@type":"ReadAction","target":["https:\/\/s-ce.hr\/projekti\/logisticko-distributivni-centar\/"]}]},{"@type":"BreadcrumbList","@id":"https:\/\/s-ce.hr\/projekti\/logisticko-distributivni-centar\/#breadcrumb","itemListElement":[{"@type":"ListItem","position":1,"name":"Home","item":"https:\/\/s-ce.hr\/"},{"@type":"ListItem","position":2,"name":"PROJEKTI","item":"https:\/\/s-ce.hr\/projekti\/"},{"@type":"ListItem","position":3,"name":"LOGISTI\u010cKO-DISTRIBUTIVNI CENTAR"}]},{"@type":"WebSite","@id":"https:\/\/s-ce.hr\/#website","url":"https:\/\/s-ce.hr\/","name":"STRUCTURA Consulting&Engineering","description":"Consulting &amp; Engineering","publisher":{"@id":"https:\/\/s-ce.hr\/#organization"},"potentialAction":[{"@type":"SearchAction","target":{"@type":"EntryPoint","urlTemplate":"https:\/\/s-ce.hr\/?s={search_term_string}"},"query-input":{"@type":"PropertyValueSpecification","valueRequired":true,"valueName":"search_term_string"}}],"inLanguage":"en-GB"},{"@type":"Organization","@id":"https:\/\/s-ce.hr\/#organization","name":"STRUCTURA Consulting&Engineering","url":"https:\/\/s-ce.hr\/","logo":{"@type":"ImageObject","inLanguage":"en-GB","@id":"https:\/\/s-ce.hr\/#\/schema\/logo\/image\/","url":"https:\/\/s-ce.hr\/wp-content\/uploads\/2025\/09\/Structura-Logo-Box-RGB-01-e1757341507554.jpg","contentUrl":"https:\/\/s-ce.hr\/wp-content\/uploads\/2025\/09\/Structura-Logo-Box-RGB-01-e1757341507554.jpg","width":492,"height":330,"caption":"STRUCTURA Consulting&Engineering"},"image":{"@id":"https:\/\/s-ce.hr\/#\/schema\/logo\/image\/"}}]}},"_links":{"self":[{"href":"https:\/\/s-ce.hr\/en\/wp-json\/wp\/v2\/pages\/9015","targetHints":{"allow":["GET"]}}],"collection":[{"href":"https:\/\/s-ce.hr\/en\/wp-json\/wp\/v2\/pages"}],"about":[{"href":"https:\/\/s-ce.hr\/en\/wp-json\/wp\/v2\/types\/page"}],"author":[{"embeddable":true,"href":"https:\/\/s-ce.hr\/en\/wp-json\/wp\/v2\/users\/1"}],"replies":[{"embeddable":true,"href":"https:\/\/s-ce.hr\/en\/wp-json\/wp\/v2\/comments?post=9015"}],"version-history":[{"count":73,"href":"https:\/\/s-ce.hr\/en\/wp-json\/wp\/v2\/pages\/9015\/revisions"}],"predecessor-version":[{"id":9723,"href":"https:\/\/s-ce.hr\/en\/wp-json\/wp\/v2\/pages\/9015\/revisions\/9723"}],"up":[{"embeddable":true,"href":"https:\/\/s-ce.hr\/en\/wp-json\/wp\/v2\/pages\/6754"}],"wp:attachment":[{"href":"https:\/\/s-ce.hr\/en\/wp-json\/wp\/v2\/media?parent=9015"}],"curies":[{"name":"wp","href":"https:\/\/api.w.org\/{rel}","templated":true}]}}