{"id":8216,"date":"2025-12-09T16:32:52","date_gmt":"2025-12-09T16:32:52","guid":{"rendered":"https:\/\/s-ce.hr\/?page_id=8216"},"modified":"2025-12-09T17:04:55","modified_gmt":"2025-12-09T17:04:55","slug":"privatnost","status":"publish","type":"page","link":"https:\/\/s-ce.hr\/en\/privatnost\/","title":{"rendered":"PRIVATNOST"},"content":{"rendered":"<div data-elementor-type=\"wp-page\" data-elementor-id=\"8216\" class=\"elementor elementor-8216\" data-elementor-post-type=\"page\">\n\t\t\t\t<div class=\"elementor-element elementor-element-516680ba e-flex e-con-boxed e-con e-parent\" data-id=\"516680ba\" data-element_type=\"container\">\n\t\t\t\t\t<div class=\"e-con-inner\">\n\t\t<div class=\"elementor-element elementor-element-76d5c4d4 e-con-full card e-flex e-con e-child\" data-id=\"76d5c4d4\" data-element_type=\"container\" id=\"politika-privatnosti\">\n\t\t\t\t<div class=\"elementor-element elementor-element-45a43905 elementor-widget__width-initial elementor-widget elementor-widget-heading\" data-id=\"45a43905\" data-element_type=\"widget\" data-widget_type=\"heading.default\">\n\t\t\t\t\t<h2 class=\"elementor-heading-title elementor-size-default\">Privacy policy<\/h2>\t\t\t\t<\/div>\n\t\t\t\t<div class=\"elementor-element elementor-element-5ba50071 elementor-widget__width-initial elementor-widget elementor-widget-text-editor\" data-id=\"5ba50071\" data-element_type=\"widget\" data-widget_type=\"text-editor.default\">\n\t\t\t\t\t\t\t\t\t<p>STRUCTURA Consulting &amp; Engineering d.o.o.\/LLC (u daljnjem tekstu STRUCTURA) nastoji u svom poslovanju po\u0161tivati sve relevantne zakonske odredbe propisane hrvatskim zakonom i Op\u0107om uredbom o za\u0161titi osobnih podataka (u daljnjem tekstu Uredba), te poduzima sve potrebne tehni\u010dke i organizacijske mjere u skladu s najboljom praksom za za\u0161titu i sigurnost obra\u0111enih osobnih podataka.<\/p><p>Svrha i na\u010din obrade Va\u0161ih osobnih podataka uvelike ovise o vrsti na\u0161eg poslovnog odnosa na temelju kojeg prikupljamo Va\u0161e osobne podataka. U svom poslovanju vodimo se temeljnim na\u010delima za\u0161tite osobnih podataka, \u0161to zna\u010di da podatke obra\u0111ujemo zakonito, transparentno i po\u0161teno.<\/p><p>Prilikom obrade Va\u0161ih osobnih podataka vodimo se na\u010delima to\u010dnosti, pouzdanosti, povjerljivosti i integriteta. Pristup va\u0161im osobnim podacima mogu\u0107 je samo ovla\u0161tenim djelatnicima STRUCTURE i na\u0161im partnerima pru\u017eateljima poslovnih usluga.<\/p><p>STRUCTURA obrada osobnih podataka provodi se u slu\u010dajevima kada zakonski propisi nala\u017eu pohranu osobnih podataka.<\/p><p>Prikupljanje podataka za posebnu, izri\u010ditu i legitimnu svrhu bit \u0107e ograni\u010deno na nu\u017ean opseg za ispunjenje te svrhe i obra\u0111eno na na\u010din koji je u skladu s ovom svrhom.<\/p><p>Prikupljene podatke \u010duvat \u0107emo onoliko dugo koliko je potrebno s obzirom na svrhu ili rok odre\u0111en va\u017ee\u0107im propisima.<\/p><p>STRUCTURA ne prenosi va\u0161e osobne podatke u tre\u0107e zemlje. Ukoliko postoji potreba za takvim prijenosom, STRUCTURA \u0107e Vas o tome obavijestiti na odgovaraju\u0107i na\u010din, a prijenos informacija \u0107e biti dostupan samo u skladu s va\u017ee\u0107im propisima.<\/p><p>U sklopu redovnog poslovnog ili ugovornog odnosa s kupcima i dobavlja\u010dima primarno obra\u0111ujemo podatke kao \u0161to su: ime, prezime, broj telefona, e-mail adresa, adresa i sl. Ukoliko je to potrebno za obavljanje na\u0161ih poslovnih aktivnosti, a ne vezane uz odre\u0111eni ugovorni ili poslovni odnos, podatke prikupljamo iz javnih izvora (Sudski registar, FINA) ili su nam ih legitimno priop\u0107ili drugi ugovorni partneri ili tre\u0107e strane.<\/p><p>STRUCTURA \u0107e obra\u0111ivati osobne podatke u skladu sa svim pravima osoba propisanih Uredbom svake osobe \u010diji se osobni podaci prikupljaju (u daljnjem tekstu nositelj podataka), a posebice:<\/p><p>pravo na informiranost \u2013 STRUCTURA \u0107e vam dati svoj identitet i podatke za kontakt, svrhu obrade i zakonsku osnovu za obradu, o legitimnim interesima STRUCTURE, pojedinosti o namjeravanom prijenosu tre\u0107oj osobi, o pohrani razdoblju podataka, o va\u0161em pravu na pristup, pravu na ispravak, pravu na brisanje, pravu na ograni\u010denje obrade, pravu na prigovor itd.<\/p><p>pravo na pristup informacijama \u2013 ispitanik ima pravo od STRUCTURE na svoj zahtjev dobiti: potvrdu obra\u0111uju li se osobni podaci koji se na njega odnose ili ne, o pravu na pristup osobnim podacima i informacijama, izme\u0111u ostalog, o ve\u0107 obra\u0111enim osobnim podacima i svrsi obrade, razdoblju \u010duvanja, prenosivosti podataka u tre\u0107e zemlje,<\/p><p>pravo na ispravak \u2013 ako su osobni podaci ispitanika neto\u010dni, nositelj podataka ima pravo na ispravak podataka, a uzimaju\u0107i u obzir svrhe obrade osobnih podataka, ako su njegovi osobni podaci nepotpuni, nositelj podataka ima pravo na dopunu osobnih podataka, uklju\u010duju\u0107i i putem pru\u017eanja dopunskih podataka,<\/p><p>pravo na zaborav\/pravo na brisanje \u2013 nositelj podataka ima pravo na brisanje svojih osobnih podataka, bez nepotrebnog odga\u0111anja od strane STRUCTURE ako ne postoji zakonska osnova za obradu podataka,<\/p><p>pravo na ograni\u010denje obrade \u2013 ispitanik ima pravo zahtijevati da se obrada ograni\u010di iznimkom pohrane i neke druge obrade,<\/p><p>pravo na prenosivost podataka \u2013 nositelj podataka ima pravo dobiti svoje osobne podate koje je prethodno dao STRUCTURI u strojno \u010ditljivom formatu i prenijeti te podatke drugom voditelju obrade podataka bez ometanja od strane STRUCTURE, gdje se provodi obrada osobnih podataka automatiziranim sredstvima i kada je nositelj podataka pristao na obradu ili kada se obrada provodi na temelju ugovora izme\u0111u ispitanika i voditelja obrade podataka.<\/p><p>pravo na prigovor na obradu osobnih podataka \u2013 ispitanik ima pravo na prigovor na obradu osobnih podataka i STRUCTURA vi\u0161e ne smije obra\u0111ivati osobne podatke osim ako STRUCTURA mo\u017ee pru\u017eiti uvjerljive legitimne razloge za obradu koji nadilaze interes ispitanika i zbog zakonskih zahtjeva.<\/p><p>Svaki prigovor na obradu osobnih podataka potrebno je uputiti u pisanom obliku na adresu Dru\u0161tva:<\/p><p>Strojarska cesta 12b, 10000 Zagreb, Hrvatska<\/p><p>ili poslati elektroni\u010dkom po\u0161tom na e-mail adresu:<\/p><p>info@s-ce.hr<\/p><p>STRUCTURA mo\u017ee zatra\u017eiti pru\u017eanje dodatnih informacija potrebnih za utvr\u0111ivanje identiteta nositelja podataka.<\/p>\t\t\t\t\t\t\t\t<\/div>\n\t\t\t\t<\/div>\n\t\t<div class=\"elementor-element elementor-element-ac95f9c e-con-full card e-flex e-con e-child\" data-id=\"ac95f9c\" data-element_type=\"container\" id=\"kolacici\">\n\t\t\t\t<div class=\"elementor-element elementor-element-726a325 elementor-widget__width-initial elementor-widget elementor-widget-heading\" data-id=\"726a325\" data-element_type=\"widget\" data-widget_type=\"heading.default\">\n\t\t\t\t\t<h2 class=\"elementor-heading-title elementor-size-default\">Cookies<\/h2>\t\t\t\t<\/div>\n\t\t\t\t<div class=\"elementor-element elementor-element-a985fee elementor-widget__width-initial elementor-widget elementor-widget-text-editor\" data-id=\"a985fee\" data-element_type=\"widget\" data-widget_type=\"text-editor.default\">\n\t\t\t\t\t\t\t\t\t<p data-start=\"153\" data-end=\"557\">Web stranica <strong data-start=\"166\" data-end=\"177\">s-ce.hr<\/strong> koristi kola\u010di\u0107e (cookies) i srodne tehnologije s ciljem osiguravanja pravilnog funkcioniranja sustava, unapre\u0111enja korisni\u010dkog iskustva, analize kori\u0161tenja mre\u017enih servisa te optimizacije sadr\u017eaja. Kola\u010di\u0107i predstavljaju male tekstualne datoteke koje se pohranjuju na ure\u0111aj korisnika prilikom posjete web stranici i omogu\u0107uju prepoznavanje preglednika tijekom ponovnih posjeta.<\/p><p data-start=\"559\" data-end=\"1027\">Kori\u0161tenjem ove web stranice korisnik pristaje na upotrebu kola\u010di\u0107a koji mogu uklju\u010divati nu\u017ene tehni\u010dke kola\u010di\u0107e potrebne za funkcioniranje web stranice, statisti\u010dke kola\u010di\u0107e namijenjene analizi posje\u0107enosti te, ukoliko su aktivni, marketin\u0161ke kola\u010di\u0107e koji slu\u017ee prilagodbi prikazanog sadr\u017eaja i eventualnih oglasa. Kola\u010di\u0107i se obra\u0111uju u skladu s va\u017ee\u0107im propisima o za\u0161titi osobnih podataka, te se \u010duvaju samo u razdoblju potrebnom za ostvarenje pripadaju\u0107e svrhe.<\/p><p data-start=\"1029\" data-end=\"1313\">Korisnik mo\u017ee samostalno upravljati kola\u010di\u0107ima putem postavki internetskog preglednika, uklju\u010duju\u0107i mogu\u0107nost njihova ograni\u010davanja ili potpunog onemogu\u0107avanja. U slu\u010daju deaktivacije pojedinih vrsta kola\u010di\u0107a, odre\u0111ene funkcionalnosti web stranice mogu biti ograni\u010dene ili nedostupne.<\/p><p data-start=\"1315\" data-end=\"1598\">STRUCTURA zadr\u017eava pravo izmjene ove politike kola\u010di\u0107a u bilo kojem trenutku, u skladu s promjenama tehni\u010dkih i operativnih uvjeta web stranice te va\u017ee\u0107ih zakonskih propisa. Preporu\u010dujemo korisnicima povremeno provjeriti ovu stranicu kako bi bili informirani o eventualnim izmjenama.<\/p>\t\t\t\t\t\t\t\t<\/div>\n\t\t\t\t<\/div>\n\t\t<div class=\"elementor-element elementor-element-d33c3f7 e-con-full card e-flex e-con e-child\" data-id=\"d33c3f7\" data-element_type=\"container\" id=\"uvjeti\">\n\t\t\t\t<div class=\"elementor-element elementor-element-80ed5aa elementor-widget__width-initial elementor-widget elementor-widget-heading\" data-id=\"80ed5aa\" data-element_type=\"widget\" data-widget_type=\"heading.default\">\n\t\t\t\t\t<h2 class=\"elementor-heading-title elementor-size-default\">Uvjeti uporabe<\/h2>\t\t\t\t<\/div>\n\t\t\t\t<div class=\"elementor-element elementor-element-2b11e6f elementor-widget__width-initial elementor-widget elementor-widget-text-editor\" data-id=\"2b11e6f\" data-element_type=\"widget\" data-widget_type=\"text-editor.default\">\n\t\t\t\t\t\t\t\t\t<p data-start=\"158\" data-end=\"720\">Kori\u0161tenjem web stranice <strong data-start=\"183\" data-end=\"194\">s-ce.hr<\/strong> korisnik potvr\u0111uje da je upoznat s ovim Uvjetima uporabe, da ih razumije i u cijelosti prihva\u0107a. Svi sadr\u017eaji dostupni na ovoj stranici, uklju\u010duju\u0107i tekstove, grafi\u010dke prikaze, fotografije, logotipe, dokumente i druge materijale, isklju\u010divo su vlasni\u0161tvo <strong data-start=\"450\" data-end=\"495\">STRUCTURA Consulting &amp; Engineering d.o.o.<\/strong>, te je njihovo kori\u0161tenje dopu\u0161teno isklju\u010divo u osobne i nekomercijalne svrhe. Zabranjeno je svako kopiranje, distribucija, izmjena, objava ili druga upotreba navedenih materijala bez prethodnog pisanog odobrenja STRUCTURE.<\/p><p data-start=\"722\" data-end=\"1188\">STRUCTURA nastoji osigurati to\u010dnost i a\u017eurnost svih informacija objavljenih na ovoj web stranici, no ne daje jamstva u pogledu njihove potpunosti i ne preuzima odgovornost za eventualnu izravnu ili neizravnu \u0161tetu nastalu kori\u0161tenjem ili oslanjanjem na informacije dostupne na stranici. Web stranica mo\u017ee sadr\u017eavati poveznice na vanjske internetske izvore, na \u010diji sadr\u017eaj, sigurnost, dostupnost i politiku privatnosti STRUCTURA nema utjecaja niti snosi odgovornost.<\/p><p data-start=\"1190\" data-end=\"1547\">STRUCTURA zadr\u017eava pravo izmjene i dopune ovih Uvjeta uporabe, kao i drugih pravila vezanih uz kori\u0161tenje web stranice, u bilo kojem trenutku i bez prethodne najave. Preporu\u010dujemo korisnicima periodi\u010dno provjeravanje ove stranice radi informiranja o eventualnim izmjenama. Nastavak kori\u0161tenja web stranice nakon objave promjena smatra se prihva\u0107anjem istih.<\/p>\t\t\t\t\t\t\t\t<\/div>\n\t\t\t\t<\/div>\n\t\t\t\t\t<\/div>\n\t\t\t\t<\/div>\n\t\t\t\t<\/div>","protected":false},"excerpt":{"rendered":"<p>Politika privatnosti STRUCTURA Consulting &amp; Engineering d.o.o.\/LLC (u daljnjem tekstu STRUCTURA) nastoji u svom poslovanju po\u0161tivati sve relevantne zakonske odredbe propisane hrvatskim zakonom i Op\u0107om uredbom o za\u0161titi osobnih podataka (u daljnjem tekstu Uredba), te poduzima sve potrebne tehni\u010dke i organizacijske mjere u skladu s najboljom praksom za za\u0161titu i sigurnost obra\u0111enih osobnih podataka. Svrha [&hellip;]<\/p>\n","protected":false},"author":1,"featured_media":0,"parent":0,"menu_order":0,"comment_status":"closed","ping_status":"closed","template":"","meta":{"footnotes":""},"class_list":["post-8216","page","type-page","status-publish","hentry"],"yoast_head":"<!-- This site is optimized with the Yoast SEO plugin v27.0 - https:\/\/yoast.com\/product\/yoast-seo-wordpress\/ -->\n<title>PRIVATNOST - STRUCTURA<\/title>\n<meta name=\"robots\" content=\"index, follow, max-snippet:-1, max-image-preview:large, max-video-preview:-1\" \/>\n<link rel=\"canonical\" href=\"https:\/\/s-ce.hr\/en\/privatnost\/\" \/>\n<meta property=\"og:locale\" content=\"en_GB\" \/>\n<meta property=\"og:type\" content=\"article\" \/>\n<meta property=\"og:title\" content=\"PRIVATNOST - STRUCTURA\" \/>\n<meta property=\"og:description\" content=\"Politika privatnosti STRUCTURA Consulting &amp; Engineering d.o.o.\/LLC (u daljnjem tekstu STRUCTURA) nastoji u svom poslovanju po\u0161tivati sve relevantne zakonske odredbe propisane hrvatskim zakonom i Op\u0107om uredbom o za\u0161titi osobnih podataka (u daljnjem tekstu Uredba), te poduzima sve potrebne tehni\u010dke i organizacijske mjere u skladu s najboljom praksom za za\u0161titu i sigurnost obra\u0111enih osobnih podataka. Svrha [&hellip;]\" \/>\n<meta property=\"og:url\" content=\"https:\/\/s-ce.hr\/en\/privatnost\/\" \/>\n<meta property=\"og:site_name\" content=\"STRUCTURA\" \/>\n<meta property=\"article:modified_time\" content=\"2025-12-09T17:04:55+00:00\" \/>\n<meta name=\"twitter:card\" content=\"summary_large_image\" \/>\n<meta name=\"twitter:label1\" content=\"Estimated reading time\" \/>\n\t<meta name=\"twitter:data1\" content=\"6 minutes\" \/>\n<script type=\"application\/ld+json\" class=\"yoast-schema-graph\">{\"@context\":\"https:\/\/schema.org\",\"@graph\":[{\"@type\":\"WebPage\",\"@id\":\"https:\/\/s-ce.hr\/privatnost\/\",\"url\":\"https:\/\/s-ce.hr\/privatnost\/\",\"name\":\"PRIVATNOST - STRUCTURA\",\"isPartOf\":{\"@id\":\"https:\/\/s-ce.hr\/#website\"},\"datePublished\":\"2025-12-09T16:32:52+00:00\",\"dateModified\":\"2025-12-09T17:04:55+00:00\",\"breadcrumb\":{\"@id\":\"https:\/\/s-ce.hr\/privatnost\/#breadcrumb\"},\"inLanguage\":\"en-GB\",\"potentialAction\":[{\"@type\":\"ReadAction\",\"target\":[\"https:\/\/s-ce.hr\/privatnost\/\"]}]},{\"@type\":\"BreadcrumbList\",\"@id\":\"https:\/\/s-ce.hr\/privatnost\/#breadcrumb\",\"itemListElement\":[{\"@type\":\"ListItem\",\"position\":1,\"name\":\"Home\",\"item\":\"https:\/\/s-ce.hr\/\"},{\"@type\":\"ListItem\",\"position\":2,\"name\":\"PRIVATNOST\"}]},{\"@type\":\"WebSite\",\"@id\":\"https:\/\/s-ce.hr\/#website\",\"url\":\"https:\/\/s-ce.hr\/\",\"name\":\"STRUCTURA Consulting&Engineering\",\"description\":\"Consulting &amp; Engineering\",\"publisher\":{\"@id\":\"https:\/\/s-ce.hr\/#organization\"},\"potentialAction\":[{\"@type\":\"SearchAction\",\"target\":{\"@type\":\"EntryPoint\",\"urlTemplate\":\"https:\/\/s-ce.hr\/?s={search_term_string}\"},\"query-input\":{\"@type\":\"PropertyValueSpecification\",\"valueRequired\":true,\"valueName\":\"search_term_string\"}}],\"inLanguage\":\"en-GB\"},{\"@type\":\"Organization\",\"@id\":\"https:\/\/s-ce.hr\/#organization\",\"name\":\"STRUCTURA Consulting&Engineering\",\"url\":\"https:\/\/s-ce.hr\/\",\"logo\":{\"@type\":\"ImageObject\",\"inLanguage\":\"en-GB\",\"@id\":\"https:\/\/s-ce.hr\/#\/schema\/logo\/image\/\",\"url\":\"https:\/\/s-ce.hr\/wp-content\/uploads\/2025\/09\/Structura-Logo-Box-RGB-01-e1757341507554.jpg\",\"contentUrl\":\"https:\/\/s-ce.hr\/wp-content\/uploads\/2025\/09\/Structura-Logo-Box-RGB-01-e1757341507554.jpg\",\"width\":492,\"height\":330,\"caption\":\"STRUCTURA Consulting&Engineering\"},\"image\":{\"@id\":\"https:\/\/s-ce.hr\/#\/schema\/logo\/image\/\"}}]}<\/script>\n<!-- \/ Yoast SEO plugin. -->","yoast_head_json":{"title":"PRIVATNOST - STRUCTURA","robots":{"index":"index","follow":"follow","max-snippet":"max-snippet:-1","max-image-preview":"max-image-preview:large","max-video-preview":"max-video-preview:-1"},"canonical":"https:\/\/s-ce.hr\/en\/privatnost\/","og_locale":"en_GB","og_type":"article","og_title":"PRIVATNOST - STRUCTURA","og_description":"Politika privatnosti STRUCTURA Consulting &amp; Engineering d.o.o.\/LLC (u daljnjem tekstu STRUCTURA) nastoji u svom poslovanju po\u0161tivati sve relevantne zakonske odredbe propisane hrvatskim zakonom i Op\u0107om uredbom o za\u0161titi osobnih podataka (u daljnjem tekstu Uredba), te poduzima sve potrebne tehni\u010dke i organizacijske mjere u skladu s najboljom praksom za za\u0161titu i sigurnost obra\u0111enih osobnih podataka. Svrha [&hellip;]","og_url":"https:\/\/s-ce.hr\/en\/privatnost\/","og_site_name":"STRUCTURA","article_modified_time":"2025-12-09T17:04:55+00:00","twitter_card":"summary_large_image","twitter_misc":{"Estimated reading time":"6 minutes"},"schema":{"@context":"https:\/\/schema.org","@graph":[{"@type":"WebPage","@id":"https:\/\/s-ce.hr\/privatnost\/","url":"https:\/\/s-ce.hr\/privatnost\/","name":"PRIVATNOST - STRUCTURA","isPartOf":{"@id":"https:\/\/s-ce.hr\/#website"},"datePublished":"2025-12-09T16:32:52+00:00","dateModified":"2025-12-09T17:04:55+00:00","breadcrumb":{"@id":"https:\/\/s-ce.hr\/privatnost\/#breadcrumb"},"inLanguage":"en-GB","potentialAction":[{"@type":"ReadAction","target":["https:\/\/s-ce.hr\/privatnost\/"]}]},{"@type":"BreadcrumbList","@id":"https:\/\/s-ce.hr\/privatnost\/#breadcrumb","itemListElement":[{"@type":"ListItem","position":1,"name":"Home","item":"https:\/\/s-ce.hr\/"},{"@type":"ListItem","position":2,"name":"PRIVATNOST"}]},{"@type":"WebSite","@id":"https:\/\/s-ce.hr\/#website","url":"https:\/\/s-ce.hr\/","name":"STRUCTURA Consulting&Engineering","description":"Consulting &amp; Engineering","publisher":{"@id":"https:\/\/s-ce.hr\/#organization"},"potentialAction":[{"@type":"SearchAction","target":{"@type":"EntryPoint","urlTemplate":"https:\/\/s-ce.hr\/?s={search_term_string}"},"query-input":{"@type":"PropertyValueSpecification","valueRequired":true,"valueName":"search_term_string"}}],"inLanguage":"en-GB"},{"@type":"Organization","@id":"https:\/\/s-ce.hr\/#organization","name":"STRUCTURA Consulting&Engineering","url":"https:\/\/s-ce.hr\/","logo":{"@type":"ImageObject","inLanguage":"en-GB","@id":"https:\/\/s-ce.hr\/#\/schema\/logo\/image\/","url":"https:\/\/s-ce.hr\/wp-content\/uploads\/2025\/09\/Structura-Logo-Box-RGB-01-e1757341507554.jpg","contentUrl":"https:\/\/s-ce.hr\/wp-content\/uploads\/2025\/09\/Structura-Logo-Box-RGB-01-e1757341507554.jpg","width":492,"height":330,"caption":"STRUCTURA Consulting&Engineering"},"image":{"@id":"https:\/\/s-ce.hr\/#\/schema\/logo\/image\/"}}]}},"_links":{"self":[{"href":"https:\/\/s-ce.hr\/en\/wp-json\/wp\/v2\/pages\/8216","targetHints":{"allow":["GET"]}}],"collection":[{"href":"https:\/\/s-ce.hr\/en\/wp-json\/wp\/v2\/pages"}],"about":[{"href":"https:\/\/s-ce.hr\/en\/wp-json\/wp\/v2\/types\/page"}],"author":[{"embeddable":true,"href":"https:\/\/s-ce.hr\/en\/wp-json\/wp\/v2\/users\/1"}],"replies":[{"embeddable":true,"href":"https:\/\/s-ce.hr\/en\/wp-json\/wp\/v2\/comments?post=8216"}],"version-history":[{"count":28,"href":"https:\/\/s-ce.hr\/en\/wp-json\/wp\/v2\/pages\/8216\/revisions"}],"predecessor-version":[{"id":8264,"href":"https:\/\/s-ce.hr\/en\/wp-json\/wp\/v2\/pages\/8216\/revisions\/8264"}],"wp:attachment":[{"href":"https:\/\/s-ce.hr\/en\/wp-json\/wp\/v2\/media?parent=8216"}],"curies":[{"name":"wp","href":"https:\/\/api.w.org\/{rel}","templated":true}]}}