{"id":5946,"date":"2025-11-27T12:10:11","date_gmt":"2025-11-27T12:10:11","guid":{"rendered":"https:\/\/s-ce.hr\/?page_id=5946"},"modified":"2026-01-04T17:08:36","modified_gmt":"2026-01-04T17:08:36","slug":"stubicki-golubovec","status":"publish","type":"page","link":"https:\/\/s-ce.hr\/en\/projekti\/stubicki-golubovec\/","title":{"rendered":"STUBI\u010cKI GOLUBOVEC"},"content":{"rendered":"<div data-elementor-type=\"wp-page\" data-elementor-id=\"5946\" class=\"elementor elementor-5946\" data-elementor-post-type=\"page\">\n\t\t\t\t<div class=\"elementor-element elementor-element-47e889d6 fade-section e-flex e-con-boxed e-con e-parent\" data-id=\"47e889d6\" data-element_type=\"container\" data-settings=\"{&quot;background_background&quot;:&quot;classic&quot;}\">\n\t\t\t\t\t<div class=\"e-con-inner\">\n\t\t\t\t\t<\/div>\n\t\t\t\t<\/div>\n\t\t<div class=\"elementor-element elementor-element-1d99382e e-con-full e-flex e-con e-parent\" data-id=\"1d99382e\" data-element_type=\"container\" data-settings=\"{&quot;background_background&quot;:&quot;classic&quot;}\">\n\t\t<div class=\"elementor-element elementor-element-17f0668d e-con-full card e-flex e-con e-child\" data-id=\"17f0668d\" data-element_type=\"container\" data-settings=\"{&quot;background_background&quot;:&quot;gradient&quot;}\">\n\t\t<div class=\"elementor-element elementor-element-11a3de8f e-con-full e-flex e-con e-child\" data-id=\"11a3de8f\" data-element_type=\"container\">\n\t\t\t\t<div class=\"elementor-element elementor-element-2c3cdbda elementor-widget elementor-widget-heading\" data-id=\"2c3cdbda\" data-element_type=\"widget\" data-widget_type=\"heading.default\">\n\t\t\t\t\t<h2 class=\"elementor-heading-title elementor-size-default\">DOGRADNJA DVORCA STUBI\u010cKI GOLUBOVEC S PRISTUPNIM PUTEM\n<\/h2>\t\t\t\t<\/div>\n\t\t\t\t<div class=\"elementor-element elementor-element-64735ab0 elementor-widget elementor-widget-heading\" data-id=\"64735ab0\" data-element_type=\"widget\" data-widget_type=\"heading.default\">\n\t\t\t\t\t<h2 class=\"elementor-heading-title elementor-size-default\">INVESTITOR: Grad Donja Stubica<\/h2>\t\t\t\t<\/div>\n\t\t\t\t<div class=\"elementor-element elementor-element-7f2152fc elementor-widget elementor-widget-heading\" data-id=\"7f2152fc\" data-element_type=\"widget\" data-widget_type=\"heading.default\">\n\t\t\t\t\t<h2 class=\"elementor-heading-title elementor-size-default\">LOKACIJA: Dvorac Stubi\u010dki Golubovec, Donja Stubica<\/h2>\t\t\t\t<\/div>\n\t\t\t\t<div class=\"elementor-element elementor-element-6ea398aa elementor-widget elementor-widget-heading\" data-id=\"6ea398aa\" data-element_type=\"widget\" data-widget_type=\"heading.default\">\n\t\t\t\t\t<h2 class=\"elementor-heading-title elementor-size-default\">SERVICE: Construction supervision<\/h2>\t\t\t\t<\/div>\n\t\t\t\t<div class=\"elementor-element elementor-element-49ef315b elementor-widget elementor-widget-text-editor\" data-id=\"49ef315b\" data-element_type=\"widget\" data-widget_type=\"text-editor.default\">\n\t\t\t\t\t\t\t\t\t<p data-start=\"458\" data-end=\"1067\">The extension project of Stubi\u010dki Golubovec Castle with its associated access road represents a demanding intervention on one of the most significant historic structures in north-western Croatia. The aim of the project is to functionally and technically modernise the existing complex in order to enable its cultural, tourism, and public use, while simultaneously preserving the original architectural identity of the castle. The extension encompasses the construction of a new structure or spatial expansion complementary to the historic building, as well as the development of a quality access road providing safe passage for visitors, users, and service vehicles.<\/p><p data-start=\"1069\" data-end=\"1618\">The construction works include the structure of the extended section built to contemporary standards, with careful alignment to the existing architecture of the castle. Particular attention is devoted to finishing details, material selection, and technical solutions to ensure that the new spaces are aesthetically, functionally, and technologically integrated into the cultural and historical ensemble. The access road is constructed with adaptation to the terrain configuration, drainage management, slope protection works, and installation of load-bearing pavement layers, thereby ensuring the durability and safety of traffic movement.<\/p>\t\t\t\t\t\t\t\t<\/div>\n\t\t\t\t<\/div>\n\t\t\t\t<\/div>\n\t\t\t\t<div class=\"elementor-element elementor-element-6aa9433d elementor-widget elementor-widget-gallery\" data-id=\"6aa9433d\" data-element_type=\"widget\" data-settings=\"{&quot;columns&quot;:1,&quot;image_hover_animation&quot;:&quot;grow&quot;,&quot;aspect_ratio&quot;:&quot;1:1&quot;,&quot;gallery_layout&quot;:&quot;grid&quot;,&quot;columns_tablet&quot;:2,&quot;columns_mobile&quot;:1,&quot;gap&quot;:{&quot;unit&quot;:&quot;px&quot;,&quot;size&quot;:10,&quot;sizes&quot;:[]},&quot;gap_widescreen&quot;:{&quot;unit&quot;:&quot;px&quot;,&quot;size&quot;:&quot;&quot;,&quot;sizes&quot;:[]},&quot;gap_tablet&quot;:{&quot;unit&quot;:&quot;px&quot;,&quot;size&quot;:10,&quot;sizes&quot;:[]},&quot;gap_mobile&quot;:{&quot;unit&quot;:&quot;px&quot;,&quot;size&quot;:10,&quot;sizes&quot;:[]},&quot;link_to&quot;:&quot;file&quot;}\" data-widget_type=\"gallery.default\">\n\t\t\t\t\t\t\t<div class=\"elementor-gallery__container\">\n\t\t\t\t\t\t\t<a class=\"e-gallery-item elementor-gallery-item elementor-animated-content\" href=\"https:\/\/s-ce.hr\/wp-content\/uploads\/2025\/11\/Stubicki-Golubovec-5.jpg\" data-elementor-open-lightbox=\"yes\" data-elementor-lightbox-slideshow=\"6aa9433d\" data-e-action-hash=\"#elementor-action%3Aaction%3Dlightbox%26settings%3DeyJpZCI6NTk2NiwidXJsIjoiaHR0cHM6XC9cL3MtY2UuaHJcL3dwLWNvbnRlbnRcL3VwbG9hZHNcLzIwMjVcLzExXC9TdHViaWNraS1Hb2x1Ym92ZWMtNS5qcGciLCJzbGlkZXNob3ciOiI2YWE5NDMzZCJ9\">\n\t\t\t\t\t<div class=\"e-gallery-image elementor-gallery-item__image\" data-thumbnail=\"https:\/\/s-ce.hr\/wp-content\/uploads\/2025\/11\/Stubicki-Golubovec-5-1024x683.jpg\" data-width=\"800\" data-height=\"534\" aria-label=\"\" role=\"img\" ><\/div>\n\t\t\t\t\t\t\t\t\t\t\t\t\t\t<\/a>\n\t\t\t\t\t<\/div>\n\t\t\t\t\t<\/div>\n\t\t\t\t<\/div>\n\t\t\t\t<\/div>","protected":false},"excerpt":{"rendered":"<p>DOGRADNJA DVORCA STUBI\u010cKI GOLUBOVEC S PRISTUPNIM PUTEM INVESTITOR: Grad Donja Stubica LOKACIJA: Dvorac Stubi\u010dki Golubovec, Donja Stubica USLUGA: stru\u010dni nadzor Projekt dogradnje Dvorca Stubi\u010dki Golubovec s pripadaju\u0107im pristupnim putem predstavlja zahtjevan zahvat na jednom od najzna\u010dajnijih povijesnih objekata u sjeverozapadnoj Hrvatskoj. Cilj projekta je funkcionalno i tehni\u010dki osuvremeniti postoje\u0107i kompleks kako bi se omogu\u0107ila njegova [&hellip;]<\/p>\n","protected":false},"author":1,"featured_media":0,"parent":6754,"menu_order":0,"comment_status":"closed","ping_status":"closed","template":"","meta":{"footnotes":""},"class_list":["post-5946","page","type-page","status-publish","hentry"],"yoast_head":"<!-- This site is optimized with the Yoast SEO plugin v27.0 - https:\/\/yoast.com\/product\/yoast-seo-wordpress\/ -->\n<title>STUBI\u010cKI GOLUBOVEC - STRUCTURA<\/title>\n<meta name=\"robots\" content=\"index, follow, max-snippet:-1, max-image-preview:large, max-video-preview:-1\" \/>\n<link rel=\"canonical\" href=\"https:\/\/s-ce.hr\/en\/projekti\/stubicki-golubovec\/\" \/>\n<meta property=\"og:locale\" content=\"en_GB\" \/>\n<meta property=\"og:type\" content=\"article\" \/>\n<meta property=\"og:title\" content=\"STUBI\u010cKI GOLUBOVEC - STRUCTURA\" \/>\n<meta property=\"og:description\" content=\"DOGRADNJA DVORCA STUBI\u010cKI GOLUBOVEC S PRISTUPNIM PUTEM INVESTITOR: Grad Donja Stubica LOKACIJA: Dvorac Stubi\u010dki Golubovec, Donja Stubica USLUGA: stru\u010dni nadzor Projekt dogradnje Dvorca Stubi\u010dki Golubovec s pripadaju\u0107im pristupnim putem predstavlja zahtjevan zahvat na jednom od najzna\u010dajnijih povijesnih objekata u sjeverozapadnoj Hrvatskoj. Cilj projekta je funkcionalno i tehni\u010dki osuvremeniti postoje\u0107i kompleks kako bi se omogu\u0107ila njegova [&hellip;]\" \/>\n<meta property=\"og:url\" content=\"https:\/\/s-ce.hr\/en\/projekti\/stubicki-golubovec\/\" \/>\n<meta property=\"og:site_name\" content=\"STRUCTURA\" \/>\n<meta property=\"article:modified_time\" content=\"2026-01-04T17:08:36+00:00\" \/>\n<meta name=\"twitter:card\" content=\"summary_large_image\" \/>\n<meta name=\"twitter:label1\" content=\"Estimated reading time\" \/>\n\t<meta name=\"twitter:data1\" content=\"1 minute\" \/>\n<script type=\"application\/ld+json\" class=\"yoast-schema-graph\">{\"@context\":\"https:\/\/schema.org\",\"@graph\":[{\"@type\":\"WebPage\",\"@id\":\"https:\/\/s-ce.hr\/projekti\/stubicki-golubovec\/\",\"url\":\"https:\/\/s-ce.hr\/projekti\/stubicki-golubovec\/\",\"name\":\"STUBI\u010cKI GOLUBOVEC - STRUCTURA\",\"isPartOf\":{\"@id\":\"https:\/\/s-ce.hr\/#website\"},\"datePublished\":\"2025-11-27T12:10:11+00:00\",\"dateModified\":\"2026-01-04T17:08:36+00:00\",\"breadcrumb\":{\"@id\":\"https:\/\/s-ce.hr\/projekti\/stubicki-golubovec\/#breadcrumb\"},\"inLanguage\":\"en-GB\",\"potentialAction\":[{\"@type\":\"ReadAction\",\"target\":[\"https:\/\/s-ce.hr\/projekti\/stubicki-golubovec\/\"]}]},{\"@type\":\"BreadcrumbList\",\"@id\":\"https:\/\/s-ce.hr\/projekti\/stubicki-golubovec\/#breadcrumb\",\"itemListElement\":[{\"@type\":\"ListItem\",\"position\":1,\"name\":\"Home\",\"item\":\"https:\/\/s-ce.hr\/\"},{\"@type\":\"ListItem\",\"position\":2,\"name\":\"PROJEKTI\",\"item\":\"https:\/\/s-ce.hr\/projekti\/\"},{\"@type\":\"ListItem\",\"position\":3,\"name\":\"STUBI\u010cKI GOLUBOVEC\"}]},{\"@type\":\"WebSite\",\"@id\":\"https:\/\/s-ce.hr\/#website\",\"url\":\"https:\/\/s-ce.hr\/\",\"name\":\"STRUCTURA Consulting&Engineering\",\"description\":\"Consulting &amp; Engineering\",\"publisher\":{\"@id\":\"https:\/\/s-ce.hr\/#organization\"},\"potentialAction\":[{\"@type\":\"SearchAction\",\"target\":{\"@type\":\"EntryPoint\",\"urlTemplate\":\"https:\/\/s-ce.hr\/?s={search_term_string}\"},\"query-input\":{\"@type\":\"PropertyValueSpecification\",\"valueRequired\":true,\"valueName\":\"search_term_string\"}}],\"inLanguage\":\"en-GB\"},{\"@type\":\"Organization\",\"@id\":\"https:\/\/s-ce.hr\/#organization\",\"name\":\"STRUCTURA Consulting&Engineering\",\"url\":\"https:\/\/s-ce.hr\/\",\"logo\":{\"@type\":\"ImageObject\",\"inLanguage\":\"en-GB\",\"@id\":\"https:\/\/s-ce.hr\/#\/schema\/logo\/image\/\",\"url\":\"https:\/\/s-ce.hr\/wp-content\/uploads\/2025\/09\/Structura-Logo-Box-RGB-01-e1757341507554.jpg\",\"contentUrl\":\"https:\/\/s-ce.hr\/wp-content\/uploads\/2025\/09\/Structura-Logo-Box-RGB-01-e1757341507554.jpg\",\"width\":492,\"height\":330,\"caption\":\"STRUCTURA Consulting&Engineering\"},\"image\":{\"@id\":\"https:\/\/s-ce.hr\/#\/schema\/logo\/image\/\"}}]}<\/script>\n<!-- \/ Yoast SEO plugin. -->","yoast_head_json":{"title":"STUBI\u010cKI GOLUBOVEC - STRUCTURA","robots":{"index":"index","follow":"follow","max-snippet":"max-snippet:-1","max-image-preview":"max-image-preview:large","max-video-preview":"max-video-preview:-1"},"canonical":"https:\/\/s-ce.hr\/en\/projekti\/stubicki-golubovec\/","og_locale":"en_GB","og_type":"article","og_title":"STUBI\u010cKI GOLUBOVEC - STRUCTURA","og_description":"DOGRADNJA DVORCA STUBI\u010cKI GOLUBOVEC S PRISTUPNIM PUTEM INVESTITOR: Grad Donja Stubica LOKACIJA: Dvorac Stubi\u010dki Golubovec, Donja Stubica USLUGA: stru\u010dni nadzor Projekt dogradnje Dvorca Stubi\u010dki Golubovec s pripadaju\u0107im pristupnim putem predstavlja zahtjevan zahvat na jednom od najzna\u010dajnijih povijesnih objekata u sjeverozapadnoj Hrvatskoj. Cilj projekta je funkcionalno i tehni\u010dki osuvremeniti postoje\u0107i kompleks kako bi se omogu\u0107ila njegova [&hellip;]","og_url":"https:\/\/s-ce.hr\/en\/projekti\/stubicki-golubovec\/","og_site_name":"STRUCTURA","article_modified_time":"2026-01-04T17:08:36+00:00","twitter_card":"summary_large_image","twitter_misc":{"Estimated reading time":"1 minute"},"schema":{"@context":"https:\/\/schema.org","@graph":[{"@type":"WebPage","@id":"https:\/\/s-ce.hr\/projekti\/stubicki-golubovec\/","url":"https:\/\/s-ce.hr\/projekti\/stubicki-golubovec\/","name":"STUBI\u010cKI GOLUBOVEC - STRUCTURA","isPartOf":{"@id":"https:\/\/s-ce.hr\/#website"},"datePublished":"2025-11-27T12:10:11+00:00","dateModified":"2026-01-04T17:08:36+00:00","breadcrumb":{"@id":"https:\/\/s-ce.hr\/projekti\/stubicki-golubovec\/#breadcrumb"},"inLanguage":"en-GB","potentialAction":[{"@type":"ReadAction","target":["https:\/\/s-ce.hr\/projekti\/stubicki-golubovec\/"]}]},{"@type":"BreadcrumbList","@id":"https:\/\/s-ce.hr\/projekti\/stubicki-golubovec\/#breadcrumb","itemListElement":[{"@type":"ListItem","position":1,"name":"Home","item":"https:\/\/s-ce.hr\/"},{"@type":"ListItem","position":2,"name":"PROJEKTI","item":"https:\/\/s-ce.hr\/projekti\/"},{"@type":"ListItem","position":3,"name":"STUBI\u010cKI GOLUBOVEC"}]},{"@type":"WebSite","@id":"https:\/\/s-ce.hr\/#website","url":"https:\/\/s-ce.hr\/","name":"STRUCTURA Consulting&Engineering","description":"Consulting &amp; Engineering","publisher":{"@id":"https:\/\/s-ce.hr\/#organization"},"potentialAction":[{"@type":"SearchAction","target":{"@type":"EntryPoint","urlTemplate":"https:\/\/s-ce.hr\/?s={search_term_string}"},"query-input":{"@type":"PropertyValueSpecification","valueRequired":true,"valueName":"search_term_string"}}],"inLanguage":"en-GB"},{"@type":"Organization","@id":"https:\/\/s-ce.hr\/#organization","name":"STRUCTURA Consulting&Engineering","url":"https:\/\/s-ce.hr\/","logo":{"@type":"ImageObject","inLanguage":"en-GB","@id":"https:\/\/s-ce.hr\/#\/schema\/logo\/image\/","url":"https:\/\/s-ce.hr\/wp-content\/uploads\/2025\/09\/Structura-Logo-Box-RGB-01-e1757341507554.jpg","contentUrl":"https:\/\/s-ce.hr\/wp-content\/uploads\/2025\/09\/Structura-Logo-Box-RGB-01-e1757341507554.jpg","width":492,"height":330,"caption":"STRUCTURA Consulting&Engineering"},"image":{"@id":"https:\/\/s-ce.hr\/#\/schema\/logo\/image\/"}}]}},"_links":{"self":[{"href":"https:\/\/s-ce.hr\/en\/wp-json\/wp\/v2\/pages\/5946","targetHints":{"allow":["GET"]}}],"collection":[{"href":"https:\/\/s-ce.hr\/en\/wp-json\/wp\/v2\/pages"}],"about":[{"href":"https:\/\/s-ce.hr\/en\/wp-json\/wp\/v2\/types\/page"}],"author":[{"embeddable":true,"href":"https:\/\/s-ce.hr\/en\/wp-json\/wp\/v2\/users\/1"}],"replies":[{"embeddable":true,"href":"https:\/\/s-ce.hr\/en\/wp-json\/wp\/v2\/comments?post=5946"}],"version-history":[{"count":64,"href":"https:\/\/s-ce.hr\/en\/wp-json\/wp\/v2\/pages\/5946\/revisions"}],"predecessor-version":[{"id":9783,"href":"https:\/\/s-ce.hr\/en\/wp-json\/wp\/v2\/pages\/5946\/revisions\/9783"}],"up":[{"embeddable":true,"href":"https:\/\/s-ce.hr\/en\/wp-json\/wp\/v2\/pages\/6754"}],"wp:attachment":[{"href":"https:\/\/s-ce.hr\/en\/wp-json\/wp\/v2\/media?parent=5946"}],"curies":[{"name":"wp","href":"https:\/\/api.w.org\/{rel}","templated":true}]}}