{"id":5521,"date":"2025-11-26T15:40:00","date_gmt":"2025-11-26T15:40:00","guid":{"rendered":"https:\/\/s-ce.hr\/?page_id=5521"},"modified":"2026-01-04T16:57:14","modified_gmt":"2026-01-04T16:57:14","slug":"arhiv-osijek","status":"publish","type":"page","link":"https:\/\/s-ce.hr\/en\/projekti\/arhiv-osijek\/","title":{"rendered":"ARHIV OSIJEK"},"content":{"rendered":"<div data-elementor-type=\"wp-page\" data-elementor-id=\"5521\" class=\"elementor elementor-5521\" data-elementor-post-type=\"page\">\n\t\t\t\t<div class=\"elementor-element elementor-element-311b108b fade-section e-flex e-con-boxed e-con e-parent\" data-id=\"311b108b\" data-element_type=\"container\" data-settings=\"{&quot;background_background&quot;:&quot;classic&quot;}\">\n\t\t\t\t\t<div class=\"e-con-inner\">\n\t\t\t\t\t<\/div>\n\t\t\t\t<\/div>\n\t\t<div class=\"elementor-element elementor-element-70cfb413 e-con-full e-flex e-con e-parent\" data-id=\"70cfb413\" data-element_type=\"container\" data-settings=\"{&quot;background_background&quot;:&quot;classic&quot;}\">\n\t\t<div class=\"elementor-element elementor-element-604a0d01 e-con-full card e-flex e-con e-child\" data-id=\"604a0d01\" data-element_type=\"container\" data-settings=\"{&quot;background_background&quot;:&quot;gradient&quot;}\">\n\t\t<div class=\"elementor-element elementor-element-c1fdf3f e-con-full e-flex e-con e-child\" data-id=\"c1fdf3f\" data-element_type=\"container\">\n\t\t\t\t<div class=\"elementor-element elementor-element-6173edfe elementor-widget elementor-widget-heading\" data-id=\"6173edfe\" data-element_type=\"widget\" data-widget_type=\"heading.default\">\n\t\t\t\t\t<h2 class=\"elementor-heading-title elementor-size-default\">ENERGY RENOVATION OF THE STATE ARCHIVES BUILDING IN OSIJEK<\/h2>\t\t\t\t<\/div>\n\t\t\t\t<div class=\"elementor-element elementor-element-2ad94575 elementor-widget elementor-widget-heading\" data-id=\"2ad94575\" data-element_type=\"widget\" data-widget_type=\"heading.default\">\n\t\t\t\t\t<h2 class=\"elementor-heading-title elementor-size-default\">INVESTOR: State Archive Osijek<\/h2>\t\t\t\t<\/div>\n\t\t\t\t<div class=\"elementor-element elementor-element-1b29a547 elementor-widget elementor-widget-heading\" data-id=\"1b29a547\" data-element_type=\"widget\" data-widget_type=\"heading.default\">\n\t\t\t\t\t<h2 class=\"elementor-heading-title elementor-size-default\">LOCATON: Ulica Kamila Firingera 1, Osijek<\/h2>\t\t\t\t<\/div>\n\t\t\t\t<div class=\"elementor-element elementor-element-59ccbf45 elementor-widget elementor-widget-heading\" data-id=\"59ccbf45\" data-element_type=\"widget\" data-widget_type=\"heading.default\">\n\t\t\t\t\t<h2 class=\"elementor-heading-title elementor-size-default\">SERVICE: Construction supervision<\/h2>\t\t\t\t<\/div>\n\t\t\t\t<div class=\"elementor-element elementor-element-25e72f77 elementor-widget elementor-widget-text-editor\" data-id=\"25e72f77\" data-element_type=\"widget\" data-widget_type=\"text-editor.default\">\n\t\t\t\t\t\t\t\t\t<p>The energy renovation project aims at the thorough modernisation and technical upgrading of the existing archive building, thereby improving working conditions, energy efficiency, and the long-term sustainability of the facility. The renovation includes thermal insulation of the fa\u00e7ade, insulation of the upper floor ceiling, renewal of the building envelope, refurbishment of the roof structure, and installation of a new heating and ventilation system based on heat pumps and modern energy-efficient technologies. The objective is to reduce energy consumption, improve the interior microclimate, and ensure safe, high-quality, and permanent storage of archival materials in a building of historical significance and protected cultural heritage status.<\/p><p>During construction supervision, it is ensured that all civil and mechanical interventions are carried out in accordance with project and technical standards, with careful monitoring of materials, insulation, heating and ventilation systems, and finishing works. The supervision also oversees the protection of cultural and architectural heritage within the conditions of adaptation and renovation, so that the building retains its historic character while simultaneously becoming energy-efficient and functionally modern.<\/p>\t\t\t\t\t\t\t\t<\/div>\n\t\t\t\t<\/div>\n\t\t\t\t<\/div>\n\t\t\t\t<div class=\"elementor-element elementor-element-a1ef008 elementor-widget elementor-widget-gallery\" data-id=\"a1ef008\" data-element_type=\"widget\" data-settings=\"{&quot;columns&quot;:2,&quot;image_hover_animation&quot;:&quot;grow&quot;,&quot;aspect_ratio&quot;:&quot;4:3&quot;,&quot;gallery_layout&quot;:&quot;grid&quot;,&quot;columns_tablet&quot;:2,&quot;columns_mobile&quot;:1,&quot;gap&quot;:{&quot;unit&quot;:&quot;px&quot;,&quot;size&quot;:10,&quot;sizes&quot;:[]},&quot;gap_widescreen&quot;:{&quot;unit&quot;:&quot;px&quot;,&quot;size&quot;:&quot;&quot;,&quot;sizes&quot;:[]},&quot;gap_tablet&quot;:{&quot;unit&quot;:&quot;px&quot;,&quot;size&quot;:10,&quot;sizes&quot;:[]},&quot;gap_mobile&quot;:{&quot;unit&quot;:&quot;px&quot;,&quot;size&quot;:10,&quot;sizes&quot;:[]},&quot;link_to&quot;:&quot;file&quot;}\" data-widget_type=\"gallery.default\">\n\t\t\t\t\t\t\t<div class=\"elementor-gallery__container\">\n\t\t\t\t\t\t\t<a class=\"e-gallery-item elementor-gallery-item elementor-animated-content\" href=\"https:\/\/s-ce.hr\/wp-content\/uploads\/2025\/11\/Arhiv-Osijek-1-scaled.jpg\" data-elementor-open-lightbox=\"yes\" data-elementor-lightbox-slideshow=\"a1ef008\" data-e-action-hash=\"#elementor-action%3Aaction%3Dlightbox%26settings%3DeyJpZCI6NTUyMywidXJsIjoiaHR0cHM6XC9cL3MtY2UuaHJcL3dwLWNvbnRlbnRcL3VwbG9hZHNcLzIwMjVcLzExXC9Bcmhpdi1Pc2lqZWstMS1zY2FsZWQuanBnIiwic2xpZGVzaG93IjoiYTFlZjAwOCJ9\">\n\t\t\t\t\t<div class=\"e-gallery-image elementor-gallery-item__image\" data-thumbnail=\"https:\/\/s-ce.hr\/wp-content\/uploads\/2025\/11\/Arhiv-Osijek-1-1024x683.jpg\" data-width=\"800\" data-height=\"534\" aria-label=\"\" role=\"img\" ><\/div>\n\t\t\t\t\t\t\t\t\t\t\t\t\t\t<\/a>\n\t\t\t\t\t\t\t<a class=\"e-gallery-item elementor-gallery-item elementor-animated-content\" href=\"https:\/\/s-ce.hr\/wp-content\/uploads\/2025\/11\/Arhiv-Osijek-3-scaled.jpg\" data-elementor-open-lightbox=\"yes\" data-elementor-lightbox-slideshow=\"a1ef008\" data-e-action-hash=\"#elementor-action%3Aaction%3Dlightbox%26settings%3DeyJpZCI6NTUyNSwidXJsIjoiaHR0cHM6XC9cL3MtY2UuaHJcL3dwLWNvbnRlbnRcL3VwbG9hZHNcLzIwMjVcLzExXC9Bcmhpdi1Pc2lqZWstMy1zY2FsZWQuanBnIiwic2xpZGVzaG93IjoiYTFlZjAwOCJ9\">\n\t\t\t\t\t<div class=\"e-gallery-image elementor-gallery-item__image\" data-thumbnail=\"https:\/\/s-ce.hr\/wp-content\/uploads\/2025\/11\/Arhiv-Osijek-3-1024x683.jpg\" data-width=\"800\" data-height=\"534\" aria-label=\"\" role=\"img\" ><\/div>\n\t\t\t\t\t\t\t\t\t\t\t\t\t\t<\/a>\n\t\t\t\t\t\t\t<a class=\"e-gallery-item elementor-gallery-item elementor-animated-content\" href=\"https:\/\/s-ce.hr\/wp-content\/uploads\/2025\/11\/Arhiv-Osijek-2-scaled.jpg\" data-elementor-open-lightbox=\"yes\" data-elementor-lightbox-slideshow=\"a1ef008\" data-e-action-hash=\"#elementor-action%3Aaction%3Dlightbox%26settings%3DeyJpZCI6NTUyNCwidXJsIjoiaHR0cHM6XC9cL3MtY2UuaHJcL3dwLWNvbnRlbnRcL3VwbG9hZHNcLzIwMjVcLzExXC9Bcmhpdi1Pc2lqZWstMi1zY2FsZWQuanBnIiwic2xpZGVzaG93IjoiYTFlZjAwOCJ9\">\n\t\t\t\t\t<div class=\"e-gallery-image elementor-gallery-item__image\" data-thumbnail=\"https:\/\/s-ce.hr\/wp-content\/uploads\/2025\/11\/Arhiv-Osijek-2-1024x683.jpg\" data-width=\"800\" data-height=\"534\" aria-label=\"\" role=\"img\" ><\/div>\n\t\t\t\t\t\t\t\t\t\t\t\t\t\t<\/a>\n\t\t\t\t\t\t\t<a class=\"e-gallery-item elementor-gallery-item elementor-animated-content\" href=\"https:\/\/s-ce.hr\/wp-content\/uploads\/2025\/11\/Arhiv-Osijek-4-scaled.jpg\" data-elementor-open-lightbox=\"yes\" data-elementor-lightbox-slideshow=\"a1ef008\" data-e-action-hash=\"#elementor-action%3Aaction%3Dlightbox%26settings%3DeyJpZCI6NTUyNiwidXJsIjoiaHR0cHM6XC9cL3MtY2UuaHJcL3dwLWNvbnRlbnRcL3VwbG9hZHNcLzIwMjVcLzExXC9Bcmhpdi1Pc2lqZWstNC1zY2FsZWQuanBnIiwic2xpZGVzaG93IjoiYTFlZjAwOCJ9\">\n\t\t\t\t\t<div class=\"e-gallery-image elementor-gallery-item__image\" data-thumbnail=\"https:\/\/s-ce.hr\/wp-content\/uploads\/2025\/11\/Arhiv-Osijek-4-1024x576.jpg\" data-width=\"800\" data-height=\"450\" aria-label=\"\" role=\"img\" ><\/div>\n\t\t\t\t\t\t\t\t\t\t\t\t\t\t<\/a>\n\t\t\t\t\t<\/div>\n\t\t\t\t\t<\/div>\n\t\t\t\t<\/div>\n\t\t\t\t<\/div>","protected":false},"excerpt":{"rendered":"<p>ENERGETSKA OBNOVA ZGRADE DR\u017dAVNOG ARHIVA OSIJEK INVESTITOR: Dr\u017eavni arhiv u Osijeku LOKACIJA: Ulica Kamila Firingera 1, Osijek USLUGA: stru\u010dni nadzor Projekt energetske obnove ima za cilj temeljitu modernizaciju i tehni\u010dko unapre\u0111enje postoje\u0107e zgrade arhiva, \u010dime \u0107e se pobolj\u0161ati uvjeti rada, energetska u\u010dinkovitost i dugoro\u010dna odr\u017eivost objekta. Obnova uklju\u010duje toplinsku izolaciju fasade, izolaciju stropa kata, obnovu [&hellip;]<\/p>\n","protected":false},"author":1,"featured_media":0,"parent":6754,"menu_order":0,"comment_status":"closed","ping_status":"closed","template":"","meta":{"footnotes":""},"class_list":["post-5521","page","type-page","status-publish","hentry"],"yoast_head":"<!-- This site is optimized with the Yoast SEO plugin v27.0 - https:\/\/yoast.com\/product\/yoast-seo-wordpress\/ -->\n<title>ARHIV OSIJEK - STRUCTURA<\/title>\n<meta name=\"robots\" content=\"index, follow, max-snippet:-1, max-image-preview:large, max-video-preview:-1\" \/>\n<link rel=\"canonical\" href=\"https:\/\/s-ce.hr\/en\/projekti\/arhiv-osijek\/\" \/>\n<meta property=\"og:locale\" content=\"en_GB\" \/>\n<meta property=\"og:type\" content=\"article\" \/>\n<meta property=\"og:title\" content=\"ARHIV OSIJEK - STRUCTURA\" \/>\n<meta property=\"og:description\" content=\"ENERGETSKA OBNOVA ZGRADE DR\u017dAVNOG ARHIVA OSIJEK INVESTITOR: Dr\u017eavni arhiv u Osijeku LOKACIJA: Ulica Kamila Firingera 1, Osijek USLUGA: stru\u010dni nadzor Projekt energetske obnove ima za cilj temeljitu modernizaciju i tehni\u010dko unapre\u0111enje postoje\u0107e zgrade arhiva, \u010dime \u0107e se pobolj\u0161ati uvjeti rada, energetska u\u010dinkovitost i dugoro\u010dna odr\u017eivost objekta. Obnova uklju\u010duje toplinsku izolaciju fasade, izolaciju stropa kata, obnovu [&hellip;]\" \/>\n<meta property=\"og:url\" content=\"https:\/\/s-ce.hr\/en\/projekti\/arhiv-osijek\/\" \/>\n<meta property=\"og:site_name\" content=\"STRUCTURA\" \/>\n<meta property=\"article:modified_time\" content=\"2026-01-04T16:57:14+00:00\" \/>\n<meta name=\"twitter:card\" content=\"summary_large_image\" \/>\n<meta name=\"twitter:label1\" content=\"Estimated reading time\" \/>\n\t<meta name=\"twitter:data1\" content=\"1 minute\" \/>\n<script type=\"application\/ld+json\" class=\"yoast-schema-graph\">{\"@context\":\"https:\/\/schema.org\",\"@graph\":[{\"@type\":\"WebPage\",\"@id\":\"https:\/\/s-ce.hr\/projekti\/arhiv-osijek\/\",\"url\":\"https:\/\/s-ce.hr\/projekti\/arhiv-osijek\/\",\"name\":\"ARHIV OSIJEK - STRUCTURA\",\"isPartOf\":{\"@id\":\"https:\/\/s-ce.hr\/#website\"},\"datePublished\":\"2025-11-26T15:40:00+00:00\",\"dateModified\":\"2026-01-04T16:57:14+00:00\",\"breadcrumb\":{\"@id\":\"https:\/\/s-ce.hr\/projekti\/arhiv-osijek\/#breadcrumb\"},\"inLanguage\":\"en-GB\",\"potentialAction\":[{\"@type\":\"ReadAction\",\"target\":[\"https:\/\/s-ce.hr\/projekti\/arhiv-osijek\/\"]}]},{\"@type\":\"BreadcrumbList\",\"@id\":\"https:\/\/s-ce.hr\/projekti\/arhiv-osijek\/#breadcrumb\",\"itemListElement\":[{\"@type\":\"ListItem\",\"position\":1,\"name\":\"Home\",\"item\":\"https:\/\/s-ce.hr\/\"},{\"@type\":\"ListItem\",\"position\":2,\"name\":\"PROJEKTI\",\"item\":\"https:\/\/s-ce.hr\/projekti\/\"},{\"@type\":\"ListItem\",\"position\":3,\"name\":\"ARHIV OSIJEK\"}]},{\"@type\":\"WebSite\",\"@id\":\"https:\/\/s-ce.hr\/#website\",\"url\":\"https:\/\/s-ce.hr\/\",\"name\":\"STRUCTURA Consulting&Engineering\",\"description\":\"Consulting &amp; Engineering\",\"publisher\":{\"@id\":\"https:\/\/s-ce.hr\/#organization\"},\"potentialAction\":[{\"@type\":\"SearchAction\",\"target\":{\"@type\":\"EntryPoint\",\"urlTemplate\":\"https:\/\/s-ce.hr\/?s={search_term_string}\"},\"query-input\":{\"@type\":\"PropertyValueSpecification\",\"valueRequired\":true,\"valueName\":\"search_term_string\"}}],\"inLanguage\":\"en-GB\"},{\"@type\":\"Organization\",\"@id\":\"https:\/\/s-ce.hr\/#organization\",\"name\":\"STRUCTURA Consulting&Engineering\",\"url\":\"https:\/\/s-ce.hr\/\",\"logo\":{\"@type\":\"ImageObject\",\"inLanguage\":\"en-GB\",\"@id\":\"https:\/\/s-ce.hr\/#\/schema\/logo\/image\/\",\"url\":\"https:\/\/s-ce.hr\/wp-content\/uploads\/2025\/09\/Structura-Logo-Box-RGB-01-e1757341507554.jpg\",\"contentUrl\":\"https:\/\/s-ce.hr\/wp-content\/uploads\/2025\/09\/Structura-Logo-Box-RGB-01-e1757341507554.jpg\",\"width\":492,\"height\":330,\"caption\":\"STRUCTURA Consulting&Engineering\"},\"image\":{\"@id\":\"https:\/\/s-ce.hr\/#\/schema\/logo\/image\/\"}}]}<\/script>\n<!-- \/ Yoast SEO plugin. -->","yoast_head_json":{"title":"ARHIV OSIJEK - STRUCTURA","robots":{"index":"index","follow":"follow","max-snippet":"max-snippet:-1","max-image-preview":"max-image-preview:large","max-video-preview":"max-video-preview:-1"},"canonical":"https:\/\/s-ce.hr\/en\/projekti\/arhiv-osijek\/","og_locale":"en_GB","og_type":"article","og_title":"ARHIV OSIJEK - STRUCTURA","og_description":"ENERGETSKA OBNOVA ZGRADE DR\u017dAVNOG ARHIVA OSIJEK INVESTITOR: Dr\u017eavni arhiv u Osijeku LOKACIJA: Ulica Kamila Firingera 1, Osijek USLUGA: stru\u010dni nadzor Projekt energetske obnove ima za cilj temeljitu modernizaciju i tehni\u010dko unapre\u0111enje postoje\u0107e zgrade arhiva, \u010dime \u0107e se pobolj\u0161ati uvjeti rada, energetska u\u010dinkovitost i dugoro\u010dna odr\u017eivost objekta. Obnova uklju\u010duje toplinsku izolaciju fasade, izolaciju stropa kata, obnovu [&hellip;]","og_url":"https:\/\/s-ce.hr\/en\/projekti\/arhiv-osijek\/","og_site_name":"STRUCTURA","article_modified_time":"2026-01-04T16:57:14+00:00","twitter_card":"summary_large_image","twitter_misc":{"Estimated reading time":"1 minute"},"schema":{"@context":"https:\/\/schema.org","@graph":[{"@type":"WebPage","@id":"https:\/\/s-ce.hr\/projekti\/arhiv-osijek\/","url":"https:\/\/s-ce.hr\/projekti\/arhiv-osijek\/","name":"ARHIV OSIJEK - STRUCTURA","isPartOf":{"@id":"https:\/\/s-ce.hr\/#website"},"datePublished":"2025-11-26T15:40:00+00:00","dateModified":"2026-01-04T16:57:14+00:00","breadcrumb":{"@id":"https:\/\/s-ce.hr\/projekti\/arhiv-osijek\/#breadcrumb"},"inLanguage":"en-GB","potentialAction":[{"@type":"ReadAction","target":["https:\/\/s-ce.hr\/projekti\/arhiv-osijek\/"]}]},{"@type":"BreadcrumbList","@id":"https:\/\/s-ce.hr\/projekti\/arhiv-osijek\/#breadcrumb","itemListElement":[{"@type":"ListItem","position":1,"name":"Home","item":"https:\/\/s-ce.hr\/"},{"@type":"ListItem","position":2,"name":"PROJEKTI","item":"https:\/\/s-ce.hr\/projekti\/"},{"@type":"ListItem","position":3,"name":"ARHIV OSIJEK"}]},{"@type":"WebSite","@id":"https:\/\/s-ce.hr\/#website","url":"https:\/\/s-ce.hr\/","name":"STRUCTURA Consulting&Engineering","description":"Consulting &amp; Engineering","publisher":{"@id":"https:\/\/s-ce.hr\/#organization"},"potentialAction":[{"@type":"SearchAction","target":{"@type":"EntryPoint","urlTemplate":"https:\/\/s-ce.hr\/?s={search_term_string}"},"query-input":{"@type":"PropertyValueSpecification","valueRequired":true,"valueName":"search_term_string"}}],"inLanguage":"en-GB"},{"@type":"Organization","@id":"https:\/\/s-ce.hr\/#organization","name":"STRUCTURA Consulting&Engineering","url":"https:\/\/s-ce.hr\/","logo":{"@type":"ImageObject","inLanguage":"en-GB","@id":"https:\/\/s-ce.hr\/#\/schema\/logo\/image\/","url":"https:\/\/s-ce.hr\/wp-content\/uploads\/2025\/09\/Structura-Logo-Box-RGB-01-e1757341507554.jpg","contentUrl":"https:\/\/s-ce.hr\/wp-content\/uploads\/2025\/09\/Structura-Logo-Box-RGB-01-e1757341507554.jpg","width":492,"height":330,"caption":"STRUCTURA Consulting&Engineering"},"image":{"@id":"https:\/\/s-ce.hr\/#\/schema\/logo\/image\/"}}]}},"_links":{"self":[{"href":"https:\/\/s-ce.hr\/en\/wp-json\/wp\/v2\/pages\/5521","targetHints":{"allow":["GET"]}}],"collection":[{"href":"https:\/\/s-ce.hr\/en\/wp-json\/wp\/v2\/pages"}],"about":[{"href":"https:\/\/s-ce.hr\/en\/wp-json\/wp\/v2\/types\/page"}],"author":[{"embeddable":true,"href":"https:\/\/s-ce.hr\/en\/wp-json\/wp\/v2\/users\/1"}],"replies":[{"embeddable":true,"href":"https:\/\/s-ce.hr\/en\/wp-json\/wp\/v2\/comments?post=5521"}],"version-history":[{"count":83,"href":"https:\/\/s-ce.hr\/en\/wp-json\/wp\/v2\/pages\/5521\/revisions"}],"predecessor-version":[{"id":9708,"href":"https:\/\/s-ce.hr\/en\/wp-json\/wp\/v2\/pages\/5521\/revisions\/9708"}],"up":[{"embeddable":true,"href":"https:\/\/s-ce.hr\/en\/wp-json\/wp\/v2\/pages\/6754"}],"wp:attachment":[{"href":"https:\/\/s-ce.hr\/en\/wp-json\/wp\/v2\/media?parent=5521"}],"curies":[{"name":"wp","href":"https:\/\/api.w.org\/{rel}","templated":true}]}}