{"id":5160,"date":"2025-11-14T15:23:41","date_gmt":"2025-11-14T15:23:41","guid":{"rendered":"https:\/\/s-ce.hr\/?page_id=5160"},"modified":"2025-12-09T16:52:29","modified_gmt":"2025-12-09T16:52:29","slug":"uprava","status":"publish","type":"page","link":"https:\/\/s-ce.hr\/en\/uprava\/","title":{"rendered":"UPRAVA"},"content":{"rendered":"\t\t<div data-elementor-type=\"wp-page\" data-elementor-id=\"5160\" class=\"elementor elementor-5160\" data-elementor-post-type=\"page\">\n\t\t\t\t<div class=\"elementor-element elementor-element-2ddc5260 e-con-full e-flex e-con e-parent\" data-id=\"2ddc5260\" data-element_type=\"container\">\n\t\t<div class=\"elementor-element elementor-element-78d8a267 e-con-full card e-flex e-con e-child\" data-id=\"78d8a267\" data-element_type=\"container\">\n\t\t<div class=\"elementor-element elementor-element-187b189e e-con-full e-flex e-con e-child\" data-id=\"187b189e\" data-element_type=\"container\">\n\t\t\t\t<\/div>\n\t\t<div class=\"elementor-element elementor-element-17f8ea9 e-con-full e-flex e-con e-child\" data-id=\"17f8ea9\" data-element_type=\"container\">\n\t\t\t\t<div class=\"elementor-element elementor-element-3f7fe051 elementor-widget__width-auto elementor-widget-tablet__width-inherit elementor-widget-mobile__width-inherit elementor-widget elementor-widget-heading\" data-id=\"3f7fe051\" data-element_type=\"widget\" data-widget_type=\"heading.default\">\n\t\t\t\t\t<h2 class=\"elementor-heading-title elementor-size-default\">Direktor<\/h2>\t\t\t\t<\/div>\n\t\t\t\t<div class=\"elementor-element elementor-element-1dadc9b elementor-widget__width-auto elementor-widget-tablet__width-auto elementor-widget-mobile__width-inherit elementor-widget elementor-widget-heading\" data-id=\"1dadc9b\" data-element_type=\"widget\" data-widget_type=\"heading.default\">\n\t\t\t\t\t<h2 class=\"elementor-heading-title elementor-size-default\">Miroslav Pauzar<\/h2>\t\t\t\t<\/div>\n\t\t\t\t<div class=\"elementor-element elementor-element-82bb3c2 elementor-widget-mobile__width-inherit elementor-widget elementor-widget-heading\" data-id=\"82bb3c2\" data-element_type=\"widget\" data-widget_type=\"heading.default\">\n\t\t\t\t\t<h2 class=\"elementor-heading-title elementor-size-default\">mag.ing.aedif.<\/h2>\t\t\t\t<\/div>\n\t\t\t\t<div class=\"elementor-element elementor-element-1efd86b elementor-widget__width-inherit elementor-widget elementor-widget-heading\" data-id=\"1efd86b\" data-element_type=\"widget\" data-widget_type=\"heading.default\">\n\t\t\t\t\t<h2 class=\"elementor-heading-title elementor-size-default\"> certificirani project manager<\/h2>\t\t\t\t<\/div>\n\t\t\t\t<div class=\"elementor-element elementor-element-4c2c9da1 elementor-widget__width-initial elementor-widget elementor-widget-text-editor\" data-id=\"4c2c9da1\" data-element_type=\"widget\" data-settings=\"{&quot;motion_fx_motion_fx_scrolling&quot;:&quot;yes&quot;,&quot;motion_fx_devices&quot;:[&quot;desktop&quot;,&quot;mobile&quot;]}\" data-widget_type=\"text-editor.default\">\n\t\t\t\t\t\t\t\t\t<p style=\"font-weight: 400;\">Dugogodi\u0161nje iskustvo u stru\u010dnom nadzoru, vo\u0111enju projekata i konzaltingu na kapitalnim \u00a0investicijskim projektima prometno cestovne infrastrukture i mostova, vodno-komunalne infrastrukture, energetskih postrojenja i infrastrukture, obnovljivih izvora energije, javnih i poslovnih zgrada, industrije i poljoprivrede, te stambenih zgrada.<\/p><p style=\"font-weight: 400;\">Zna\u010dajno \u00a0iskustvo u radu na realizaciji FIDIC Ugovora na razli\u010ditim projektima i sektorima investicijskih projekata.<\/p><p style=\"font-weight: 400;\">Bogato \u00a0iskustvo u vo\u0111enju i upravljanu poslovnim procesima i \u00a0sustavima u Hrvatskoj i inozemstvu.<\/p>\t\t\t\t\t\t\t\t<\/div>\n\t\t\t\t<\/div>\n\t\t\t\t<\/div>\n\t\t\t\t<\/div>\n\t\t\t\t<\/div>\n\t\t","protected":false},"excerpt":{"rendered":"<p>Direktor Miroslav Pauzar mag.ing.aedif. certificirani project manager Dugogodi\u0161nje iskustvo u stru\u010dnom nadzoru, vo\u0111enju projekata i konzaltingu na kapitalnim \u00a0investicijskim projektima prometno cestovne infrastrukture i mostova, vodno-komunalne infrastrukture, energetskih postrojenja i infrastrukture, obnovljivih izvora energije, javnih i poslovnih zgrada, industrije i poljoprivrede, te stambenih zgrada. Zna\u010dajno \u00a0iskustvo u radu na realizaciji FIDIC Ugovora na razli\u010ditim projektima [&hellip;]<\/p>\n","protected":false},"author":1,"featured_media":0,"parent":0,"menu_order":0,"comment_status":"closed","ping_status":"closed","template":"","meta":{"footnotes":""},"class_list":["post-5160","page","type-page","status-publish","hentry"],"yoast_head":"<!-- This site is optimized with the Yoast SEO plugin v27.0 - https:\/\/yoast.com\/product\/yoast-seo-wordpress\/ -->\n<title>UPRAVA - STRUCTURA<\/title>\n<meta name=\"robots\" content=\"index, follow, max-snippet:-1, max-image-preview:large, max-video-preview:-1\" \/>\n<link rel=\"canonical\" href=\"https:\/\/s-ce.hr\/en\/uprava\/\" \/>\n<meta property=\"og:locale\" content=\"en_GB\" \/>\n<meta property=\"og:type\" content=\"article\" \/>\n<meta property=\"og:title\" content=\"UPRAVA - STRUCTURA\" \/>\n<meta property=\"og:description\" content=\"Direktor Miroslav Pauzar mag.ing.aedif. certificirani project manager Dugogodi\u0161nje iskustvo u stru\u010dnom nadzoru, vo\u0111enju projekata i konzaltingu na kapitalnim \u00a0investicijskim projektima prometno cestovne infrastrukture i mostova, vodno-komunalne infrastrukture, energetskih postrojenja i infrastrukture, obnovljivih izvora energije, javnih i poslovnih zgrada, industrije i poljoprivrede, te stambenih zgrada. Zna\u010dajno \u00a0iskustvo u radu na realizaciji FIDIC Ugovora na razli\u010ditim projektima [&hellip;]\" \/>\n<meta property=\"og:url\" content=\"https:\/\/s-ce.hr\/en\/uprava\/\" \/>\n<meta property=\"og:site_name\" content=\"STRUCTURA\" \/>\n<meta property=\"article:modified_time\" content=\"2025-12-09T16:52:29+00:00\" \/>\n<meta name=\"twitter:card\" content=\"summary_large_image\" \/>\n<script type=\"application\/ld+json\" class=\"yoast-schema-graph\">{\"@context\":\"https:\/\/schema.org\",\"@graph\":[{\"@type\":\"WebPage\",\"@id\":\"https:\/\/s-ce.hr\/uprava\/\",\"url\":\"https:\/\/s-ce.hr\/uprava\/\",\"name\":\"UPRAVA - STRUCTURA\",\"isPartOf\":{\"@id\":\"https:\/\/s-ce.hr\/#website\"},\"datePublished\":\"2025-11-14T15:23:41+00:00\",\"dateModified\":\"2025-12-09T16:52:29+00:00\",\"breadcrumb\":{\"@id\":\"https:\/\/s-ce.hr\/uprava\/#breadcrumb\"},\"inLanguage\":\"en-GB\",\"potentialAction\":[{\"@type\":\"ReadAction\",\"target\":[\"https:\/\/s-ce.hr\/uprava\/\"]}]},{\"@type\":\"BreadcrumbList\",\"@id\":\"https:\/\/s-ce.hr\/uprava\/#breadcrumb\",\"itemListElement\":[{\"@type\":\"ListItem\",\"position\":1,\"name\":\"Home\",\"item\":\"https:\/\/s-ce.hr\/\"},{\"@type\":\"ListItem\",\"position\":2,\"name\":\"UPRAVA\"}]},{\"@type\":\"WebSite\",\"@id\":\"https:\/\/s-ce.hr\/#website\",\"url\":\"https:\/\/s-ce.hr\/\",\"name\":\"STRUCTURA Consulting&Engineering\",\"description\":\"Consulting &amp; Engineering\",\"publisher\":{\"@id\":\"https:\/\/s-ce.hr\/#organization\"},\"potentialAction\":[{\"@type\":\"SearchAction\",\"target\":{\"@type\":\"EntryPoint\",\"urlTemplate\":\"https:\/\/s-ce.hr\/?s={search_term_string}\"},\"query-input\":{\"@type\":\"PropertyValueSpecification\",\"valueRequired\":true,\"valueName\":\"search_term_string\"}}],\"inLanguage\":\"en-GB\"},{\"@type\":\"Organization\",\"@id\":\"https:\/\/s-ce.hr\/#organization\",\"name\":\"STRUCTURA Consulting&Engineering\",\"url\":\"https:\/\/s-ce.hr\/\",\"logo\":{\"@type\":\"ImageObject\",\"inLanguage\":\"en-GB\",\"@id\":\"https:\/\/s-ce.hr\/#\/schema\/logo\/image\/\",\"url\":\"https:\/\/s-ce.hr\/wp-content\/uploads\/2025\/09\/Structura-Logo-Box-RGB-01-e1757341507554.jpg\",\"contentUrl\":\"https:\/\/s-ce.hr\/wp-content\/uploads\/2025\/09\/Structura-Logo-Box-RGB-01-e1757341507554.jpg\",\"width\":492,\"height\":330,\"caption\":\"STRUCTURA Consulting&Engineering\"},\"image\":{\"@id\":\"https:\/\/s-ce.hr\/#\/schema\/logo\/image\/\"}}]}<\/script>\n<!-- \/ Yoast SEO plugin. -->","yoast_head_json":{"title":"UPRAVA - STRUCTURA","robots":{"index":"index","follow":"follow","max-snippet":"max-snippet:-1","max-image-preview":"max-image-preview:large","max-video-preview":"max-video-preview:-1"},"canonical":"https:\/\/s-ce.hr\/en\/uprava\/","og_locale":"en_GB","og_type":"article","og_title":"UPRAVA - STRUCTURA","og_description":"Direktor Miroslav Pauzar mag.ing.aedif. certificirani project manager Dugogodi\u0161nje iskustvo u stru\u010dnom nadzoru, vo\u0111enju projekata i konzaltingu na kapitalnim \u00a0investicijskim projektima prometno cestovne infrastrukture i mostova, vodno-komunalne infrastrukture, energetskih postrojenja i infrastrukture, obnovljivih izvora energije, javnih i poslovnih zgrada, industrije i poljoprivrede, te stambenih zgrada. Zna\u010dajno \u00a0iskustvo u radu na realizaciji FIDIC Ugovora na razli\u010ditim projektima [&hellip;]","og_url":"https:\/\/s-ce.hr\/en\/uprava\/","og_site_name":"STRUCTURA","article_modified_time":"2025-12-09T16:52:29+00:00","twitter_card":"summary_large_image","schema":{"@context":"https:\/\/schema.org","@graph":[{"@type":"WebPage","@id":"https:\/\/s-ce.hr\/uprava\/","url":"https:\/\/s-ce.hr\/uprava\/","name":"UPRAVA - STRUCTURA","isPartOf":{"@id":"https:\/\/s-ce.hr\/#website"},"datePublished":"2025-11-14T15:23:41+00:00","dateModified":"2025-12-09T16:52:29+00:00","breadcrumb":{"@id":"https:\/\/s-ce.hr\/uprava\/#breadcrumb"},"inLanguage":"en-GB","potentialAction":[{"@type":"ReadAction","target":["https:\/\/s-ce.hr\/uprava\/"]}]},{"@type":"BreadcrumbList","@id":"https:\/\/s-ce.hr\/uprava\/#breadcrumb","itemListElement":[{"@type":"ListItem","position":1,"name":"Home","item":"https:\/\/s-ce.hr\/"},{"@type":"ListItem","position":2,"name":"UPRAVA"}]},{"@type":"WebSite","@id":"https:\/\/s-ce.hr\/#website","url":"https:\/\/s-ce.hr\/","name":"STRUCTURA Consulting&Engineering","description":"Consulting &amp; Engineering","publisher":{"@id":"https:\/\/s-ce.hr\/#organization"},"potentialAction":[{"@type":"SearchAction","target":{"@type":"EntryPoint","urlTemplate":"https:\/\/s-ce.hr\/?s={search_term_string}"},"query-input":{"@type":"PropertyValueSpecification","valueRequired":true,"valueName":"search_term_string"}}],"inLanguage":"en-GB"},{"@type":"Organization","@id":"https:\/\/s-ce.hr\/#organization","name":"STRUCTURA Consulting&Engineering","url":"https:\/\/s-ce.hr\/","logo":{"@type":"ImageObject","inLanguage":"en-GB","@id":"https:\/\/s-ce.hr\/#\/schema\/logo\/image\/","url":"https:\/\/s-ce.hr\/wp-content\/uploads\/2025\/09\/Structura-Logo-Box-RGB-01-e1757341507554.jpg","contentUrl":"https:\/\/s-ce.hr\/wp-content\/uploads\/2025\/09\/Structura-Logo-Box-RGB-01-e1757341507554.jpg","width":492,"height":330,"caption":"STRUCTURA Consulting&Engineering"},"image":{"@id":"https:\/\/s-ce.hr\/#\/schema\/logo\/image\/"}}]}},"_links":{"self":[{"href":"https:\/\/s-ce.hr\/en\/wp-json\/wp\/v2\/pages\/5160","targetHints":{"allow":["GET"]}}],"collection":[{"href":"https:\/\/s-ce.hr\/en\/wp-json\/wp\/v2\/pages"}],"about":[{"href":"https:\/\/s-ce.hr\/en\/wp-json\/wp\/v2\/types\/page"}],"author":[{"embeddable":true,"href":"https:\/\/s-ce.hr\/en\/wp-json\/wp\/v2\/users\/1"}],"replies":[{"embeddable":true,"href":"https:\/\/s-ce.hr\/en\/wp-json\/wp\/v2\/comments?post=5160"}],"version-history":[{"count":439,"href":"https:\/\/s-ce.hr\/en\/wp-json\/wp\/v2\/pages\/5160\/revisions"}],"predecessor-version":[{"id":8251,"href":"https:\/\/s-ce.hr\/en\/wp-json\/wp\/v2\/pages\/5160\/revisions\/8251"}],"wp:attachment":[{"href":"https:\/\/s-ce.hr\/en\/wp-json\/wp\/v2\/media?parent=5160"}],"curies":[{"name":"wp","href":"https:\/\/api.w.org\/{rel}","templated":true}]}}