{"id":448,"date":"2025-09-17T08:09:44","date_gmt":"2025-09-17T08:09:44","guid":{"rendered":"https:\/\/s-ce.hr\/?page_id=448"},"modified":"2025-12-29T16:57:23","modified_gmt":"2025-12-29T16:57:23","slug":"usluge","status":"publish","type":"page","link":"https:\/\/s-ce.hr\/en\/usluge\/","title":{"rendered":"USLUGE"},"content":{"rendered":"\t\t<div data-elementor-type=\"wp-page\" data-elementor-id=\"448\" class=\"elementor elementor-448\" data-elementor-post-type=\"page\">\n\t\t\t\t<div class=\"elementor-element elementor-element-8b9fb2f e-flex e-con-boxed e-con e-parent\" data-id=\"8b9fb2f\" data-element_type=\"container\">\n\t\t\t\t\t<div class=\"e-con-inner\">\n\t\t<div class=\"elementor-element elementor-element-7c44508 e-con-full card e-flex e-con e-child\" data-id=\"7c44508\" data-element_type=\"container\">\n\t\t<div class=\"elementor-element elementor-element-8f912b3 e-con-full e-flex e-con e-child\" data-id=\"8f912b3\" data-element_type=\"container\">\n\t\t\t\t<\/div>\n\t\t\t\t<div class=\"elementor-element elementor-element-9fc428d elementor-widget__width-initial elementor-widget elementor-widget-heading\" data-id=\"9fc428d\" data-element_type=\"widget\" data-widget_type=\"heading.default\">\n\t\t\t\t\t<h2 class=\"elementor-heading-title elementor-size-default\">Stru\u010dni nadzor<\/h2>\t\t\t\t<\/div>\n\t\t\t\t<div class=\"elementor-element elementor-element-2ac172c elementor-widget__width-initial elementor-widget elementor-widget-text-editor\" data-id=\"2ac172c\" data-element_type=\"widget\" data-widget_type=\"text-editor.default\">\n\t\t\t\t\t\t\t\t\t<p data-start=\"80\" data-end=\"381\">Stru\u010dni nadzor osigurava da se svi gra\u0111evinski radovi izvode kvalitetno, sigurno i u skladu s projektom i propisima. Na\u0161 tim nadzire sve faze gradnje, kontrolira materijale i rokove te pravodobno reagira na nepravilnosti. Cilj nam je osigurati pouzdanu izvedbu i dugotrajnost va\u0161eg objekta.<\/p>\t\t\t\t\t\t\t\t<\/div>\n\t\t\t\t<\/div>\n\t\t<div class=\"elementor-element elementor-element-17b62ff e-con-full card e-flex e-con e-child\" data-id=\"17b62ff\" data-element_type=\"container\">\n\t\t<div class=\"elementor-element elementor-element-3ac3724 e-con-full e-flex e-con e-child\" data-id=\"3ac3724\" data-element_type=\"container\">\n\t\t\t\t<\/div>\n\t\t\t\t<div class=\"elementor-element elementor-element-bd5ca07 elementor-widget__width-initial elementor-widget elementor-widget-heading\" data-id=\"bd5ca07\" data-element_type=\"widget\" data-widget_type=\"heading.default\">\n\t\t\t\t\t<h2 class=\"elementor-heading-title elementor-size-default\">Izrada projektno-studijske dokumentacije<\/h2>\t\t\t\t<\/div>\n\t\t\t\t<div class=\"elementor-element elementor-element-43fbc1e elementor-widget__width-initial elementor-widget elementor-widget-text-editor\" data-id=\"43fbc1e\" data-element_type=\"widget\" data-widget_type=\"text-editor.default\">\n\t\t\t\t\t\t\t\t\t<p data-start=\"80\" data-end=\"381\">Pru\u017eamo uslugu izrade projektno-studijske dokumentacije za sve vrste gra\u0111evinskih zahvata. Brinemo o svakom detalju \u2013 od koncepta do tehni\u010dkih prora\u010duna. Na\u0161a dokumentacija jam\u010di kvalitetan i siguran po\u010detak va\u0161eg projekta.<\/p>\t\t\t\t\t\t\t\t<\/div>\n\t\t\t\t<\/div>\n\t\t<div class=\"elementor-element elementor-element-3468f34 e-con-full card e-flex e-con e-child\" data-id=\"3468f34\" data-element_type=\"container\">\n\t\t<div class=\"elementor-element elementor-element-31d07dc e-con-full e-flex e-con e-child\" data-id=\"31d07dc\" data-element_type=\"container\">\n\t\t\t\t<\/div>\n\t\t\t\t<div class=\"elementor-element elementor-element-a572294 elementor-widget__width-initial elementor-widget elementor-widget-heading\" data-id=\"a572294\" data-element_type=\"widget\" data-widget_type=\"heading.default\">\n\t\t\t\t\t<h2 class=\"elementor-heading-title elementor-size-default\">Stru\u010dne edukacije<\/h2>\t\t\t\t<\/div>\n\t\t\t\t<div class=\"elementor-element elementor-element-2c2b657 elementor-widget__width-initial elementor-widget elementor-widget-text-editor\" data-id=\"2c2b657\" data-element_type=\"widget\" data-widget_type=\"text-editor.default\">\n\t\t\t\t\t\t\t\t\t<p data-start=\"80\" data-end=\"381\">Provodimo stru\u010dne edukacije usmjerene na razvoj znanja, vje\u0161tina i kompetencija u podru\u010dju graditeljstva, upravljanja projektima i tehni\u010dkog savjetovanja. Edukacije su prilago\u0111ene potrebama sudionika i aktualnim zahtjevima tr\u017ei\u0161ta, a vode ih iskusni stru\u010dnjaci iz prakse.<\/p>\t\t\t\t\t\t\t\t<\/div>\n\t\t\t\t<\/div>\n\t\t<div class=\"elementor-element elementor-element-b0b56e1 e-con-full card e-flex e-con e-child\" data-id=\"b0b56e1\" data-element_type=\"container\">\n\t\t<div class=\"elementor-element elementor-element-669303b e-con-full e-flex e-con e-child\" data-id=\"669303b\" data-element_type=\"container\">\n\t\t\t\t<\/div>\n\t\t\t\t<div class=\"elementor-element elementor-element-99bd209 elementor-widget__width-initial elementor-widget elementor-widget-heading\" data-id=\"99bd209\" data-element_type=\"widget\" data-widget_type=\"heading.default\">\n\t\t\t\t\t<h2 class=\"elementor-heading-title elementor-size-default\">Tehni\u010dko savjetovanje<\/h2>\t\t\t\t<\/div>\n\t\t\t\t<div class=\"elementor-element elementor-element-75aa991 elementor-widget__width-initial elementor-widget elementor-widget-text-editor\" data-id=\"75aa991\" data-element_type=\"widget\" data-widget_type=\"text-editor.default\">\n\t\t\t\t\t\t\t\t\t<p data-start=\"82\" data-end=\"324\">Pru\u017eamo cjelovitu podr\u0161ku u planiranju, razvoju i unaprje\u0111enju poslovnih i tehni\u010dkih procesa. Na\u0161 tim izra\u0111uje stru\u010dne analize i strategije te poma\u017ee u dono\u0161enju odluka i upravljanju slo\u017eenim projektima.<\/p><ul data-start=\"343\" data-end=\"692\" data-is-last-node=\"\" data-is-only-node=\"\"><li data-start=\"343\" data-end=\"365\"><p data-start=\"345\" data-end=\"365\">Stru\u010dne ekspertize<\/p><\/li><li data-start=\"366\" data-end=\"388\"><p data-start=\"368\" data-end=\"388\">Strategije razvoja<\/p><\/li><li data-start=\"389\" data-end=\"414\"><p data-start=\"391\" data-end=\"414\">Strategije poslovanja<\/p><\/li><li data-start=\"415\" data-end=\"436\"><p data-start=\"417\" data-end=\"436\">Krizni menad\u017ement<\/p><\/li><li data-start=\"663\" data-end=\"692\" data-is-last-node=\"\"><p data-start=\"665\" data-end=\"692\" data-is-last-node=\"\">Ostale konzultantske usluge<\/p><\/li><\/ul>\t\t\t\t\t\t\t\t<\/div>\n\t\t\t\t<\/div>\n\t\t<div class=\"elementor-element elementor-element-2eda80a e-con-full card e-flex e-con e-child\" data-id=\"2eda80a\" data-element_type=\"container\">\n\t\t<div class=\"elementor-element elementor-element-82d5b71 e-con-full e-flex e-con e-child\" data-id=\"82d5b71\" data-element_type=\"container\">\n\t\t\t\t<\/div>\n\t\t\t\t<div class=\"elementor-element elementor-element-2d92690 elementor-widget__width-initial elementor-widget elementor-widget-heading\" data-id=\"2d92690\" data-element_type=\"widget\" data-widget_type=\"heading.default\">\n\t\t\t\t\t<h2 class=\"elementor-heading-title elementor-size-default\">Upravljanje projektima<\/h2>\t\t\t\t<\/div>\n\t\t\t\t<div class=\"elementor-element elementor-element-66942b9 elementor-widget__width-initial elementor-widget elementor-widget-text-editor\" data-id=\"66942b9\" data-element_type=\"widget\" data-widget_type=\"text-editor.default\">\n\t\t\t\t\t\t\t\t\t<article class=\"text-token-text-primary w-full focus:outline-none [--shadow-height:45px] has-data-writing-block:pointer-events-none has-data-writing-block:-mt-(--shadow-height) has-data-writing-block:pt-(--shadow-height) [&amp;:has([data-writing-block])&gt;*]:pointer-events-auto [content-visibility:auto] supports-[content-visibility:auto]:[contain-intrinsic-size:auto_100lvh] scroll-mt-[calc(var(--header-height)+min(200px,max(70px,20svh)))]\" dir=\"auto\" tabindex=\"-1\" data-turn-id=\"request-WEB:5a916638-0501-4527-b716-36f0ba0e5c18-11\" data-testid=\"conversation-turn-24\" data-scroll-anchor=\"true\" data-turn=\"assistant\"><div class=\"text-base my-auto mx-auto pb-10 [--thread-content-margin:--spacing(4)] thread-sm:[--thread-content-margin:--spacing(6)] thread-lg:[--thread-content-margin:--spacing(16)] px-(--thread-content-margin)\"><div class=\"[--thread-content-max-width:40rem] thread-lg:[--thread-content-max-width:48rem] mx-auto max-w-(--thread-content-max-width) flex-1 group\/turn-messages focus-visible:outline-hidden relative flex w-full min-w-0 flex-col agent-turn\" tabindex=\"-1\"><div class=\"flex max-w-full flex-col grow\"><div class=\"min-h-8 text-message relative flex w-full flex-col items-end gap-2 text-start break-words whitespace-normal [.text-message+&amp;]:mt-1\" dir=\"auto\" data-message-author-role=\"assistant\" data-message-id=\"071377be-2b73-4b8b-b983-51a3b858f787\" data-message-model-slug=\"gpt-5\"><div class=\"flex w-full flex-col gap-1 empty:hidden first:pt-[1px]\"><div class=\"markdown prose dark:prose-invert w-full break-words dark markdown-new-styling\"><p data-start=\"74\" data-end=\"313\">Pru\u017eamo potpunu uslugu upravljanja projektima od ideje do realizacije, uz stalnu kontrolu kvalitete, tro\u0161kova i rokova.<\/p><ul data-start=\"332\" data-end=\"817\" data-is-last-node=\"\" data-is-only-node=\"\"><li data-start=\"332\" data-end=\"366\"><p data-start=\"334\" data-end=\"366\">Upravljanje projektima gradnje<\/p><\/li><li data-start=\"367\" data-end=\"409\"><p data-start=\"369\" data-end=\"409\">Administrativno upravljanje projektima<\/p><\/li><li data-start=\"410\" data-end=\"454\"><p data-start=\"412\" data-end=\"454\">Upravljanje EU sufinanciranim projektima<\/p><\/li><\/ul><\/div><\/div><\/div><\/div><\/div><\/div><\/article>\t\t\t\t\t\t\t\t<\/div>\n\t\t\t\t<\/div>\n\t\t<div class=\"elementor-element elementor-element-92bf439 e-con-full card e-flex e-con e-child\" data-id=\"92bf439\" data-element_type=\"container\">\n\t\t<div class=\"elementor-element elementor-element-85d43e6 e-con-full e-flex e-con e-child\" data-id=\"85d43e6\" data-element_type=\"container\">\n\t\t\t\t<\/div>\n\t\t\t\t<div class=\"elementor-element elementor-element-6be138f elementor-widget__width-initial elementor-widget elementor-widget-heading\" data-id=\"6be138f\" data-element_type=\"widget\" data-widget_type=\"heading.default\">\n\t\t\t\t\t<h2 class=\"elementor-heading-title elementor-size-default\">Poslovno savjetovanje<\/h2>\t\t\t\t<\/div>\n\t\t\t\t<div class=\"elementor-element elementor-element-3962efa elementor-widget__width-initial elementor-widget elementor-widget-text-editor\" data-id=\"3962efa\" data-element_type=\"widget\" data-widget_type=\"text-editor.default\">\n\t\t\t\t\t\t\t\t\t<p data-start=\"82\" data-end=\"324\">Poslovno savjetovanje u graditeljstvu obuhva\u0107a stru\u010dno planiranje, analizu i vo\u0111enje projektnih i investicijskih procesa u skladu s tehni\u010dkim propisima, tr\u017ei\u0161nim uvjetima i dobrom praksom gra\u0111enja \u2013 od pripreme i procjene ulaganja, preko upravljanja rizicima i dokumentacijom, do optimizacije tro\u0161kova, rokova i kvalitete izvedbe.<\/p>\t\t\t\t\t\t\t\t<\/div>\n\t\t\t\t<\/div>\n\t\t\t\t\t<\/div>\n\t\t\t\t<\/div>\n\t\t\t\t<\/div>\n\t\t","protected":false},"excerpt":{"rendered":"<p>Stru\u010dni nadzor Stru\u010dni nadzor osigurava da se svi gra\u0111evinski radovi izvode kvalitetno, sigurno i u skladu s projektom i propisima. Na\u0161 tim nadzire sve faze gradnje, kontrolira materijale i rokove te pravodobno reagira na nepravilnosti. Cilj nam je osigurati pouzdanu izvedbu i dugotrajnost va\u0161eg objekta. Izrada projektno-studijske dokumentacije Pru\u017eamo uslugu izrade projektno-studijske dokumentacije za sve [&hellip;]<\/p>\n","protected":false},"author":1,"featured_media":0,"parent":0,"menu_order":0,"comment_status":"closed","ping_status":"closed","template":"","meta":{"footnotes":""},"class_list":["post-448","page","type-page","status-publish","hentry"],"yoast_head":"<!-- This site is optimized with the Yoast SEO plugin v27.0 - https:\/\/yoast.com\/product\/yoast-seo-wordpress\/ -->\n<title>USLUGE - STRUCTURA<\/title>\n<meta name=\"robots\" content=\"index, follow, max-snippet:-1, max-image-preview:large, max-video-preview:-1\" \/>\n<link rel=\"canonical\" href=\"https:\/\/s-ce.hr\/en\/usluge\/\" \/>\n<meta property=\"og:locale\" content=\"en_GB\" \/>\n<meta property=\"og:type\" content=\"article\" \/>\n<meta property=\"og:title\" content=\"USLUGE - STRUCTURA\" \/>\n<meta property=\"og:description\" content=\"Stru\u010dni nadzor Stru\u010dni nadzor osigurava da se svi gra\u0111evinski radovi izvode kvalitetno, sigurno i u skladu s projektom i propisima. Na\u0161 tim nadzire sve faze gradnje, kontrolira materijale i rokove te pravodobno reagira na nepravilnosti. Cilj nam je osigurati pouzdanu izvedbu i dugotrajnost va\u0161eg objekta. Izrada projektno-studijske dokumentacije Pru\u017eamo uslugu izrade projektno-studijske dokumentacije za sve [&hellip;]\" \/>\n<meta property=\"og:url\" content=\"https:\/\/s-ce.hr\/en\/usluge\/\" \/>\n<meta property=\"og:site_name\" content=\"STRUCTURA\" \/>\n<meta property=\"article:modified_time\" content=\"2025-12-29T16:57:23+00:00\" \/>\n<meta name=\"twitter:card\" content=\"summary_large_image\" \/>\n<meta name=\"twitter:label1\" content=\"Estimated reading time\" \/>\n\t<meta name=\"twitter:data1\" content=\"1 minute\" \/>\n<script type=\"application\/ld+json\" class=\"yoast-schema-graph\">{\"@context\":\"https:\/\/schema.org\",\"@graph\":[{\"@type\":\"WebPage\",\"@id\":\"https:\/\/s-ce.hr\/usluge\/\",\"url\":\"https:\/\/s-ce.hr\/usluge\/\",\"name\":\"USLUGE - STRUCTURA\",\"isPartOf\":{\"@id\":\"https:\/\/s-ce.hr\/#website\"},\"datePublished\":\"2025-09-17T08:09:44+00:00\",\"dateModified\":\"2025-12-29T16:57:23+00:00\",\"breadcrumb\":{\"@id\":\"https:\/\/s-ce.hr\/usluge\/#breadcrumb\"},\"inLanguage\":\"en-GB\",\"potentialAction\":[{\"@type\":\"ReadAction\",\"target\":[\"https:\/\/s-ce.hr\/usluge\/\"]}]},{\"@type\":\"BreadcrumbList\",\"@id\":\"https:\/\/s-ce.hr\/usluge\/#breadcrumb\",\"itemListElement\":[{\"@type\":\"ListItem\",\"position\":1,\"name\":\"Home\",\"item\":\"https:\/\/s-ce.hr\/\"},{\"@type\":\"ListItem\",\"position\":2,\"name\":\"USLUGE\"}]},{\"@type\":\"WebSite\",\"@id\":\"https:\/\/s-ce.hr\/#website\",\"url\":\"https:\/\/s-ce.hr\/\",\"name\":\"STRUCTURA Consulting&Engineering\",\"description\":\"Consulting &amp; Engineering\",\"publisher\":{\"@id\":\"https:\/\/s-ce.hr\/#organization\"},\"potentialAction\":[{\"@type\":\"SearchAction\",\"target\":{\"@type\":\"EntryPoint\",\"urlTemplate\":\"https:\/\/s-ce.hr\/?s={search_term_string}\"},\"query-input\":{\"@type\":\"PropertyValueSpecification\",\"valueRequired\":true,\"valueName\":\"search_term_string\"}}],\"inLanguage\":\"en-GB\"},{\"@type\":\"Organization\",\"@id\":\"https:\/\/s-ce.hr\/#organization\",\"name\":\"STRUCTURA Consulting&Engineering\",\"url\":\"https:\/\/s-ce.hr\/\",\"logo\":{\"@type\":\"ImageObject\",\"inLanguage\":\"en-GB\",\"@id\":\"https:\/\/s-ce.hr\/#\/schema\/logo\/image\/\",\"url\":\"https:\/\/s-ce.hr\/wp-content\/uploads\/2025\/09\/Structura-Logo-Box-RGB-01-e1757341507554.jpg\",\"contentUrl\":\"https:\/\/s-ce.hr\/wp-content\/uploads\/2025\/09\/Structura-Logo-Box-RGB-01-e1757341507554.jpg\",\"width\":492,\"height\":330,\"caption\":\"STRUCTURA Consulting&Engineering\"},\"image\":{\"@id\":\"https:\/\/s-ce.hr\/#\/schema\/logo\/image\/\"}}]}<\/script>\n<!-- \/ Yoast SEO plugin. -->","yoast_head_json":{"title":"USLUGE - STRUCTURA","robots":{"index":"index","follow":"follow","max-snippet":"max-snippet:-1","max-image-preview":"max-image-preview:large","max-video-preview":"max-video-preview:-1"},"canonical":"https:\/\/s-ce.hr\/en\/usluge\/","og_locale":"en_GB","og_type":"article","og_title":"USLUGE - STRUCTURA","og_description":"Stru\u010dni nadzor Stru\u010dni nadzor osigurava da se svi gra\u0111evinski radovi izvode kvalitetno, sigurno i u skladu s projektom i propisima. Na\u0161 tim nadzire sve faze gradnje, kontrolira materijale i rokove te pravodobno reagira na nepravilnosti. Cilj nam je osigurati pouzdanu izvedbu i dugotrajnost va\u0161eg objekta. Izrada projektno-studijske dokumentacije Pru\u017eamo uslugu izrade projektno-studijske dokumentacije za sve [&hellip;]","og_url":"https:\/\/s-ce.hr\/en\/usluge\/","og_site_name":"STRUCTURA","article_modified_time":"2025-12-29T16:57:23+00:00","twitter_card":"summary_large_image","twitter_misc":{"Estimated reading time":"1 minute"},"schema":{"@context":"https:\/\/schema.org","@graph":[{"@type":"WebPage","@id":"https:\/\/s-ce.hr\/usluge\/","url":"https:\/\/s-ce.hr\/usluge\/","name":"USLUGE - STRUCTURA","isPartOf":{"@id":"https:\/\/s-ce.hr\/#website"},"datePublished":"2025-09-17T08:09:44+00:00","dateModified":"2025-12-29T16:57:23+00:00","breadcrumb":{"@id":"https:\/\/s-ce.hr\/usluge\/#breadcrumb"},"inLanguage":"en-GB","potentialAction":[{"@type":"ReadAction","target":["https:\/\/s-ce.hr\/usluge\/"]}]},{"@type":"BreadcrumbList","@id":"https:\/\/s-ce.hr\/usluge\/#breadcrumb","itemListElement":[{"@type":"ListItem","position":1,"name":"Home","item":"https:\/\/s-ce.hr\/"},{"@type":"ListItem","position":2,"name":"USLUGE"}]},{"@type":"WebSite","@id":"https:\/\/s-ce.hr\/#website","url":"https:\/\/s-ce.hr\/","name":"STRUCTURA Consulting&Engineering","description":"Consulting &amp; Engineering","publisher":{"@id":"https:\/\/s-ce.hr\/#organization"},"potentialAction":[{"@type":"SearchAction","target":{"@type":"EntryPoint","urlTemplate":"https:\/\/s-ce.hr\/?s={search_term_string}"},"query-input":{"@type":"PropertyValueSpecification","valueRequired":true,"valueName":"search_term_string"}}],"inLanguage":"en-GB"},{"@type":"Organization","@id":"https:\/\/s-ce.hr\/#organization","name":"STRUCTURA Consulting&Engineering","url":"https:\/\/s-ce.hr\/","logo":{"@type":"ImageObject","inLanguage":"en-GB","@id":"https:\/\/s-ce.hr\/#\/schema\/logo\/image\/","url":"https:\/\/s-ce.hr\/wp-content\/uploads\/2025\/09\/Structura-Logo-Box-RGB-01-e1757341507554.jpg","contentUrl":"https:\/\/s-ce.hr\/wp-content\/uploads\/2025\/09\/Structura-Logo-Box-RGB-01-e1757341507554.jpg","width":492,"height":330,"caption":"STRUCTURA Consulting&Engineering"},"image":{"@id":"https:\/\/s-ce.hr\/#\/schema\/logo\/image\/"}}]}},"_links":{"self":[{"href":"https:\/\/s-ce.hr\/en\/wp-json\/wp\/v2\/pages\/448","targetHints":{"allow":["GET"]}}],"collection":[{"href":"https:\/\/s-ce.hr\/en\/wp-json\/wp\/v2\/pages"}],"about":[{"href":"https:\/\/s-ce.hr\/en\/wp-json\/wp\/v2\/types\/page"}],"author":[{"embeddable":true,"href":"https:\/\/s-ce.hr\/en\/wp-json\/wp\/v2\/users\/1"}],"replies":[{"embeddable":true,"href":"https:\/\/s-ce.hr\/en\/wp-json\/wp\/v2\/comments?post=448"}],"version-history":[{"count":309,"href":"https:\/\/s-ce.hr\/en\/wp-json\/wp\/v2\/pages\/448\/revisions"}],"predecessor-version":[{"id":9441,"href":"https:\/\/s-ce.hr\/en\/wp-json\/wp\/v2\/pages\/448\/revisions\/9441"}],"wp:attachment":[{"href":"https:\/\/s-ce.hr\/en\/wp-json\/wp\/v2\/media?parent=448"}],"curies":[{"name":"wp","href":"https:\/\/api.w.org\/{rel}","templated":true}]}}