{"id":3606,"date":"2025-10-07T16:30:34","date_gmt":"2025-10-07T16:30:34","guid":{"rendered":"https:\/\/s-ce.hr\/?page_id=3606"},"modified":"2026-01-04T16:52:34","modified_gmt":"2026-01-04T16:52:34","slug":"igimnazija-osijek","status":"publish","type":"page","link":"https:\/\/s-ce.hr\/en\/projekti\/igimnazija-osijek\/","title":{"rendered":"GIMNAZIJA"},"content":{"rendered":"<div data-elementor-type=\"wp-page\" data-elementor-id=\"3606\" class=\"elementor elementor-3606\" data-elementor-post-type=\"page\">\n\t\t\t\t<div class=\"elementor-element elementor-element-0e6fe53 fade-section e-flex e-con-boxed e-con e-parent\" data-id=\"0e6fe53\" data-element_type=\"container\" data-settings=\"{&quot;background_background&quot;:&quot;classic&quot;}\">\n\t\t\t\t\t<div class=\"e-con-inner\">\n\t\t\t\t\t<\/div>\n\t\t\t\t<\/div>\n\t\t<div class=\"elementor-element elementor-element-217c830 e-con-full e-flex e-con e-parent\" data-id=\"217c830\" data-element_type=\"container\">\n\t\t<div class=\"elementor-element elementor-element-4019f21 e-con-full card e-flex e-con e-child\" data-id=\"4019f21\" data-element_type=\"container\" data-settings=\"{&quot;background_background&quot;:&quot;gradient&quot;}\">\n\t\t<div class=\"elementor-element elementor-element-dd8287d e-con-full e-flex e-con e-child\" data-id=\"dd8287d\" data-element_type=\"container\">\n\t\t\t\t<div class=\"elementor-element elementor-element-e5675c3 elementor-widget elementor-widget-heading\" data-id=\"e5675c3\" data-element_type=\"widget\" data-widget_type=\"heading.default\">\n\t\t\t\t\t<h2 class=\"elementor-heading-title elementor-size-default\">CONSTRUCTION OF I. GYMNASIUM OSIJEK<\/h2>\t\t\t\t<\/div>\n\t\t\t\t<div class=\"elementor-element elementor-element-ae66551 elementor-widget elementor-widget-heading\" data-id=\"ae66551\" data-element_type=\"widget\" data-widget_type=\"heading.default\">\n\t\t\t\t\t<h2 class=\"elementor-heading-title elementor-size-default\">INVESTOR: Osijek-Baranja County<\/h2>\t\t\t\t<\/div>\n\t\t\t\t<div class=\"elementor-element elementor-element-698710d elementor-widget elementor-widget-heading\" data-id=\"698710d\" data-element_type=\"widget\" data-widget_type=\"heading.default\">\n\t\t\t\t\t<h2 class=\"elementor-heading-title elementor-size-default\">LOCATION: Corner of Antun Kani\u017eli\u0107 Street and Josip Juraj Strossmayer Street, Osijek<\/h2>\t\t\t\t<\/div>\n\t\t\t\t<div class=\"elementor-element elementor-element-1f45fd5 elementor-widget elementor-widget-heading\" data-id=\"1f45fd5\" data-element_type=\"widget\" data-widget_type=\"heading.default\">\n\t\t\t\t\t<h2 class=\"elementor-heading-title elementor-size-default\">SERVICE: Construction supervision<\/h2>\t\t\t\t<\/div>\n\t\t\t\t<div class=\"elementor-element elementor-element-94aa36e elementor-widget elementor-widget-text-editor\" data-id=\"94aa36e\" data-element_type=\"widget\" data-widget_type=\"text-editor.default\">\n\t\t\t\t\t\t\t\t\t<p class=\"translation-block\">The construction project of the 1st Gymnasium in Osijek encompasses the construction of a modern educational building with associated outdoor areas and infrastructure.<\/p><p>The structure is built as a reinforced concrete construction combining load-bearing walls and columns, with foundations carried out using advanced geotechnical solutions, including jet-grouted and gravel columns to improve soil bearing capacity.<\/p><p>The building consists of a basement, ground floor, and two upper floors, with the roof structure designed as a flat, non-accessible roof with high-performance thermal insulation. The project also includes a sports hall with spectator stands, technical rooms, and ancillary facilities.<\/p><p>The entire complex has been designed in accordance with current energy efficiency standards (nZEB) and accessibility requirements, with integrated heating, cooling, and ventilation systems ensuring optimal microclimatic conditions for users.<\/p>\t\t\t\t\t\t\t\t<\/div>\n\t\t\t\t<\/div>\n\t\t\t\t<\/div>\n\t\t\t\t<div class=\"elementor-element elementor-element-bab2a5b elementor-widget elementor-widget-gallery\" data-id=\"bab2a5b\" data-element_type=\"widget\" data-settings=\"{&quot;columns&quot;:3,&quot;image_hover_animation&quot;:&quot;grow&quot;,&quot;aspect_ratio&quot;:&quot;4:3&quot;,&quot;gallery_layout&quot;:&quot;grid&quot;,&quot;columns_tablet&quot;:2,&quot;columns_mobile&quot;:1,&quot;gap&quot;:{&quot;unit&quot;:&quot;px&quot;,&quot;size&quot;:10,&quot;sizes&quot;:[]},&quot;gap_widescreen&quot;:{&quot;unit&quot;:&quot;px&quot;,&quot;size&quot;:&quot;&quot;,&quot;sizes&quot;:[]},&quot;gap_tablet&quot;:{&quot;unit&quot;:&quot;px&quot;,&quot;size&quot;:10,&quot;sizes&quot;:[]},&quot;gap_mobile&quot;:{&quot;unit&quot;:&quot;px&quot;,&quot;size&quot;:10,&quot;sizes&quot;:[]},&quot;link_to&quot;:&quot;file&quot;}\" data-widget_type=\"gallery.default\">\n\t\t\t\t\t\t\t<div class=\"elementor-gallery__container\">\n\t\t\t\t\t\t\t<a class=\"e-gallery-item elementor-gallery-item elementor-animated-content\" href=\"https:\/\/s-ce.hr\/wp-content\/uploads\/2025\/10\/DJI_0932-scaled-1.jpg\" data-elementor-open-lightbox=\"yes\" data-elementor-lightbox-slideshow=\"bab2a5b\" data-e-action-hash=\"#elementor-action%3Aaction%3Dlightbox%26settings%3DeyJpZCI6MzYzMSwidXJsIjoiaHR0cHM6XC9cL3MtY2UuaHJcL3dwLWNvbnRlbnRcL3VwbG9hZHNcLzIwMjVcLzEwXC9ESklfMDkzMi1zY2FsZWQtMS5qcGciLCJzbGlkZXNob3ciOiJiYWIyYTViIn0%3D\">\n\t\t\t\t\t<div class=\"e-gallery-image elementor-gallery-item__image\" data-thumbnail=\"https:\/\/s-ce.hr\/wp-content\/uploads\/2025\/10\/DJI_0932-scaled-1-1024x768.jpg\" data-width=\"800\" data-height=\"600\" aria-label=\"\" role=\"img\" ><\/div>\n\t\t\t\t\t\t\t\t\t\t\t\t\t\t<\/a>\n\t\t\t\t\t\t\t<a class=\"e-gallery-item elementor-gallery-item elementor-animated-content\" href=\"https:\/\/s-ce.hr\/wp-content\/uploads\/2025\/10\/I_gimnazija_osijek_2023_6.jpg\" data-elementor-open-lightbox=\"yes\" data-elementor-lightbox-slideshow=\"bab2a5b\" data-e-action-hash=\"#elementor-action%3Aaction%3Dlightbox%26settings%3DeyJpZCI6MzYzNiwidXJsIjoiaHR0cHM6XC9cL3MtY2UuaHJcL3dwLWNvbnRlbnRcL3VwbG9hZHNcLzIwMjVcLzEwXC9JX2dpbW5hemlqYV9vc2lqZWtfMjAyM182LmpwZyIsInNsaWRlc2hvdyI6ImJhYjJhNWIifQ%3D%3D\">\n\t\t\t\t\t<div class=\"e-gallery-image elementor-gallery-item__image\" data-thumbnail=\"https:\/\/s-ce.hr\/wp-content\/uploads\/2025\/10\/I_gimnazija_osijek_2023_6-1024x683.jpg\" data-width=\"800\" data-height=\"534\" aria-label=\"\" role=\"img\" ><\/div>\n\t\t\t\t\t\t\t\t\t\t\t\t\t\t<\/a>\n\t\t\t\t\t\t\t<a class=\"e-gallery-item elementor-gallery-item elementor-animated-content\" href=\"https:\/\/s-ce.hr\/wp-content\/uploads\/2025\/10\/I_gimnazija_osijek_2023_7.jpg\" data-elementor-open-lightbox=\"yes\" data-elementor-lightbox-slideshow=\"bab2a5b\" data-e-action-hash=\"#elementor-action%3Aaction%3Dlightbox%26settings%3DeyJpZCI6MzYzNywidXJsIjoiaHR0cHM6XC9cL3MtY2UuaHJcL3dwLWNvbnRlbnRcL3VwbG9hZHNcLzIwMjVcLzEwXC9JX2dpbW5hemlqYV9vc2lqZWtfMjAyM183LmpwZyIsInNsaWRlc2hvdyI6ImJhYjJhNWIifQ%3D%3D\">\n\t\t\t\t\t<div class=\"e-gallery-image elementor-gallery-item__image\" data-thumbnail=\"https:\/\/s-ce.hr\/wp-content\/uploads\/2025\/10\/I_gimnazija_osijek_2023_7-1024x683.jpg\" data-width=\"800\" data-height=\"534\" aria-label=\"\" role=\"img\" ><\/div>\n\t\t\t\t\t\t\t\t\t\t\t\t\t\t<\/a>\n\t\t\t\t\t\t\t<a class=\"e-gallery-item elementor-gallery-item elementor-animated-content\" href=\"https:\/\/s-ce.hr\/wp-content\/uploads\/2025\/10\/IMG-20240410-WA0001.jpg\" data-elementor-open-lightbox=\"yes\" data-elementor-lightbox-slideshow=\"bab2a5b\" data-e-action-hash=\"#elementor-action%3Aaction%3Dlightbox%26settings%3DeyJpZCI6MzYzOSwidXJsIjoiaHR0cHM6XC9cL3MtY2UuaHJcL3dwLWNvbnRlbnRcL3VwbG9hZHNcLzIwMjVcLzEwXC9JTUctMjAyNDA0MTAtV0EwMDAxLmpwZyIsInNsaWRlc2hvdyI6ImJhYjJhNWIifQ%3D%3D\">\n\t\t\t\t\t<div class=\"e-gallery-image elementor-gallery-item__image\" data-thumbnail=\"https:\/\/s-ce.hr\/wp-content\/uploads\/2025\/10\/IMG-20240410-WA0001-1024x576.jpg\" data-width=\"800\" data-height=\"450\" aria-label=\"\" role=\"img\" ><\/div>\n\t\t\t\t\t\t\t\t\t\t\t\t\t\t<\/a>\n\t\t\t\t\t\t\t<a class=\"e-gallery-item elementor-gallery-item elementor-animated-content\" href=\"https:\/\/s-ce.hr\/wp-content\/uploads\/2025\/10\/IMG-20240410-WA0021.jpg\" data-elementor-open-lightbox=\"yes\" data-elementor-lightbox-slideshow=\"bab2a5b\" data-e-action-hash=\"#elementor-action%3Aaction%3Dlightbox%26settings%3DeyJpZCI6MzY0MCwidXJsIjoiaHR0cHM6XC9cL3MtY2UuaHJcL3dwLWNvbnRlbnRcL3VwbG9hZHNcLzIwMjVcLzEwXC9JTUctMjAyNDA0MTAtV0EwMDIxLmpwZyIsInNsaWRlc2hvdyI6ImJhYjJhNWIifQ%3D%3D\">\n\t\t\t\t\t<div class=\"e-gallery-image elementor-gallery-item__image\" data-thumbnail=\"https:\/\/s-ce.hr\/wp-content\/uploads\/2025\/10\/IMG-20240410-WA0021-1024x576.jpg\" data-width=\"800\" data-height=\"450\" aria-label=\"\" role=\"img\" ><\/div>\n\t\t\t\t\t\t\t\t\t\t\t\t\t\t<\/a>\n\t\t\t\t\t\t\t<a class=\"e-gallery-item elementor-gallery-item elementor-animated-content\" href=\"https:\/\/s-ce.hr\/wp-content\/uploads\/2025\/10\/WhatsApp-Slika-2023-12-21-u-13.13.56_9a3be89e.jpg\" data-elementor-open-lightbox=\"yes\" data-elementor-lightbox-slideshow=\"bab2a5b\" data-e-action-hash=\"#elementor-action%3Aaction%3Dlightbox%26settings%3DeyJpZCI6MzY0MiwidXJsIjoiaHR0cHM6XC9cL3MtY2UuaHJcL3dwLWNvbnRlbnRcL3VwbG9hZHNcLzIwMjVcLzEwXC9XaGF0c0FwcC1TbGlrYS0yMDIzLTEyLTIxLXUtMTMuMTMuNTZfOWEzYmU4OWUuanBnIiwic2xpZGVzaG93IjoiYmFiMmE1YiJ9\">\n\t\t\t\t\t<div class=\"e-gallery-image elementor-gallery-item__image\" data-thumbnail=\"https:\/\/s-ce.hr\/wp-content\/uploads\/2025\/10\/WhatsApp-Slika-2023-12-21-u-13.13.56_9a3be89e-1024x576.jpg\" data-width=\"800\" data-height=\"450\" aria-label=\"\" role=\"img\" ><\/div>\n\t\t\t\t\t\t\t\t\t\t\t\t\t\t<\/a>\n\t\t\t\t\t\t\t<a class=\"e-gallery-item elementor-gallery-item elementor-animated-content\" href=\"https:\/\/s-ce.hr\/wp-content\/uploads\/2025\/11\/I.gimnazija-1-1-scaled-e1764448242802.jpg\" data-elementor-open-lightbox=\"yes\" data-elementor-lightbox-slideshow=\"bab2a5b\" data-e-action-hash=\"#elementor-action%3Aaction%3Dlightbox%26settings%3DeyJpZCI6NTQxNiwidXJsIjoiaHR0cHM6XC9cL3MtY2UuaHJcL3dwLWNvbnRlbnRcL3VwbG9hZHNcLzIwMjVcLzExXC9JLmdpbW5hemlqYS0xLTEtc2NhbGVkLWUxNzY0NDQ4MjQyODAyLmpwZyIsInNsaWRlc2hvdyI6ImJhYjJhNWIifQ%3D%3D\">\n\t\t\t\t\t<div class=\"e-gallery-image elementor-gallery-item__image\" data-thumbnail=\"https:\/\/s-ce.hr\/wp-content\/uploads\/2025\/11\/I.gimnazija-1-1-scaled-e1764448242802-1024x846.jpg\" data-width=\"800\" data-height=\"661\" aria-label=\"\" role=\"img\" ><\/div>\n\t\t\t\t\t\t\t\t\t\t\t\t\t\t<\/a>\n\t\t\t\t\t\t\t<a class=\"e-gallery-item elementor-gallery-item elementor-animated-content\" href=\"https:\/\/s-ce.hr\/wp-content\/uploads\/2025\/11\/I.gimnazija-2-scaled.jpg\" data-elementor-open-lightbox=\"yes\" data-elementor-lightbox-slideshow=\"bab2a5b\" data-e-action-hash=\"#elementor-action%3Aaction%3Dlightbox%26settings%3DeyJpZCI6NTQxNywidXJsIjoiaHR0cHM6XC9cL3MtY2UuaHJcL3dwLWNvbnRlbnRcL3VwbG9hZHNcLzIwMjVcLzExXC9JLmdpbW5hemlqYS0yLXNjYWxlZC5qcGciLCJzbGlkZXNob3ciOiJiYWIyYTViIn0%3D\">\n\t\t\t\t\t<div class=\"e-gallery-image elementor-gallery-item__image\" data-thumbnail=\"https:\/\/s-ce.hr\/wp-content\/uploads\/2025\/11\/I.gimnazija-2-1024x683.jpg\" data-width=\"800\" data-height=\"534\" aria-label=\"\" role=\"img\" ><\/div>\n\t\t\t\t\t\t\t\t\t\t\t\t\t\t<\/a>\n\t\t\t\t\t\t\t<a class=\"e-gallery-item elementor-gallery-item elementor-animated-content\" href=\"https:\/\/s-ce.hr\/wp-content\/uploads\/2025\/11\/I.gimnazija-3-scaled.jpg\" data-elementor-open-lightbox=\"yes\" data-elementor-lightbox-slideshow=\"bab2a5b\" data-e-action-hash=\"#elementor-action%3Aaction%3Dlightbox%26settings%3DeyJpZCI6NTQxOCwidXJsIjoiaHR0cHM6XC9cL3MtY2UuaHJcL3dwLWNvbnRlbnRcL3VwbG9hZHNcLzIwMjVcLzExXC9JLmdpbW5hemlqYS0zLXNjYWxlZC5qcGciLCJzbGlkZXNob3ciOiJiYWIyYTViIn0%3D\">\n\t\t\t\t\t<div class=\"e-gallery-image elementor-gallery-item__image\" data-thumbnail=\"https:\/\/s-ce.hr\/wp-content\/uploads\/2025\/11\/I.gimnazija-3-1024x683.jpg\" data-width=\"800\" data-height=\"534\" aria-label=\"\" role=\"img\" ><\/div>\n\t\t\t\t\t\t\t\t\t\t\t\t\t\t<\/a>\n\t\t\t\t\t\t\t<a class=\"e-gallery-item elementor-gallery-item elementor-animated-content\" href=\"https:\/\/s-ce.hr\/wp-content\/uploads\/2025\/11\/I.gimnazija-4-scaled.jpg\" data-elementor-open-lightbox=\"yes\" data-elementor-lightbox-slideshow=\"bab2a5b\" data-e-action-hash=\"#elementor-action%3Aaction%3Dlightbox%26settings%3DeyJpZCI6NTQxOSwidXJsIjoiaHR0cHM6XC9cL3MtY2UuaHJcL3dwLWNvbnRlbnRcL3VwbG9hZHNcLzIwMjVcLzExXC9JLmdpbW5hemlqYS00LXNjYWxlZC5qcGciLCJzbGlkZXNob3ciOiJiYWIyYTViIn0%3D\">\n\t\t\t\t\t<div class=\"e-gallery-image elementor-gallery-item__image\" data-thumbnail=\"https:\/\/s-ce.hr\/wp-content\/uploads\/2025\/11\/I.gimnazija-4-1024x683.jpg\" data-width=\"800\" data-height=\"534\" aria-label=\"\" role=\"img\" ><\/div>\n\t\t\t\t\t\t\t\t\t\t\t\t\t\t<\/a>\n\t\t\t\t\t\t\t<a class=\"e-gallery-item elementor-gallery-item elementor-animated-content\" href=\"https:\/\/s-ce.hr\/wp-content\/uploads\/2025\/11\/I.gimnazija-5-scaled.jpg\" data-elementor-open-lightbox=\"yes\" data-elementor-lightbox-slideshow=\"bab2a5b\" data-e-action-hash=\"#elementor-action%3Aaction%3Dlightbox%26settings%3DeyJpZCI6NTQyMCwidXJsIjoiaHR0cHM6XC9cL3MtY2UuaHJcL3dwLWNvbnRlbnRcL3VwbG9hZHNcLzIwMjVcLzExXC9JLmdpbW5hemlqYS01LXNjYWxlZC5qcGciLCJzbGlkZXNob3ciOiJiYWIyYTViIn0%3D\">\n\t\t\t\t\t<div class=\"e-gallery-image elementor-gallery-item__image\" data-thumbnail=\"https:\/\/s-ce.hr\/wp-content\/uploads\/2025\/11\/I.gimnazija-5-1024x683.jpg\" data-width=\"800\" data-height=\"534\" aria-label=\"\" role=\"img\" ><\/div>\n\t\t\t\t\t\t\t\t\t\t\t\t\t\t<\/a>\n\t\t\t\t\t\t\t<a class=\"e-gallery-item elementor-gallery-item elementor-animated-content\" href=\"https:\/\/s-ce.hr\/wp-content\/uploads\/2025\/11\/I.gimnazija-6-scaled.jpg\" data-elementor-open-lightbox=\"yes\" data-elementor-lightbox-slideshow=\"bab2a5b\" data-e-action-hash=\"#elementor-action%3Aaction%3Dlightbox%26settings%3DeyJpZCI6NTg5NCwidXJsIjoiaHR0cHM6XC9cL3MtY2UuaHJcL3dwLWNvbnRlbnRcL3VwbG9hZHNcLzIwMjVcLzExXC9JLmdpbW5hemlqYS02LXNjYWxlZC5qcGciLCJzbGlkZXNob3ciOiJiYWIyYTViIn0%3D\">\n\t\t\t\t\t<div class=\"e-gallery-image elementor-gallery-item__image\" data-thumbnail=\"https:\/\/s-ce.hr\/wp-content\/uploads\/2025\/11\/I.gimnazija-6-1024x683.jpg\" data-width=\"800\" data-height=\"534\" aria-label=\"\" role=\"img\" ><\/div>\n\t\t\t\t\t\t\t\t\t\t\t\t\t\t<\/a>\n\t\t\t\t\t<\/div>\n\t\t\t\t\t<\/div>\n\t\t\t\t<\/div>\n\t\t\t\t<\/div>","protected":false},"excerpt":{"rendered":"<p>IZGRADNJA I. GIMNAZIJE INVESTITOR: Osje\u010dko-baranjska \u017eupanija LOKACIJA: kri\u017eanje ulica Antuna Kani\u017eli\u0107a i Josipa Jurja Strossmayera, Osijek USLUGA: stru\u010dni nadzor Projekt izgradnje I. gimnazije u Osijeku obuhva\u0107a izgradnju moderne obrazovne zgrade s pripadaju\u0107im vanjskim povr\u0161inama i infrastrukturom. Objekt je izveden kao armiranobetonska konstrukcija s kombinacijom nosivih zidova i stupova, a temeljenje je provedeno primjenom naprednih geotehni\u010dkih [&hellip;]<\/p>\n","protected":false},"author":1,"featured_media":0,"parent":6754,"menu_order":0,"comment_status":"closed","ping_status":"closed","template":"","meta":{"footnotes":""},"class_list":["post-3606","page","type-page","status-publish","hentry"],"yoast_head":"<!-- This site is optimized with the Yoast SEO plugin v27.0 - https:\/\/yoast.com\/product\/yoast-seo-wordpress\/ -->\n<title>GIMNAZIJA - STRUCTURA<\/title>\n<meta name=\"robots\" content=\"index, follow, max-snippet:-1, max-image-preview:large, max-video-preview:-1\" \/>\n<link rel=\"canonical\" href=\"https:\/\/s-ce.hr\/en\/projekti\/igimnazija-osijek\/\" \/>\n<meta property=\"og:locale\" content=\"en_GB\" \/>\n<meta property=\"og:type\" content=\"article\" \/>\n<meta property=\"og:title\" content=\"GIMNAZIJA - STRUCTURA\" \/>\n<meta property=\"og:description\" content=\"IZGRADNJA I. GIMNAZIJE INVESTITOR: Osje\u010dko-baranjska \u017eupanija LOKACIJA: kri\u017eanje ulica Antuna Kani\u017eli\u0107a i Josipa Jurja Strossmayera, Osijek USLUGA: stru\u010dni nadzor Projekt izgradnje I. gimnazije u Osijeku obuhva\u0107a izgradnju moderne obrazovne zgrade s pripadaju\u0107im vanjskim povr\u0161inama i infrastrukturom. Objekt je izveden kao armiranobetonska konstrukcija s kombinacijom nosivih zidova i stupova, a temeljenje je provedeno primjenom naprednih geotehni\u010dkih [&hellip;]\" \/>\n<meta property=\"og:url\" content=\"https:\/\/s-ce.hr\/en\/projekti\/igimnazija-osijek\/\" \/>\n<meta property=\"og:site_name\" content=\"STRUCTURA\" \/>\n<meta property=\"article:modified_time\" content=\"2026-01-04T16:52:34+00:00\" \/>\n<meta name=\"twitter:card\" content=\"summary_large_image\" \/>\n<meta name=\"twitter:label1\" content=\"Estimated reading time\" \/>\n\t<meta name=\"twitter:data1\" content=\"1 minute\" \/>\n<script type=\"application\/ld+json\" class=\"yoast-schema-graph\">{\"@context\":\"https:\/\/schema.org\",\"@graph\":[{\"@type\":\"WebPage\",\"@id\":\"https:\/\/s-ce.hr\/projekti\/igimnazija-osijek\/\",\"url\":\"https:\/\/s-ce.hr\/projekti\/igimnazija-osijek\/\",\"name\":\"GIMNAZIJA - STRUCTURA\",\"isPartOf\":{\"@id\":\"https:\/\/s-ce.hr\/#website\"},\"datePublished\":\"2025-10-07T16:30:34+00:00\",\"dateModified\":\"2026-01-04T16:52:34+00:00\",\"breadcrumb\":{\"@id\":\"https:\/\/s-ce.hr\/projekti\/igimnazija-osijek\/#breadcrumb\"},\"inLanguage\":\"en-GB\",\"potentialAction\":[{\"@type\":\"ReadAction\",\"target\":[\"https:\/\/s-ce.hr\/projekti\/igimnazija-osijek\/\"]}]},{\"@type\":\"BreadcrumbList\",\"@id\":\"https:\/\/s-ce.hr\/projekti\/igimnazija-osijek\/#breadcrumb\",\"itemListElement\":[{\"@type\":\"ListItem\",\"position\":1,\"name\":\"Home\",\"item\":\"https:\/\/s-ce.hr\/\"},{\"@type\":\"ListItem\",\"position\":2,\"name\":\"PROJEKTI\",\"item\":\"https:\/\/s-ce.hr\/projekti\/\"},{\"@type\":\"ListItem\",\"position\":3,\"name\":\"GIMNAZIJA\"}]},{\"@type\":\"WebSite\",\"@id\":\"https:\/\/s-ce.hr\/#website\",\"url\":\"https:\/\/s-ce.hr\/\",\"name\":\"STRUCTURA Consulting&Engineering\",\"description\":\"Consulting &amp; Engineering\",\"publisher\":{\"@id\":\"https:\/\/s-ce.hr\/#organization\"},\"potentialAction\":[{\"@type\":\"SearchAction\",\"target\":{\"@type\":\"EntryPoint\",\"urlTemplate\":\"https:\/\/s-ce.hr\/?s={search_term_string}\"},\"query-input\":{\"@type\":\"PropertyValueSpecification\",\"valueRequired\":true,\"valueName\":\"search_term_string\"}}],\"inLanguage\":\"en-GB\"},{\"@type\":\"Organization\",\"@id\":\"https:\/\/s-ce.hr\/#organization\",\"name\":\"STRUCTURA Consulting&Engineering\",\"url\":\"https:\/\/s-ce.hr\/\",\"logo\":{\"@type\":\"ImageObject\",\"inLanguage\":\"en-GB\",\"@id\":\"https:\/\/s-ce.hr\/#\/schema\/logo\/image\/\",\"url\":\"https:\/\/s-ce.hr\/wp-content\/uploads\/2025\/09\/Structura-Logo-Box-RGB-01-e1757341507554.jpg\",\"contentUrl\":\"https:\/\/s-ce.hr\/wp-content\/uploads\/2025\/09\/Structura-Logo-Box-RGB-01-e1757341507554.jpg\",\"width\":492,\"height\":330,\"caption\":\"STRUCTURA Consulting&Engineering\"},\"image\":{\"@id\":\"https:\/\/s-ce.hr\/#\/schema\/logo\/image\/\"}}]}<\/script>\n<!-- \/ Yoast SEO plugin. -->","yoast_head_json":{"title":"GIMNAZIJA - STRUCTURA","robots":{"index":"index","follow":"follow","max-snippet":"max-snippet:-1","max-image-preview":"max-image-preview:large","max-video-preview":"max-video-preview:-1"},"canonical":"https:\/\/s-ce.hr\/en\/projekti\/igimnazija-osijek\/","og_locale":"en_GB","og_type":"article","og_title":"GIMNAZIJA - STRUCTURA","og_description":"IZGRADNJA I. GIMNAZIJE INVESTITOR: Osje\u010dko-baranjska \u017eupanija LOKACIJA: kri\u017eanje ulica Antuna Kani\u017eli\u0107a i Josipa Jurja Strossmayera, Osijek USLUGA: stru\u010dni nadzor Projekt izgradnje I. gimnazije u Osijeku obuhva\u0107a izgradnju moderne obrazovne zgrade s pripadaju\u0107im vanjskim povr\u0161inama i infrastrukturom. Objekt je izveden kao armiranobetonska konstrukcija s kombinacijom nosivih zidova i stupova, a temeljenje je provedeno primjenom naprednih geotehni\u010dkih [&hellip;]","og_url":"https:\/\/s-ce.hr\/en\/projekti\/igimnazija-osijek\/","og_site_name":"STRUCTURA","article_modified_time":"2026-01-04T16:52:34+00:00","twitter_card":"summary_large_image","twitter_misc":{"Estimated reading time":"1 minute"},"schema":{"@context":"https:\/\/schema.org","@graph":[{"@type":"WebPage","@id":"https:\/\/s-ce.hr\/projekti\/igimnazija-osijek\/","url":"https:\/\/s-ce.hr\/projekti\/igimnazija-osijek\/","name":"GIMNAZIJA - STRUCTURA","isPartOf":{"@id":"https:\/\/s-ce.hr\/#website"},"datePublished":"2025-10-07T16:30:34+00:00","dateModified":"2026-01-04T16:52:34+00:00","breadcrumb":{"@id":"https:\/\/s-ce.hr\/projekti\/igimnazija-osijek\/#breadcrumb"},"inLanguage":"en-GB","potentialAction":[{"@type":"ReadAction","target":["https:\/\/s-ce.hr\/projekti\/igimnazija-osijek\/"]}]},{"@type":"BreadcrumbList","@id":"https:\/\/s-ce.hr\/projekti\/igimnazija-osijek\/#breadcrumb","itemListElement":[{"@type":"ListItem","position":1,"name":"Home","item":"https:\/\/s-ce.hr\/"},{"@type":"ListItem","position":2,"name":"PROJEKTI","item":"https:\/\/s-ce.hr\/projekti\/"},{"@type":"ListItem","position":3,"name":"GIMNAZIJA"}]},{"@type":"WebSite","@id":"https:\/\/s-ce.hr\/#website","url":"https:\/\/s-ce.hr\/","name":"STRUCTURA Consulting&Engineering","description":"Consulting &amp; Engineering","publisher":{"@id":"https:\/\/s-ce.hr\/#organization"},"potentialAction":[{"@type":"SearchAction","target":{"@type":"EntryPoint","urlTemplate":"https:\/\/s-ce.hr\/?s={search_term_string}"},"query-input":{"@type":"PropertyValueSpecification","valueRequired":true,"valueName":"search_term_string"}}],"inLanguage":"en-GB"},{"@type":"Organization","@id":"https:\/\/s-ce.hr\/#organization","name":"STRUCTURA Consulting&Engineering","url":"https:\/\/s-ce.hr\/","logo":{"@type":"ImageObject","inLanguage":"en-GB","@id":"https:\/\/s-ce.hr\/#\/schema\/logo\/image\/","url":"https:\/\/s-ce.hr\/wp-content\/uploads\/2025\/09\/Structura-Logo-Box-RGB-01-e1757341507554.jpg","contentUrl":"https:\/\/s-ce.hr\/wp-content\/uploads\/2025\/09\/Structura-Logo-Box-RGB-01-e1757341507554.jpg","width":492,"height":330,"caption":"STRUCTURA Consulting&Engineering"},"image":{"@id":"https:\/\/s-ce.hr\/#\/schema\/logo\/image\/"}}]}},"_links":{"self":[{"href":"https:\/\/s-ce.hr\/en\/wp-json\/wp\/v2\/pages\/3606","targetHints":{"allow":["GET"]}}],"collection":[{"href":"https:\/\/s-ce.hr\/en\/wp-json\/wp\/v2\/pages"}],"about":[{"href":"https:\/\/s-ce.hr\/en\/wp-json\/wp\/v2\/types\/page"}],"author":[{"embeddable":true,"href":"https:\/\/s-ce.hr\/en\/wp-json\/wp\/v2\/users\/1"}],"replies":[{"embeddable":true,"href":"https:\/\/s-ce.hr\/en\/wp-json\/wp\/v2\/comments?post=3606"}],"version-history":[{"count":366,"href":"https:\/\/s-ce.hr\/en\/wp-json\/wp\/v2\/pages\/3606\/revisions"}],"predecessor-version":[{"id":9693,"href":"https:\/\/s-ce.hr\/en\/wp-json\/wp\/v2\/pages\/3606\/revisions\/9693"}],"up":[{"embeddable":true,"href":"https:\/\/s-ce.hr\/en\/wp-json\/wp\/v2\/pages\/6754"}],"wp:attachment":[{"href":"https:\/\/s-ce.hr\/en\/wp-json\/wp\/v2\/media?parent=3606"}],"curies":[{"name":"wp","href":"https:\/\/api.w.org\/{rel}","templated":true}]}}