{"id":3604,"date":"2025-11-14T16:55:50","date_gmt":"2025-11-14T16:55:50","guid":{"rendered":"https:\/\/s-ce.hr\/?page_id=3604"},"modified":"2026-01-04T16:55:29","modified_gmt":"2026-01-04T16:55:29","slug":"kbc-zagreb","status":"publish","type":"page","link":"https:\/\/s-ce.hr\/en\/projekti\/kbc-zagreb\/","title":{"rendered":"KBC ZAGREB"},"content":{"rendered":"<div data-elementor-type=\"wp-page\" data-elementor-id=\"3604\" class=\"elementor elementor-3604\" data-elementor-post-type=\"page\">\n\t\t\t\t<div class=\"elementor-element elementor-element-25d7fe6e fade-section e-flex e-con-boxed e-con e-parent\" data-id=\"25d7fe6e\" data-element_type=\"container\" data-settings=\"{&quot;background_background&quot;:&quot;classic&quot;}\">\n\t\t\t\t\t<div class=\"e-con-inner\">\n\t\t\t\t\t<\/div>\n\t\t\t\t<\/div>\n\t\t<div class=\"elementor-element elementor-element-d99472c e-con-full e-flex e-con e-parent\" data-id=\"d99472c\" data-element_type=\"container\" data-settings=\"{&quot;background_background&quot;:&quot;classic&quot;}\">\n\t\t<div class=\"elementor-element elementor-element-372cd411 e-con-full card e-flex e-con e-child\" data-id=\"372cd411\" data-element_type=\"container\" data-settings=\"{&quot;background_background&quot;:&quot;gradient&quot;}\">\n\t\t<div class=\"elementor-element elementor-element-f131950 e-con-full e-flex e-con e-child\" data-id=\"f131950\" data-element_type=\"container\">\n\t\t\t\t<div class=\"elementor-element elementor-element-3b845405 elementor-widget elementor-widget-heading\" data-id=\"3b845405\" data-element_type=\"widget\" data-widget_type=\"heading.default\">\n\t\t\t\t\t<h2 class=\"elementor-heading-title elementor-size-default\">CJELOVITA OBNOVA GLAVNE ZGRADE KBC ZAGREB<\/h2>\t\t\t\t<\/div>\n\t\t\t\t<div class=\"elementor-element elementor-element-4aa00efa elementor-widget elementor-widget-heading\" data-id=\"4aa00efa\" data-element_type=\"widget\" data-widget_type=\"heading.default\">\n\t\t\t\t\t<h2 class=\"elementor-heading-title elementor-size-default\">INVESTOR: KBC Zagreb<\/h2>\t\t\t\t<\/div>\n\t\t\t\t<div class=\"elementor-element elementor-element-12aed063 elementor-widget elementor-widget-heading\" data-id=\"12aed063\" data-element_type=\"widget\" data-widget_type=\"heading.default\">\n\t\t\t\t\t<h2 class=\"elementor-heading-title elementor-size-default\">LOCATION:  Ki\u0161pati\u0107eva 12, Zagreb<\/h2>\t\t\t\t<\/div>\n\t\t\t\t<div class=\"elementor-element elementor-element-31631531 elementor-widget elementor-widget-heading\" data-id=\"31631531\" data-element_type=\"widget\" data-widget_type=\"heading.default\">\n\t\t\t\t\t<h2 class=\"elementor-heading-title elementor-size-default\">SERVICE: Construction supervision<\/h2>\t\t\t\t<\/div>\n\t\t\t\t<div class=\"elementor-element elementor-element-7243a887 elementor-widget elementor-widget-text-editor\" data-id=\"7243a887\" data-element_type=\"widget\" data-widget_type=\"text-editor.default\">\n\t\t\t\t\t\t\t\t\t<p>The project encompasses the complete structural and technical renovation of the main building of KBC Zagreb (Zagreb University Hospital Centre) at Ki\u0161pati\u0107eva 12, which represents the central functional structure of the Rebro hospital complex.<\/p><p data-start=\"547\" data-end=\"1108\">From a construction perspective, the project includes comprehensive reinforcement of the load-bearing structure, renovation and modernisation of building elements, and replacement of all key technical systems. Rehabilitation and reconstruction of structural elements are being carried out to achieve increased seismic resistance, with detailed assessment of the existing condition and installation of modern materials and technologies. The works also include a complete renovation of interior spaces, encompassing installations, ventilation and air conditioning systems, fire protection systems, and building envelope energy elements.<\/p><p data-start=\"1110\" data-end=\"1464\">Particular emphasis has been placed on the organisation of works within an active hospital environment, which requires precise logistics, phased execution, and continuous coordination in order to ensure the uninterrupted operation of healthcare services. Upon completion of the project, the building will meet contemporary construction, technical, and safety standards for critical healthcare infrastructure facilities.<\/p>\t\t\t\t\t\t\t\t<\/div>\n\t\t\t\t<\/div>\n\t\t\t\t<\/div>\n\t\t\t\t<div class=\"elementor-element elementor-element-52dec886 elementor-widget elementor-widget-gallery\" data-id=\"52dec886\" data-element_type=\"widget\" data-settings=\"{&quot;columns&quot;:2,&quot;image_hover_animation&quot;:&quot;grow&quot;,&quot;aspect_ratio&quot;:&quot;1:1&quot;,&quot;gallery_layout&quot;:&quot;grid&quot;,&quot;columns_tablet&quot;:2,&quot;columns_mobile&quot;:1,&quot;gap&quot;:{&quot;unit&quot;:&quot;px&quot;,&quot;size&quot;:10,&quot;sizes&quot;:[]},&quot;gap_widescreen&quot;:{&quot;unit&quot;:&quot;px&quot;,&quot;size&quot;:&quot;&quot;,&quot;sizes&quot;:[]},&quot;gap_tablet&quot;:{&quot;unit&quot;:&quot;px&quot;,&quot;size&quot;:10,&quot;sizes&quot;:[]},&quot;gap_mobile&quot;:{&quot;unit&quot;:&quot;px&quot;,&quot;size&quot;:10,&quot;sizes&quot;:[]},&quot;link_to&quot;:&quot;file&quot;}\" data-widget_type=\"gallery.default\">\n\t\t\t\t\t\t\t<div class=\"elementor-gallery__container\">\n\t\t\t\t\t\t\t<a class=\"e-gallery-item elementor-gallery-item elementor-animated-content\" href=\"https:\/\/s-ce.hr\/wp-content\/uploads\/2025\/11\/KBC_Zagreb6.jpg\" data-elementor-open-lightbox=\"yes\" data-elementor-lightbox-slideshow=\"52dec886\" data-e-action-hash=\"#elementor-action%3Aaction%3Dlightbox%26settings%3DeyJpZCI6NTI4MSwidXJsIjoiaHR0cHM6XC9cL3MtY2UuaHJcL3dwLWNvbnRlbnRcL3VwbG9hZHNcLzIwMjVcLzExXC9LQkNfWmFncmViNi5qcGciLCJzbGlkZXNob3ciOiI1MmRlYzg4NiJ9\">\n\t\t\t\t\t<div class=\"e-gallery-image elementor-gallery-item__image\" data-thumbnail=\"https:\/\/s-ce.hr\/wp-content\/uploads\/2025\/11\/KBC_Zagreb6-1024x768.jpg\" data-width=\"800\" data-height=\"600\" aria-label=\"\" role=\"img\" ><\/div>\n\t\t\t\t\t\t\t\t\t\t\t\t\t\t<\/a>\n\t\t\t\t\t\t\t<a class=\"e-gallery-item elementor-gallery-item elementor-animated-content\" href=\"https:\/\/s-ce.hr\/wp-content\/uploads\/2025\/11\/KBC_Zagreb1.jpg\" data-elementor-open-lightbox=\"yes\" data-elementor-lightbox-slideshow=\"52dec886\" data-e-action-hash=\"#elementor-action%3Aaction%3Dlightbox%26settings%3DeyJpZCI6NTI3NiwidXJsIjoiaHR0cHM6XC9cL3MtY2UuaHJcL3dwLWNvbnRlbnRcL3VwbG9hZHNcLzIwMjVcLzExXC9LQkNfWmFncmViMS5qcGciLCJzbGlkZXNob3ciOiI1MmRlYzg4NiJ9\">\n\t\t\t\t\t<div class=\"e-gallery-image elementor-gallery-item__image\" data-thumbnail=\"https:\/\/s-ce.hr\/wp-content\/uploads\/2025\/11\/KBC_Zagreb1-1024x683.jpg\" data-width=\"800\" data-height=\"534\" aria-label=\"\" role=\"img\" ><\/div>\n\t\t\t\t\t\t\t\t\t\t\t\t\t\t<\/a>\n\t\t\t\t\t\t\t<a class=\"e-gallery-item elementor-gallery-item elementor-animated-content\" href=\"https:\/\/s-ce.hr\/wp-content\/uploads\/2025\/11\/KBC_Zagreb2.jpg\" data-elementor-open-lightbox=\"yes\" data-elementor-lightbox-slideshow=\"52dec886\" data-e-action-hash=\"#elementor-action%3Aaction%3Dlightbox%26settings%3DeyJpZCI6NTI3NywidXJsIjoiaHR0cHM6XC9cL3MtY2UuaHJcL3dwLWNvbnRlbnRcL3VwbG9hZHNcLzIwMjVcLzExXC9LQkNfWmFncmViMi5qcGciLCJzbGlkZXNob3ciOiI1MmRlYzg4NiJ9\">\n\t\t\t\t\t<div class=\"e-gallery-image elementor-gallery-item__image\" data-thumbnail=\"https:\/\/s-ce.hr\/wp-content\/uploads\/2025\/11\/KBC_Zagreb2-1024x530.jpg\" data-width=\"800\" data-height=\"414\" aria-label=\"\" role=\"img\" ><\/div>\n\t\t\t\t\t\t\t\t\t\t\t\t\t\t<\/a>\n\t\t\t\t\t<\/div>\n\t\t\t\t\t<\/div>\n\t\t\t\t<\/div>\n\t\t\t\t<\/div>","protected":false},"excerpt":{"rendered":"<p>CJELOVITA OBNOVA GLAVNE ZGRADE KBC ZAGREB INVESTITOR: KBC Zagreb LOKACIJA: Ki\u0161pati\u0107eva 12, Zagreb USLUGA: stru\u010dni nadzor Projekt obuhva\u0107a kompletnu konstrukcijsku i tehni\u010dku obnovu glavne zgrade KBC-a Zagreb na lokaciji Ki\u0161pati\u0107eva 12, koja predstavlja sredi\u0161nji funkcionalni objekt bolni\u010dkog kompleksa Rebro. S gra\u0111evinskog aspekta, projekt uklju\u010duje sveobuhvatno oja\u010danje nosive konstrukcije, obnovu i modernizaciju gra\u0111evinskih elemenata te zamjenu [&hellip;]<\/p>\n","protected":false},"author":1,"featured_media":0,"parent":6754,"menu_order":0,"comment_status":"closed","ping_status":"closed","template":"","meta":{"footnotes":""},"class_list":["post-3604","page","type-page","status-publish","hentry"],"yoast_head":"<!-- This site is optimized with the Yoast SEO plugin v27.0 - https:\/\/yoast.com\/product\/yoast-seo-wordpress\/ -->\n<title>KBC ZAGREB - STRUCTURA<\/title>\n<meta name=\"robots\" content=\"index, follow, max-snippet:-1, max-image-preview:large, max-video-preview:-1\" \/>\n<link rel=\"canonical\" href=\"https:\/\/s-ce.hr\/en\/projekti\/kbc-zagreb\/\" \/>\n<meta property=\"og:locale\" content=\"en_GB\" \/>\n<meta property=\"og:type\" content=\"article\" \/>\n<meta property=\"og:title\" content=\"KBC ZAGREB - STRUCTURA\" \/>\n<meta property=\"og:description\" content=\"CJELOVITA OBNOVA GLAVNE ZGRADE KBC ZAGREB INVESTITOR: KBC Zagreb LOKACIJA: Ki\u0161pati\u0107eva 12, Zagreb USLUGA: stru\u010dni nadzor Projekt obuhva\u0107a kompletnu konstrukcijsku i tehni\u010dku obnovu glavne zgrade KBC-a Zagreb na lokaciji Ki\u0161pati\u0107eva 12, koja predstavlja sredi\u0161nji funkcionalni objekt bolni\u010dkog kompleksa Rebro. S gra\u0111evinskog aspekta, projekt uklju\u010duje sveobuhvatno oja\u010danje nosive konstrukcije, obnovu i modernizaciju gra\u0111evinskih elemenata te zamjenu [&hellip;]\" \/>\n<meta property=\"og:url\" content=\"https:\/\/s-ce.hr\/en\/projekti\/kbc-zagreb\/\" \/>\n<meta property=\"og:site_name\" content=\"STRUCTURA\" \/>\n<meta property=\"article:modified_time\" content=\"2026-01-04T16:55:29+00:00\" \/>\n<meta name=\"twitter:card\" content=\"summary_large_image\" \/>\n<meta name=\"twitter:label1\" content=\"Estimated reading time\" \/>\n\t<meta name=\"twitter:data1\" content=\"1 minute\" \/>\n<script type=\"application\/ld+json\" class=\"yoast-schema-graph\">{\"@context\":\"https:\/\/schema.org\",\"@graph\":[{\"@type\":\"WebPage\",\"@id\":\"https:\/\/s-ce.hr\/projekti\/kbc-zagreb\/\",\"url\":\"https:\/\/s-ce.hr\/projekti\/kbc-zagreb\/\",\"name\":\"KBC ZAGREB - STRUCTURA\",\"isPartOf\":{\"@id\":\"https:\/\/s-ce.hr\/#website\"},\"datePublished\":\"2025-11-14T16:55:50+00:00\",\"dateModified\":\"2026-01-04T16:55:29+00:00\",\"breadcrumb\":{\"@id\":\"https:\/\/s-ce.hr\/projekti\/kbc-zagreb\/#breadcrumb\"},\"inLanguage\":\"en-GB\",\"potentialAction\":[{\"@type\":\"ReadAction\",\"target\":[\"https:\/\/s-ce.hr\/projekti\/kbc-zagreb\/\"]}]},{\"@type\":\"BreadcrumbList\",\"@id\":\"https:\/\/s-ce.hr\/projekti\/kbc-zagreb\/#breadcrumb\",\"itemListElement\":[{\"@type\":\"ListItem\",\"position\":1,\"name\":\"Home\",\"item\":\"https:\/\/s-ce.hr\/\"},{\"@type\":\"ListItem\",\"position\":2,\"name\":\"PROJEKTI\",\"item\":\"https:\/\/s-ce.hr\/projekti\/\"},{\"@type\":\"ListItem\",\"position\":3,\"name\":\"KBC ZAGREB\"}]},{\"@type\":\"WebSite\",\"@id\":\"https:\/\/s-ce.hr\/#website\",\"url\":\"https:\/\/s-ce.hr\/\",\"name\":\"STRUCTURA Consulting&Engineering\",\"description\":\"Consulting &amp; Engineering\",\"publisher\":{\"@id\":\"https:\/\/s-ce.hr\/#organization\"},\"potentialAction\":[{\"@type\":\"SearchAction\",\"target\":{\"@type\":\"EntryPoint\",\"urlTemplate\":\"https:\/\/s-ce.hr\/?s={search_term_string}\"},\"query-input\":{\"@type\":\"PropertyValueSpecification\",\"valueRequired\":true,\"valueName\":\"search_term_string\"}}],\"inLanguage\":\"en-GB\"},{\"@type\":\"Organization\",\"@id\":\"https:\/\/s-ce.hr\/#organization\",\"name\":\"STRUCTURA Consulting&Engineering\",\"url\":\"https:\/\/s-ce.hr\/\",\"logo\":{\"@type\":\"ImageObject\",\"inLanguage\":\"en-GB\",\"@id\":\"https:\/\/s-ce.hr\/#\/schema\/logo\/image\/\",\"url\":\"https:\/\/s-ce.hr\/wp-content\/uploads\/2025\/09\/Structura-Logo-Box-RGB-01-e1757341507554.jpg\",\"contentUrl\":\"https:\/\/s-ce.hr\/wp-content\/uploads\/2025\/09\/Structura-Logo-Box-RGB-01-e1757341507554.jpg\",\"width\":492,\"height\":330,\"caption\":\"STRUCTURA Consulting&Engineering\"},\"image\":{\"@id\":\"https:\/\/s-ce.hr\/#\/schema\/logo\/image\/\"}}]}<\/script>\n<!-- \/ Yoast SEO plugin. -->","yoast_head_json":{"title":"KBC ZAGREB - STRUCTURA","robots":{"index":"index","follow":"follow","max-snippet":"max-snippet:-1","max-image-preview":"max-image-preview:large","max-video-preview":"max-video-preview:-1"},"canonical":"https:\/\/s-ce.hr\/en\/projekti\/kbc-zagreb\/","og_locale":"en_GB","og_type":"article","og_title":"KBC ZAGREB - STRUCTURA","og_description":"CJELOVITA OBNOVA GLAVNE ZGRADE KBC ZAGREB INVESTITOR: KBC Zagreb LOKACIJA: Ki\u0161pati\u0107eva 12, Zagreb USLUGA: stru\u010dni nadzor Projekt obuhva\u0107a kompletnu konstrukcijsku i tehni\u010dku obnovu glavne zgrade KBC-a Zagreb na lokaciji Ki\u0161pati\u0107eva 12, koja predstavlja sredi\u0161nji funkcionalni objekt bolni\u010dkog kompleksa Rebro. S gra\u0111evinskog aspekta, projekt uklju\u010duje sveobuhvatno oja\u010danje nosive konstrukcije, obnovu i modernizaciju gra\u0111evinskih elemenata te zamjenu [&hellip;]","og_url":"https:\/\/s-ce.hr\/en\/projekti\/kbc-zagreb\/","og_site_name":"STRUCTURA","article_modified_time":"2026-01-04T16:55:29+00:00","twitter_card":"summary_large_image","twitter_misc":{"Estimated reading time":"1 minute"},"schema":{"@context":"https:\/\/schema.org","@graph":[{"@type":"WebPage","@id":"https:\/\/s-ce.hr\/projekti\/kbc-zagreb\/","url":"https:\/\/s-ce.hr\/projekti\/kbc-zagreb\/","name":"KBC ZAGREB - STRUCTURA","isPartOf":{"@id":"https:\/\/s-ce.hr\/#website"},"datePublished":"2025-11-14T16:55:50+00:00","dateModified":"2026-01-04T16:55:29+00:00","breadcrumb":{"@id":"https:\/\/s-ce.hr\/projekti\/kbc-zagreb\/#breadcrumb"},"inLanguage":"en-GB","potentialAction":[{"@type":"ReadAction","target":["https:\/\/s-ce.hr\/projekti\/kbc-zagreb\/"]}]},{"@type":"BreadcrumbList","@id":"https:\/\/s-ce.hr\/projekti\/kbc-zagreb\/#breadcrumb","itemListElement":[{"@type":"ListItem","position":1,"name":"Home","item":"https:\/\/s-ce.hr\/"},{"@type":"ListItem","position":2,"name":"PROJEKTI","item":"https:\/\/s-ce.hr\/projekti\/"},{"@type":"ListItem","position":3,"name":"KBC ZAGREB"}]},{"@type":"WebSite","@id":"https:\/\/s-ce.hr\/#website","url":"https:\/\/s-ce.hr\/","name":"STRUCTURA Consulting&Engineering","description":"Consulting &amp; Engineering","publisher":{"@id":"https:\/\/s-ce.hr\/#organization"},"potentialAction":[{"@type":"SearchAction","target":{"@type":"EntryPoint","urlTemplate":"https:\/\/s-ce.hr\/?s={search_term_string}"},"query-input":{"@type":"PropertyValueSpecification","valueRequired":true,"valueName":"search_term_string"}}],"inLanguage":"en-GB"},{"@type":"Organization","@id":"https:\/\/s-ce.hr\/#organization","name":"STRUCTURA Consulting&Engineering","url":"https:\/\/s-ce.hr\/","logo":{"@type":"ImageObject","inLanguage":"en-GB","@id":"https:\/\/s-ce.hr\/#\/schema\/logo\/image\/","url":"https:\/\/s-ce.hr\/wp-content\/uploads\/2025\/09\/Structura-Logo-Box-RGB-01-e1757341507554.jpg","contentUrl":"https:\/\/s-ce.hr\/wp-content\/uploads\/2025\/09\/Structura-Logo-Box-RGB-01-e1757341507554.jpg","width":492,"height":330,"caption":"STRUCTURA Consulting&Engineering"},"image":{"@id":"https:\/\/s-ce.hr\/#\/schema\/logo\/image\/"}}]}},"_links":{"self":[{"href":"https:\/\/s-ce.hr\/en\/wp-json\/wp\/v2\/pages\/3604","targetHints":{"allow":["GET"]}}],"collection":[{"href":"https:\/\/s-ce.hr\/en\/wp-json\/wp\/v2\/pages"}],"about":[{"href":"https:\/\/s-ce.hr\/en\/wp-json\/wp\/v2\/types\/page"}],"author":[{"embeddable":true,"href":"https:\/\/s-ce.hr\/en\/wp-json\/wp\/v2\/users\/1"}],"replies":[{"embeddable":true,"href":"https:\/\/s-ce.hr\/en\/wp-json\/wp\/v2\/comments?post=3604"}],"version-history":[{"count":111,"href":"https:\/\/s-ce.hr\/en\/wp-json\/wp\/v2\/pages\/3604\/revisions"}],"predecessor-version":[{"id":9699,"href":"https:\/\/s-ce.hr\/en\/wp-json\/wp\/v2\/pages\/3604\/revisions\/9699"}],"up":[{"embeddable":true,"href":"https:\/\/s-ce.hr\/en\/wp-json\/wp\/v2\/pages\/6754"}],"wp:attachment":[{"href":"https:\/\/s-ce.hr\/en\/wp-json\/wp\/v2\/media?parent=3604"}],"curies":[{"name":"wp","href":"https:\/\/api.w.org\/{rel}","templated":true}]}}