{"id":326,"date":"2025-09-15T07:09:26","date_gmt":"2025-09-15T07:09:26","guid":{"rendered":"https:\/\/s-ce.hr\/?page_id=326"},"modified":"2025-12-30T11:28:44","modified_gmt":"2025-12-30T11:28:44","slug":"o-nama","status":"publish","type":"page","link":"https:\/\/s-ce.hr\/en\/o-nama\/","title":{"rendered":"O NAMA"},"content":{"rendered":"\t\t<div data-elementor-type=\"wp-page\" data-elementor-id=\"326\" class=\"elementor elementor-326\" data-elementor-post-type=\"page\">\n\t\t\t\t<div class=\"elementor-element elementor-element-1e86be0 e-flex e-con-boxed e-con e-parent\" data-id=\"1e86be0\" data-element_type=\"container\">\n\t\t\t\t\t<div class=\"e-con-inner\">\n\t\t<div class=\"elementor-element elementor-element-92c45ca e-con-full card e-flex e-con e-child\" data-id=\"92c45ca\" data-element_type=\"container\">\n\t\t\t\t<div class=\"elementor-element elementor-element-3ebf761 elementor-widget__width-initial elementor-widget elementor-widget-text-editor\" data-id=\"3ebf761\" data-element_type=\"widget\" data-widget_type=\"text-editor.default\">\n\t\t\t\t\t\t\t\t\t<p><b>STRUCTURA Consulting &amp; Engineering d.o.o.<\/b> sa sjedi\u0161tem u Zagrebu specijalizirano je poduze\u0107e za pru\u017eanje sveobuhvatnih konzultantskih i in\u017eenjerskih usluga. Na\u0161e podru\u010dje djelovanja i ekspertiza obuhva\u0107a:<\/p><ul><li><b>stru\u010dni nadzor nad gradnjom<\/b><\/li><li><b>upravljanje projektima<\/b><\/li><li><b>projektiranje<\/b><\/li><li><b>tehni\u010dki i investicijski konzalting<\/b><\/li><\/ul><p>Djelujemo u \u0161irokom spektru sektora, uklju\u010duju\u0107i zgradarstvo, vodnokomunalnu infrastrukturu, ceste i autoceste, \u017eeljezni\u010dki promet, energetiku, obnovljive izvore energije,\u00a0 za\u0161titu okoli\u0161a i gospodarenje otpadom. Kombiniraju\u0107i tehni\u010dko znanje, multidisciplinarnost i me\u0111unarodne standarde, pru\u017eamo podr\u0161ku kroz sve faze investicijskog ciklusa \u2013 od po\u010detne ideje, planiranja i projektiranja, preko financijskog i tehni\u010dkog savjetovanja, pa sve do realizacije i odr\u017eavanja.<\/p>\t\t\t\t\t\t\t\t<\/div>\n\t\t\t\t<\/div>\n\t\t<div class=\"elementor-element elementor-element-dade8ab e-con-full e-flex e-con e-child\" data-id=\"dade8ab\" data-element_type=\"container\">\n\t\t<div class=\"elementor-element elementor-element-a8890b4 e-con-full card e-flex e-con e-child\" data-id=\"a8890b4\" data-element_type=\"container\">\n\t\t\t\t<div class=\"elementor-element elementor-element-4344330 elementor-widget__width-initial elementor-widget elementor-widget-heading\" data-id=\"4344330\" data-element_type=\"widget\" data-widget_type=\"heading.default\">\n\t\t\t\t\t<h2 class=\"elementor-heading-title elementor-size-default\">Misija<\/h2>\t\t\t\t<\/div>\n\t\t\t\t<div class=\"elementor-element elementor-element-3e21d85 elementor-widget__width-initial elementor-widget elementor-widget-text-editor\" data-id=\"3e21d85\" data-element_type=\"widget\" data-settings=\"{&quot;motion_fx_motion_fx_scrolling&quot;:&quot;yes&quot;,&quot;motion_fx_devices&quot;:[&quot;desktop&quot;,&quot;mobile&quot;]}\" data-widget_type=\"text-editor.default\">\n\t\t\t\t\t\t\t\t\t<p>Na\u0161a misija je <b>pomaknuti granice in\u017eenjerskog i konzultantskog savjetovanja u regiji<\/b>.<br \/>U STRUCTURA Consulting &amp; Engineering d.o.o. vjerujemo da se vrhunski projekti ne grade samo od betona i \u010delika, ve\u0107 od <b>znanja, vizije i odgovornosti prema zajednici i okoli\u0161u.<br \/>Na\u0161 cilj je klijentima pru\u017eiti <b>najvi\u0161u razinu stru\u010dnog nadzora, upravljanja i konzaltinga<\/b><\/b> \u2013 uskla\u0111enu s praksama vode\u0107ih europskih i svjetskih kompanija te im omogu\u0107iti da svoje projekte provode <b>br\u017ee, kvalitetnije i odr\u017eivije<\/b>.<\/p>\t\t\t\t\t\t\t\t<\/div>\n\t\t<div class=\"elementor-element elementor-element-01f5e26 e-con-full e-flex e-con e-child\" data-id=\"01f5e26\" data-element_type=\"container\">\n\t\t\t\t<\/div>\n\t\t\t\t<\/div>\n\t\t<div class=\"elementor-element elementor-element-b874f6c e-con-full card e-flex e-con e-child\" data-id=\"b874f6c\" data-element_type=\"container\">\n\t\t\t\t<div class=\"elementor-element elementor-element-6a89487 elementor-widget__width-initial elementor-widget elementor-widget-heading\" data-id=\"6a89487\" data-element_type=\"widget\" data-widget_type=\"heading.default\">\n\t\t\t\t\t<h2 class=\"elementor-heading-title elementor-size-default\">Vizija<\/h2>\t\t\t\t<\/div>\n\t\t\t\t<div class=\"elementor-element elementor-element-b14d69a elementor-widget__width-initial elementor-widget elementor-widget-text-editor\" data-id=\"b14d69a\" data-element_type=\"widget\" data-settings=\"{&quot;motion_fx_motion_fx_scrolling&quot;:&quot;yes&quot;,&quot;motion_fx_devices&quot;:[&quot;desktop&quot;,&quot;mobile&quot;]}\" data-widget_type=\"text-editor.default\">\n\t\t\t\t\t\t\t\t\t<p>\u017delimo biti <b>regionalni lider nove generacije<\/b> konzultantsko-in\u017eenjerskih poduze\u0107a:<\/p><ul><li>prepoznatljivi po <b>izvrsnosti i inovacijama<\/b>,<\/li><li>po\u017eeljni partner za <b>najzahtjevnije infrastrukturne i investicijske projekte<\/b>,<\/li><li>organizacija koja <b>mijenja standarde tr\u017ei\u0161ta<\/b> i postavlja ljestvicu kvalitete vi\u0161e od konkurencije.<\/li><\/ul><p>Na\u0161a vizija nije samo pratiti trendove \u2013 ve\u0107 ih <b>stvarati<\/b>. Gradimo <b>pametniju, povezaniju i odr\u017eiviju budu\u0107nost<\/b>, u kojoj je STRUCTURA sinonim za stru\u010dnost, povjerenje i vrhunsku izvedbu.<\/p>\t\t\t\t\t\t\t\t<\/div>\n\t\t<div class=\"elementor-element elementor-element-97fda33 e-con-full e-flex e-con e-child\" data-id=\"97fda33\" data-element_type=\"container\" data-settings=\"{&quot;background_background&quot;:&quot;classic&quot;}\">\n\t\t\t\t<\/div>\n\t\t\t\t<\/div>\n\t\t<div class=\"elementor-element elementor-element-350c5fc e-con-full card e-flex e-con e-child\" data-id=\"350c5fc\" data-element_type=\"container\">\n\t\t\t\t<div class=\"elementor-element elementor-element-fc6aaaa elementor-widget__width-initial elementor-widget elementor-widget-heading\" data-id=\"fc6aaaa\" data-element_type=\"widget\" data-widget_type=\"heading.default\">\n\t\t\t\t\t<h2 class=\"elementor-heading-title elementor-size-default\">Pristup<\/h2>\t\t\t\t<\/div>\n\t\t\t\t<div class=\"elementor-element elementor-element-8daf95a elementor-widget__width-initial elementor-widget elementor-widget-text-editor\" data-id=\"8daf95a\" data-element_type=\"widget\" data-settings=\"{&quot;motion_fx_devices&quot;:[&quot;desktop&quot;,&quot;mobile&quot;],&quot;motion_fx_motion_fx_scrolling&quot;:&quot;yes&quot;}\" data-widget_type=\"text-editor.default\">\n\t\t\t\t\t\t\t\t\t<p>Vjerujemo da su <b>pouzdanost, stru\u010dnost i inovativnost<\/b> temelj dugoro\u010dnog uspjeha. Upravo zato gradimo odnose s klijentima i partnerima na povjerenju, transparentnosti i profesionalnoj odgovornosti.<\/p><p>Prate\u0107i najbolje svjetske prakse i trendove, donosimo rje\u0161enja koja ne samo da ispunjavaju dana\u0161nje potrebe, ve\u0107 stvaraju vrijednost i za budu\u0107e generacije.<\/p><p>Na svakom projektu, u svakoj suradnji i svakoj odluci, \u017eivimo na\u0161 slogan:<br \/><strong>Struktura kvalitete. <b>Vizija razvoja.<\/b><\/strong><\/p>\t\t\t\t\t\t\t\t<\/div>\n\t\t<div class=\"elementor-element elementor-element-755ed19 e-con-full e-flex e-con e-child\" data-id=\"755ed19\" data-element_type=\"container\" data-settings=\"{&quot;background_background&quot;:&quot;classic&quot;}\">\n\t\t\t\t<\/div>\n\t\t\t\t<\/div>\n\t\t\t\t<\/div>\n\t\t\t\t\t<\/div>\n\t\t\t\t<\/div>\n\t\t\t\t<\/div>\n\t\t","protected":false},"excerpt":{"rendered":"<p>STRUCTURA Consulting &amp; Engineering d.o.o. sa sjedi\u0161tem u Zagrebu specijalizirano je poduze\u0107e za pru\u017eanje sveobuhvatnih konzultantskih i in\u017eenjerskih usluga. Na\u0161e podru\u010dje djelovanja i ekspertiza obuhva\u0107a: stru\u010dni nadzor nad gradnjom upravljanje projektima projektiranje tehni\u010dki i investicijski konzalting Djelujemo u \u0161irokom spektru sektora, uklju\u010duju\u0107i zgradarstvo, vodnokomunalnu infrastrukturu, ceste i autoceste, \u017eeljezni\u010dki promet, energetiku, obnovljive izvore energije,\u00a0 za\u0161titu [&hellip;]<\/p>\n","protected":false},"author":1,"featured_media":0,"parent":0,"menu_order":0,"comment_status":"closed","ping_status":"closed","template":"","meta":{"footnotes":""},"class_list":["post-326","page","type-page","status-publish","hentry"],"yoast_head":"<!-- This site is optimized with the Yoast SEO plugin v27.0 - https:\/\/yoast.com\/product\/yoast-seo-wordpress\/ -->\n<title>O NAMA - STRUCTURA<\/title>\n<meta name=\"robots\" content=\"index, follow, max-snippet:-1, max-image-preview:large, max-video-preview:-1\" \/>\n<link rel=\"canonical\" href=\"https:\/\/s-ce.hr\/en\/o-nama\/\" \/>\n<meta property=\"og:locale\" content=\"en_GB\" \/>\n<meta property=\"og:type\" content=\"article\" \/>\n<meta property=\"og:title\" content=\"O NAMA - STRUCTURA\" \/>\n<meta property=\"og:description\" content=\"STRUCTURA Consulting &amp; Engineering d.o.o. sa sjedi\u0161tem u Zagrebu specijalizirano je poduze\u0107e za pru\u017eanje sveobuhvatnih konzultantskih i in\u017eenjerskih usluga. Na\u0161e podru\u010dje djelovanja i ekspertiza obuhva\u0107a: stru\u010dni nadzor nad gradnjom upravljanje projektima projektiranje tehni\u010dki i investicijski konzalting Djelujemo u \u0161irokom spektru sektora, uklju\u010duju\u0107i zgradarstvo, vodnokomunalnu infrastrukturu, ceste i autoceste, \u017eeljezni\u010dki promet, energetiku, obnovljive izvore energije,\u00a0 za\u0161titu [&hellip;]\" \/>\n<meta property=\"og:url\" content=\"https:\/\/s-ce.hr\/en\/o-nama\/\" \/>\n<meta property=\"og:site_name\" content=\"STRUCTURA\" \/>\n<meta property=\"article:modified_time\" content=\"2025-12-30T11:28:44+00:00\" \/>\n<meta name=\"twitter:card\" content=\"summary_large_image\" \/>\n<meta name=\"twitter:label1\" content=\"Estimated reading time\" \/>\n\t<meta name=\"twitter:data1\" content=\"2 minutes\" \/>\n<script type=\"application\/ld+json\" class=\"yoast-schema-graph\">{\"@context\":\"https:\/\/schema.org\",\"@graph\":[{\"@type\":\"WebPage\",\"@id\":\"https:\/\/s-ce.hr\/o-nama\/\",\"url\":\"https:\/\/s-ce.hr\/o-nama\/\",\"name\":\"O NAMA - STRUCTURA\",\"isPartOf\":{\"@id\":\"https:\/\/s-ce.hr\/#website\"},\"datePublished\":\"2025-09-15T07:09:26+00:00\",\"dateModified\":\"2025-12-30T11:28:44+00:00\",\"breadcrumb\":{\"@id\":\"https:\/\/s-ce.hr\/o-nama\/#breadcrumb\"},\"inLanguage\":\"en-GB\",\"potentialAction\":[{\"@type\":\"ReadAction\",\"target\":[\"https:\/\/s-ce.hr\/o-nama\/\"]}]},{\"@type\":\"BreadcrumbList\",\"@id\":\"https:\/\/s-ce.hr\/o-nama\/#breadcrumb\",\"itemListElement\":[{\"@type\":\"ListItem\",\"position\":1,\"name\":\"Home\",\"item\":\"https:\/\/s-ce.hr\/\"},{\"@type\":\"ListItem\",\"position\":2,\"name\":\"O NAMA\"}]},{\"@type\":\"WebSite\",\"@id\":\"https:\/\/s-ce.hr\/#website\",\"url\":\"https:\/\/s-ce.hr\/\",\"name\":\"STRUCTURA Consulting&Engineering\",\"description\":\"Consulting &amp; Engineering\",\"publisher\":{\"@id\":\"https:\/\/s-ce.hr\/#organization\"},\"potentialAction\":[{\"@type\":\"SearchAction\",\"target\":{\"@type\":\"EntryPoint\",\"urlTemplate\":\"https:\/\/s-ce.hr\/?s={search_term_string}\"},\"query-input\":{\"@type\":\"PropertyValueSpecification\",\"valueRequired\":true,\"valueName\":\"search_term_string\"}}],\"inLanguage\":\"en-GB\"},{\"@type\":\"Organization\",\"@id\":\"https:\/\/s-ce.hr\/#organization\",\"name\":\"STRUCTURA Consulting&Engineering\",\"url\":\"https:\/\/s-ce.hr\/\",\"logo\":{\"@type\":\"ImageObject\",\"inLanguage\":\"en-GB\",\"@id\":\"https:\/\/s-ce.hr\/#\/schema\/logo\/image\/\",\"url\":\"https:\/\/s-ce.hr\/wp-content\/uploads\/2025\/09\/Structura-Logo-Box-RGB-01-e1757341507554.jpg\",\"contentUrl\":\"https:\/\/s-ce.hr\/wp-content\/uploads\/2025\/09\/Structura-Logo-Box-RGB-01-e1757341507554.jpg\",\"width\":492,\"height\":330,\"caption\":\"STRUCTURA Consulting&Engineering\"},\"image\":{\"@id\":\"https:\/\/s-ce.hr\/#\/schema\/logo\/image\/\"}}]}<\/script>\n<!-- \/ Yoast SEO plugin. -->","yoast_head_json":{"title":"O NAMA - STRUCTURA","robots":{"index":"index","follow":"follow","max-snippet":"max-snippet:-1","max-image-preview":"max-image-preview:large","max-video-preview":"max-video-preview:-1"},"canonical":"https:\/\/s-ce.hr\/en\/o-nama\/","og_locale":"en_GB","og_type":"article","og_title":"O NAMA - STRUCTURA","og_description":"STRUCTURA Consulting &amp; Engineering d.o.o. sa sjedi\u0161tem u Zagrebu specijalizirano je poduze\u0107e za pru\u017eanje sveobuhvatnih konzultantskih i in\u017eenjerskih usluga. Na\u0161e podru\u010dje djelovanja i ekspertiza obuhva\u0107a: stru\u010dni nadzor nad gradnjom upravljanje projektima projektiranje tehni\u010dki i investicijski konzalting Djelujemo u \u0161irokom spektru sektora, uklju\u010duju\u0107i zgradarstvo, vodnokomunalnu infrastrukturu, ceste i autoceste, \u017eeljezni\u010dki promet, energetiku, obnovljive izvore energije,\u00a0 za\u0161titu [&hellip;]","og_url":"https:\/\/s-ce.hr\/en\/o-nama\/","og_site_name":"STRUCTURA","article_modified_time":"2025-12-30T11:28:44+00:00","twitter_card":"summary_large_image","twitter_misc":{"Estimated reading time":"2 minutes"},"schema":{"@context":"https:\/\/schema.org","@graph":[{"@type":"WebPage","@id":"https:\/\/s-ce.hr\/o-nama\/","url":"https:\/\/s-ce.hr\/o-nama\/","name":"O NAMA - STRUCTURA","isPartOf":{"@id":"https:\/\/s-ce.hr\/#website"},"datePublished":"2025-09-15T07:09:26+00:00","dateModified":"2025-12-30T11:28:44+00:00","breadcrumb":{"@id":"https:\/\/s-ce.hr\/o-nama\/#breadcrumb"},"inLanguage":"en-GB","potentialAction":[{"@type":"ReadAction","target":["https:\/\/s-ce.hr\/o-nama\/"]}]},{"@type":"BreadcrumbList","@id":"https:\/\/s-ce.hr\/o-nama\/#breadcrumb","itemListElement":[{"@type":"ListItem","position":1,"name":"Home","item":"https:\/\/s-ce.hr\/"},{"@type":"ListItem","position":2,"name":"O NAMA"}]},{"@type":"WebSite","@id":"https:\/\/s-ce.hr\/#website","url":"https:\/\/s-ce.hr\/","name":"STRUCTURA Consulting&Engineering","description":"Consulting &amp; Engineering","publisher":{"@id":"https:\/\/s-ce.hr\/#organization"},"potentialAction":[{"@type":"SearchAction","target":{"@type":"EntryPoint","urlTemplate":"https:\/\/s-ce.hr\/?s={search_term_string}"},"query-input":{"@type":"PropertyValueSpecification","valueRequired":true,"valueName":"search_term_string"}}],"inLanguage":"en-GB"},{"@type":"Organization","@id":"https:\/\/s-ce.hr\/#organization","name":"STRUCTURA Consulting&Engineering","url":"https:\/\/s-ce.hr\/","logo":{"@type":"ImageObject","inLanguage":"en-GB","@id":"https:\/\/s-ce.hr\/#\/schema\/logo\/image\/","url":"https:\/\/s-ce.hr\/wp-content\/uploads\/2025\/09\/Structura-Logo-Box-RGB-01-e1757341507554.jpg","contentUrl":"https:\/\/s-ce.hr\/wp-content\/uploads\/2025\/09\/Structura-Logo-Box-RGB-01-e1757341507554.jpg","width":492,"height":330,"caption":"STRUCTURA Consulting&Engineering"},"image":{"@id":"https:\/\/s-ce.hr\/#\/schema\/logo\/image\/"}}]}},"_links":{"self":[{"href":"https:\/\/s-ce.hr\/en\/wp-json\/wp\/v2\/pages\/326","targetHints":{"allow":["GET"]}}],"collection":[{"href":"https:\/\/s-ce.hr\/en\/wp-json\/wp\/v2\/pages"}],"about":[{"href":"https:\/\/s-ce.hr\/en\/wp-json\/wp\/v2\/types\/page"}],"author":[{"embeddable":true,"href":"https:\/\/s-ce.hr\/en\/wp-json\/wp\/v2\/users\/1"}],"replies":[{"embeddable":true,"href":"https:\/\/s-ce.hr\/en\/wp-json\/wp\/v2\/comments?post=326"}],"version-history":[{"count":744,"href":"https:\/\/s-ce.hr\/en\/wp-json\/wp\/v2\/pages\/326\/revisions"}],"predecessor-version":[{"id":9519,"href":"https:\/\/s-ce.hr\/en\/wp-json\/wp\/v2\/pages\/326\/revisions\/9519"}],"wp:attachment":[{"href":"https:\/\/s-ce.hr\/en\/wp-json\/wp\/v2\/media?parent=326"}],"curies":[{"name":"wp","href":"https:\/\/api.w.org\/{rel}","templated":true}]}}