{"id":180,"date":"2025-09-13T19:13:36","date_gmt":"2025-09-13T19:13:36","guid":{"rendered":"https:\/\/s-ce.hr\/?page_id=180"},"modified":"2026-01-26T16:44:57","modified_gmt":"2026-01-26T16:44:57","slug":"naslovna","status":"publish","type":"page","link":"https:\/\/s-ce.hr\/en\/","title":{"rendered":"NASLOVNA"},"content":{"rendered":"\t\t<div data-elementor-type=\"wp-page\" data-elementor-id=\"180\" class=\"elementor elementor-180\" data-elementor-post-type=\"page\">\n\t\t\t\t<div class=\"elementor-element elementor-element-be2d3da e-flex e-con-boxed e-con e-parent\" data-id=\"be2d3da\" data-element_type=\"container\" data-settings=\"{&quot;motion_fx_motion_fx_scrolling&quot;:&quot;yes&quot;,&quot;motion_fx_devices&quot;:[&quot;widescreen&quot;,&quot;desktop&quot;,&quot;tablet&quot;,&quot;mobile&quot;]}\">\n\t\t\t\t\t<div class=\"e-con-inner\">\n\t\t\t\t<div class=\"elementor-element elementor-element-d64940a elementor-pagination-position-inside elementor-widget__width-inherit elementor-pagination-type-bullets elementor-widget elementor-widget-n-carousel\" data-id=\"d64940a\" data-element_type=\"widget\" data-settings=\"{&quot;carousel_items&quot;:[{&quot;slide_title&quot;:&quot;giimnazija&quot;,&quot;_id&quot;:&quot;304ca90&quot;},{&quot;slide_title&quot;:&quot;copacabana&quot;,&quot;_id&quot;:&quot;5d5d5df&quot;},{&quot;slide_title&quot;:&quot;arhiv&quot;,&quot;_id&quot;:&quot;cf752db&quot;}],&quot;slides_to_show&quot;:&quot;1&quot;,&quot;image_spacing_custom&quot;:{&quot;unit&quot;:&quot;px&quot;,&quot;size&quot;:0,&quot;sizes&quot;:[]},&quot;slides_to_show_tablet&quot;:&quot;1&quot;,&quot;speed&quot;:600,&quot;_animation_tablet&quot;:&quot;fadeIn&quot;,&quot;slides_to_show_mobile&quot;:&quot;1&quot;,&quot;autoplay&quot;:&quot;yes&quot;,&quot;autoplay_speed&quot;:5000,&quot;infinite&quot;:&quot;yes&quot;,&quot;offset_sides&quot;:&quot;none&quot;,&quot;pagination&quot;:&quot;bullets&quot;,&quot;image_spacing_custom_widescreen&quot;:{&quot;unit&quot;:&quot;px&quot;,&quot;size&quot;:&quot;&quot;,&quot;sizes&quot;:[]},&quot;image_spacing_custom_tablet&quot;:{&quot;unit&quot;:&quot;px&quot;,&quot;size&quot;:&quot;&quot;,&quot;sizes&quot;:[]},&quot;image_spacing_custom_mobile&quot;:{&quot;unit&quot;:&quot;px&quot;,&quot;size&quot;:&quot;&quot;,&quot;sizes&quot;:[]}}\" data-widget_type=\"nested-carousel.default\">\n\t\t\t\t\t\t\t<div class=\"e-n-carousel swiper\" role=\"region\" aria-roledescription=\"carousel\" aria-label=\"Carousel\" dir=\"ltr\">\n\t\t\t<div class=\"swiper-wrapper\" aria-live=\"off\">\n\t\t\t\t\t\t\t\t\t\t<div class=\"swiper-slide\" data-slide=\"1\" role=\"group\" aria-roledescription=\"slide\" aria-label=\"1 of 3\">\n\t\t\t\t\t\t\t<div class=\"elementor-element elementor-element-dcd6ccf e-flex e-con-boxed elementor-invisible e-con e-child\" data-id=\"dcd6ccf\" data-element_type=\"container\" data-settings=\"{&quot;background_background&quot;:&quot;classic&quot;,&quot;animation&quot;:&quot;fadeIn&quot;,&quot;animation_delay&quot;:500}\">\n\t\t\t\t\t<div class=\"e-con-inner\">\n\t\t<div class=\"elementor-element elementor-element-fd26056 e-con-full e-flex e-con e-child\" data-id=\"fd26056\" data-element_type=\"container\">\n\t\t\t\t<div class=\"elementor-element elementor-element-c2e8e10 elementor-widget__width-initial elementor-widget elementor-widget-heading\" data-id=\"c2e8e10\" data-element_type=\"widget\" data-widget_type=\"heading.default\">\n\t\t\t\t\t<h2 class=\"elementor-heading-title elementor-size-default\">IZGRADNJA I. GIMNAZIJE U OSIJEKU<\/h2>\t\t\t\t<\/div>\n\t\t\t\t<div class=\"elementor-element elementor-element-79aaa7f elementor-align-left elementor-widget__width-inherit elementor-mobile-align-left elementor-widget elementor-widget-button\" data-id=\"79aaa7f\" data-element_type=\"widget\" data-widget_type=\"button.default\">\n\t\t\t\t\t\t\t\t\t\t<a class=\"elementor-button elementor-button-link elementor-size-sm\" href=\"https:\/\/s-ce.hr\/projekti\/igimnazija-osijek\/\">\n\t\t\t\t\t\t<span class=\"elementor-button-content-wrapper\">\n\t\t\t\t\t\t\t\t\t<span class=\"elementor-button-text\">Saznaj Vi\u0161e<\/span>\n\t\t\t\t\t<\/span>\n\t\t\t\t\t<\/a>\n\t\t\t\t\t\t\t\t<\/div>\n\t\t\t\t<\/div>\n\t\t\t\t\t<\/div>\n\t\t\t\t<\/div>\n\t\t\t\t\t\t\t\t<\/div>\n\t\t\t\t\t\t\t\t\t\t\t<div class=\"swiper-slide\" data-slide=\"2\" role=\"group\" aria-roledescription=\"slide\" aria-label=\"2 of 3\">\n\t\t\t\t\t\t\t<div class=\"elementor-element elementor-element-1ffba8a animated-slow e-flex e-con-boxed elementor-invisible e-con e-child\" data-id=\"1ffba8a\" data-element_type=\"container\" data-settings=\"{&quot;background_background&quot;:&quot;classic&quot;,&quot;animation&quot;:&quot;fadeIn&quot;,&quot;animation_delay&quot;:500}\">\n\t\t\t\t\t<div class=\"e-con-inner\">\n\t\t<div class=\"elementor-element elementor-element-969f067 e-con-full e-flex e-con e-child\" data-id=\"969f067\" data-element_type=\"container\">\n\t\t\t\t<div class=\"elementor-element elementor-element-e5d974d elementor-widget__width-initial elementor-widget elementor-widget-heading\" data-id=\"e5d974d\" data-element_type=\"widget\" data-widget_type=\"heading.default\">\n\t\t\t\t\t<h2 class=\"elementor-heading-title elementor-size-default\">REKONSTRUKCIJA \u0160PORTSKO-REKREACIJSKOG CENTRA \"COPACABANA\"<\/h2>\t\t\t\t<\/div>\n\t\t\t\t<div class=\"elementor-element elementor-element-d73c4c1 elementor-align-left elementor-widget__width-inherit elementor-mobile-align-left elementor-widget-mobile__width-inherit elementor-widget elementor-widget-button\" data-id=\"d73c4c1\" data-element_type=\"widget\" data-widget_type=\"button.default\">\n\t\t\t\t\t\t\t\t\t\t<a class=\"elementor-button elementor-button-link elementor-size-sm\" href=\"https:\/\/s-ce.hr\/projekti\/copacabana-osijek\/\">\n\t\t\t\t\t\t<span class=\"elementor-button-content-wrapper\">\n\t\t\t\t\t\t\t\t\t<span class=\"elementor-button-text\">Saznaj Vi\u0161e<\/span>\n\t\t\t\t\t<\/span>\n\t\t\t\t\t<\/a>\n\t\t\t\t\t\t\t\t<\/div>\n\t\t\t\t<\/div>\n\t\t\t\t\t<\/div>\n\t\t\t\t<\/div>\n\t\t\t\t\t\t\t\t<\/div>\n\t\t\t\t\t\t\t\t\t\t\t<div class=\"swiper-slide\" data-slide=\"3\" role=\"group\" aria-roledescription=\"slide\" aria-label=\"3 of 3\">\n\t\t\t\t\t\t\t<div class=\"elementor-element elementor-element-054b250 animated-slow e-flex e-con-boxed elementor-invisible e-con e-child\" data-id=\"054b250\" data-element_type=\"container\" data-settings=\"{&quot;background_background&quot;:&quot;classic&quot;,&quot;animation&quot;:&quot;fadeIn&quot;,&quot;animation_delay&quot;:500}\">\n\t\t\t\t\t<div class=\"e-con-inner\">\n\t\t<div class=\"elementor-element elementor-element-7832c66 e-con-full e-flex e-con e-child\" data-id=\"7832c66\" data-element_type=\"container\">\n\t\t\t\t<div class=\"elementor-element elementor-element-1f5c78c elementor-widget__width-initial elementor-widget elementor-widget-heading\" data-id=\"1f5c78c\" data-element_type=\"widget\" data-widget_type=\"heading.default\">\n\t\t\t\t\t<h2 class=\"elementor-heading-title elementor-size-default\">ENERGETSKA OBNOVA ZGRADE DR\u017dAVNOG ARHIVA OSIJEK\n<\/h2>\t\t\t\t<\/div>\n\t\t\t\t<div class=\"elementor-element elementor-element-e753cd0 elementor-align-left elementor-widget__width-inherit elementor-mobile-align-left elementor-widget elementor-widget-button\" data-id=\"e753cd0\" data-element_type=\"widget\" data-widget_type=\"button.default\">\n\t\t\t\t\t\t\t\t\t\t<a class=\"elementor-button elementor-button-link elementor-size-sm\" href=\"https:\/\/s-ce.hr\/projekti\/arhiv-osijek\/\">\n\t\t\t\t\t\t<span class=\"elementor-button-content-wrapper\">\n\t\t\t\t\t\t\t\t\t<span class=\"elementor-button-text\">Saznaj Vi\u0161e<\/span>\n\t\t\t\t\t<\/span>\n\t\t\t\t\t<\/a>\n\t\t\t\t\t\t\t\t<\/div>\n\t\t\t\t<\/div>\n\t\t\t\t\t<\/div>\n\t\t\t\t<\/div>\n\t\t\t\t\t\t\t\t<\/div>\n\t\t\t\t\t\t\t\t<\/div>\n\t\t<\/div>\n\t\t\t\t\t<div class=\"swiper-pagination\"><\/div>\n\t\t\t\t\t\t<\/div>\n\t\t\t\t\t<\/div>\n\t\t\t\t<\/div>\n\t\t\t\t<\/div>\n\t\t","protected":false},"excerpt":{"rendered":"<p>IZGRADNJA I. GIMNAZIJE U OSIJEKU Saznaj Vi\u0161e REKONSTRUKCIJA \u0160PORTSKO-REKREACIJSKOG CENTRA &#8220;COPACABANA&#8221; Saznaj Vi\u0161e ENERGETSKA OBNOVA ZGRADE DR\u017dAVNOG ARHIVA OSIJEK Saznaj Vi\u0161e IZGRADNJA I. GIMNAZIJE U OSIJEKU Saznaj Vi\u0161e REKONSTRUKCIJA \u0160PORTSKO-REKREACIJSKOG CENTRA &#8220;COPACABANA&#8221; Saznaj Vi\u0161e ENERGETSKA OBNOVA ZGRADE DR\u017dAVNOG ARHIVA OSIJEK Saznaj Vi\u0161e<\/p>","protected":false},"author":1,"featured_media":0,"parent":0,"menu_order":0,"comment_status":"closed","ping_status":"closed","template":"","meta":{"footnotes":""},"class_list":["post-180","page","type-page","status-publish","hentry"],"yoast_head":"<!-- This site is optimized with the Yoast SEO plugin v27.0 - https:\/\/yoast.com\/product\/yoast-seo-wordpress\/ -->\n<title>NASLOVNA - STRUCTURA<\/title>\n<meta name=\"robots\" content=\"index, follow, max-snippet:-1, max-image-preview:large, max-video-preview:-1\" \/>\n<link rel=\"canonical\" href=\"https:\/\/s-ce.hr\/en\/\" \/>\n<meta property=\"og:locale\" content=\"en_GB\" \/>\n<meta property=\"og:type\" content=\"article\" \/>\n<meta property=\"og:title\" content=\"NASLOVNA - STRUCTURA\" \/>\n<meta property=\"og:description\" content=\"IZGRADNJA I. GIMNAZIJE U OSIJEKU Saznaj Vi\u0161e REKONSTRUKCIJA \u0160PORTSKO-REKREACIJSKOG CENTRA &#8220;COPACABANA&#8221; Saznaj Vi\u0161e ENERGETSKA OBNOVA ZGRADE DR\u017dAVNOG ARHIVA OSIJEK Saznaj Vi\u0161e IZGRADNJA I. GIMNAZIJE U OSIJEKU Saznaj Vi\u0161e REKONSTRUKCIJA \u0160PORTSKO-REKREACIJSKOG CENTRA &#8220;COPACABANA&#8221; Saznaj Vi\u0161e ENERGETSKA OBNOVA ZGRADE DR\u017dAVNOG ARHIVA OSIJEK Saznaj Vi\u0161e\" \/>\n<meta property=\"og:url\" content=\"https:\/\/s-ce.hr\/en\/\" \/>\n<meta property=\"og:site_name\" content=\"STRUCTURA\" \/>\n<meta property=\"article:modified_time\" content=\"2026-01-26T16:44:57+00:00\" \/>\n<meta name=\"twitter:card\" content=\"summary_large_image\" \/>\n<script type=\"application\/ld+json\" class=\"yoast-schema-graph\">{\"@context\":\"https:\/\/schema.org\",\"@graph\":[{\"@type\":\"WebPage\",\"@id\":\"https:\/\/s-ce.hr\/\",\"url\":\"https:\/\/s-ce.hr\/\",\"name\":\"NASLOVNA - STRUCTURA\",\"isPartOf\":{\"@id\":\"https:\/\/s-ce.hr\/#website\"},\"datePublished\":\"2025-09-13T19:13:36+00:00\",\"dateModified\":\"2026-01-26T16:44:57+00:00\",\"breadcrumb\":{\"@id\":\"https:\/\/s-ce.hr\/#breadcrumb\"},\"inLanguage\":\"en-GB\",\"potentialAction\":[{\"@type\":\"ReadAction\",\"target\":[\"https:\/\/s-ce.hr\/\"]}]},{\"@type\":\"BreadcrumbList\",\"@id\":\"https:\/\/s-ce.hr\/#breadcrumb\",\"itemListElement\":[{\"@type\":\"ListItem\",\"position\":1,\"name\":\"Home\",\"item\":\"https:\/\/s-ce.hr\/\"},{\"@type\":\"ListItem\",\"position\":2,\"name\":\"NASLOVNA\"}]},{\"@type\":\"WebSite\",\"@id\":\"https:\/\/s-ce.hr\/#website\",\"url\":\"https:\/\/s-ce.hr\/\",\"name\":\"STRUCTURA Consulting&Engineering\",\"description\":\"Consulting &amp; Engineering\",\"publisher\":{\"@id\":\"https:\/\/s-ce.hr\/#organization\"},\"potentialAction\":[{\"@type\":\"SearchAction\",\"target\":{\"@type\":\"EntryPoint\",\"urlTemplate\":\"https:\/\/s-ce.hr\/?s={search_term_string}\"},\"query-input\":{\"@type\":\"PropertyValueSpecification\",\"valueRequired\":true,\"valueName\":\"search_term_string\"}}],\"inLanguage\":\"en-GB\"},{\"@type\":\"Organization\",\"@id\":\"https:\/\/s-ce.hr\/#organization\",\"name\":\"STRUCTURA Consulting&Engineering\",\"url\":\"https:\/\/s-ce.hr\/\",\"logo\":{\"@type\":\"ImageObject\",\"inLanguage\":\"en-GB\",\"@id\":\"https:\/\/s-ce.hr\/#\/schema\/logo\/image\/\",\"url\":\"https:\/\/s-ce.hr\/wp-content\/uploads\/2025\/09\/Structura-Logo-Box-RGB-01-e1757341507554.jpg\",\"contentUrl\":\"https:\/\/s-ce.hr\/wp-content\/uploads\/2025\/09\/Structura-Logo-Box-RGB-01-e1757341507554.jpg\",\"width\":492,\"height\":330,\"caption\":\"STRUCTURA Consulting&Engineering\"},\"image\":{\"@id\":\"https:\/\/s-ce.hr\/#\/schema\/logo\/image\/\"}}]}<\/script>\n<!-- \/ Yoast SEO plugin. -->","yoast_head_json":{"title":"NASLOVNA - STRUCTURA","robots":{"index":"index","follow":"follow","max-snippet":"max-snippet:-1","max-image-preview":"max-image-preview:large","max-video-preview":"max-video-preview:-1"},"canonical":"https:\/\/s-ce.hr\/en\/","og_locale":"en_GB","og_type":"article","og_title":"NASLOVNA - STRUCTURA","og_description":"IZGRADNJA I. GIMNAZIJE U OSIJEKU Saznaj Vi\u0161e REKONSTRUKCIJA \u0160PORTSKO-REKREACIJSKOG CENTRA &#8220;COPACABANA&#8221; Saznaj Vi\u0161e ENERGETSKA OBNOVA ZGRADE DR\u017dAVNOG ARHIVA OSIJEK Saznaj Vi\u0161e IZGRADNJA I. GIMNAZIJE U OSIJEKU Saznaj Vi\u0161e REKONSTRUKCIJA \u0160PORTSKO-REKREACIJSKOG CENTRA &#8220;COPACABANA&#8221; Saznaj Vi\u0161e ENERGETSKA OBNOVA ZGRADE DR\u017dAVNOG ARHIVA OSIJEK Saznaj Vi\u0161e","og_url":"https:\/\/s-ce.hr\/en\/","og_site_name":"STRUCTURA","article_modified_time":"2026-01-26T16:44:57+00:00","twitter_card":"summary_large_image","schema":{"@context":"https:\/\/schema.org","@graph":[{"@type":"WebPage","@id":"https:\/\/s-ce.hr\/","url":"https:\/\/s-ce.hr\/","name":"NASLOVNA - STRUCTURA","isPartOf":{"@id":"https:\/\/s-ce.hr\/#website"},"datePublished":"2025-09-13T19:13:36+00:00","dateModified":"2026-01-26T16:44:57+00:00","breadcrumb":{"@id":"https:\/\/s-ce.hr\/#breadcrumb"},"inLanguage":"en-GB","potentialAction":[{"@type":"ReadAction","target":["https:\/\/s-ce.hr\/"]}]},{"@type":"BreadcrumbList","@id":"https:\/\/s-ce.hr\/#breadcrumb","itemListElement":[{"@type":"ListItem","position":1,"name":"Home","item":"https:\/\/s-ce.hr\/"},{"@type":"ListItem","position":2,"name":"NASLOVNA"}]},{"@type":"WebSite","@id":"https:\/\/s-ce.hr\/#website","url":"https:\/\/s-ce.hr\/","name":"STRUCTURA Consulting&Engineering","description":"Consulting &amp; Engineering","publisher":{"@id":"https:\/\/s-ce.hr\/#organization"},"potentialAction":[{"@type":"SearchAction","target":{"@type":"EntryPoint","urlTemplate":"https:\/\/s-ce.hr\/?s={search_term_string}"},"query-input":{"@type":"PropertyValueSpecification","valueRequired":true,"valueName":"search_term_string"}}],"inLanguage":"en-GB"},{"@type":"Organization","@id":"https:\/\/s-ce.hr\/#organization","name":"STRUCTURA Consulting&Engineering","url":"https:\/\/s-ce.hr\/","logo":{"@type":"ImageObject","inLanguage":"en-GB","@id":"https:\/\/s-ce.hr\/#\/schema\/logo\/image\/","url":"https:\/\/s-ce.hr\/wp-content\/uploads\/2025\/09\/Structura-Logo-Box-RGB-01-e1757341507554.jpg","contentUrl":"https:\/\/s-ce.hr\/wp-content\/uploads\/2025\/09\/Structura-Logo-Box-RGB-01-e1757341507554.jpg","width":492,"height":330,"caption":"STRUCTURA Consulting&Engineering"},"image":{"@id":"https:\/\/s-ce.hr\/#\/schema\/logo\/image\/"}}]}},"_links":{"self":[{"href":"https:\/\/s-ce.hr\/en\/wp-json\/wp\/v2\/pages\/180","targetHints":{"allow":["GET"]}}],"collection":[{"href":"https:\/\/s-ce.hr\/en\/wp-json\/wp\/v2\/pages"}],"about":[{"href":"https:\/\/s-ce.hr\/en\/wp-json\/wp\/v2\/types\/page"}],"author":[{"embeddable":true,"href":"https:\/\/s-ce.hr\/en\/wp-json\/wp\/v2\/users\/1"}],"replies":[{"embeddable":true,"href":"https:\/\/s-ce.hr\/en\/wp-json\/wp\/v2\/comments?post=180"}],"version-history":[{"count":213,"href":"https:\/\/s-ce.hr\/en\/wp-json\/wp\/v2\/pages\/180\/revisions"}],"predecessor-version":[{"id":9806,"href":"https:\/\/s-ce.hr\/en\/wp-json\/wp\/v2\/pages\/180\/revisions\/9806"}],"wp:attachment":[{"href":"https:\/\/s-ce.hr\/en\/wp-json\/wp\/v2\/media?parent=180"}],"curies":[{"name":"wp","href":"https:\/\/api.w.org\/{rel}","templated":true}]}}